{"id":741058,"date":"2025-03-03T18:12:31","date_gmt":"2025-03-03T17:12:31","guid":{"rendered":"https:\/\/stoic-curie.212-227-153-4.plesk.page\/producto\/prirubnica-od-nehrdajuceg-celika-za-vetus-pumpe-38-mm\/"},"modified":"2026-02-25T00:00:50","modified_gmt":"2026-02-25T00:00:50","slug":"prirubnica-od-nehrdajuceg-celika-za-vetus-pumpe-38-mm","status":"publish","type":"product","link":"https:\/\/stoic-curie.212-227-153-4.plesk.page\/hr\/product\/prirubnica-od-nehrdajuceg-celika-za-vetus-pumpe-38-mm\/","title":{"rendered":"Prirubnica od nehr\u0111aju\u0107eg \u010delika za Vetus pumpe (38 mm)"},"content":{"rendered":"<p>Prirubnica od nehr\u0111aju\u0107eg \u010delika za Vetus pumpe (38 mm) &#8211; <\/p>\n<p>Dijelovi i dodaci za Vetus hidrauli\u010dke sustave upravljanja. Ventili za ne povrat koriste se i za dvostajali\u0161te. Urezane flan\u0161e su od nehr\u0111aju\u0107eg \u010delika i odgovaraju starim Vetus pumpama. By-Pass slavina montira se na hidrauli\u010dki sustav kako bi se do\u0161lo do kormila.<\/p>\n","protected":false},"excerpt":{"rendered":"<p>Prirubnica od nehr\u0111aju\u0107eg \u010delika za Vetus pumpe (38 mm) &#8211; Dijelovi i dodaci za Vetus hidrauli\u010dke sustave upravljanja. Ventili za<\/p>\n","protected":false},"featured_media":5940363,"comment_status":"open","ping_status":"closed","template":"","meta":[],"product_brand":[3521],"product_cat":[1823],"product_tag":[],"class_list":{"0":"post-741058","1":"product","2":"type-product","3":"status-publish","4":"has-post-thumbnail","6":"product_brand-vetus-hr","7":"product_cat-hidraulicno-kormilarenje","9":"first","10":"instock","11":"shipping-taxable","12":"purchasable","13":"product-type-simple"},"_links":{"self":[{"href":"https:\/\/stoic-curie.212-227-153-4.plesk.page\/hr\/wp-json\/wp\/v2\/product\/741058","targetHints":{"allow":["GET"]}}],"collection":[{"href":"https:\/\/stoic-curie.212-227-153-4.plesk.page\/hr\/wp-json\/wp\/v2\/product"}],"about":[{"href":"https:\/\/stoic-curie.212-227-153-4.plesk.page\/hr\/wp-json\/wp\/v2\/types\/product"}],"replies":[{"embeddable":true,"href":"https:\/\/stoic-curie.212-227-153-4.plesk.page\/hr\/wp-json\/wp\/v2\/comments?post=741058"}],"version-history":[{"count":0,"href":"https:\/\/stoic-curie.212-227-153-4.plesk.page\/hr\/wp-json\/wp\/v2\/product\/741058\/revisions"}],"wp:featuredmedia":[{"embeddable":true,"href":"https:\/\/stoic-curie.212-227-153-4.plesk.page\/hr\/wp-json\/wp\/v2\/media\/5940363"}],"wp:attachment":[{"href":"https:\/\/stoic-curie.212-227-153-4.plesk.page\/hr\/wp-json\/wp\/v2\/media?parent=741058"}],"wp:term":[{"taxonomy":"product_brand","embeddable":true,"href":"https:\/\/stoic-curie.212-227-153-4.plesk.page\/hr\/wp-json\/wp\/v2\/product_brand?post=741058"},{"taxonomy":"product_cat","embeddable":true,"href":"https:\/\/stoic-curie.212-227-153-4.plesk.page\/hr\/wp-json\/wp\/v2\/product_cat?post=741058"},{"taxonomy":"product_tag","embeddable":true,"href":"https:\/\/stoic-curie.212-227-153-4.plesk.page\/hr\/wp-json\/wp\/v2\/product_tag?post=741058"}],"curies":[{"name":"wp","href":"https:\/\/api.w.org\/{rel}","templated":true}]}}