{"id":741060,"date":"2025-03-03T18:12:31","date_gmt":"2025-03-03T17:12:31","guid":{"rendered":"https:\/\/stoic-curie.212-227-153-4.plesk.page\/producto\/hidraulicna-pumpa-kormila-vetus-htp3010r\/"},"modified":"2026-02-25T00:00:50","modified_gmt":"2026-02-25T00:00:50","slug":"hidraulicna-pumpa-kormila-vetus-htp3010r","status":"publish","type":"product","link":"https:\/\/stoic-curie.212-227-153-4.plesk.page\/hr\/product\/hidraulicna-pumpa-kormila-vetus-htp3010r\/","title":{"rendered":"Hidraulicna pumpa kormila Vetus HTP3010R"},"content":{"rendered":"<p>Hidraulicna pumpa kormila Vetus HTP3010R &#8211; <\/p>\n<p style=\"color: rgb(34, 34, 34); font-family: Arial, Helvetica, sans-serif; font-size: small;\">S ponosom predstavljamo novu kompaktni Vetus hidrauli\u010dnu pumpu za upravlja\u010d, posebno dizajniranu za kompatibilnost s Vetus cilindrima MTC52 &#8211; 125. Ova pumpa se odlikuje jednostavnim sustavom monta\u017ee s \u010detiri vijka na stra\u017enjoj strani i ima standardnu osovinu s konusom od 3\/4&#8243;.<\/p>\n<p style=\"color: rgb(34, 34, 34); font-family: Arial, Helvetica, sans-serif; font-size: small;\">Mo\u017ee se instalirati i koristiti pod bilo kojim kutom, horizontalno ili vertikalno.<\/p>\n<p style=\"color: rgb(34, 34, 34); font-family: Arial, Helvetica, sans-serif; font-size: small;\">Zna\u010dajke uklju\u010duju integrirani ventil za povratak i ventil za otpu\u0161tanje pritiska.<\/p>\n<p style=\"color: rgb(34, 34, 34); font-family: Arial, Helvetica, sans-serif; font-size: small;\">Svaka Vetus HTP pumpa je opremljena:<\/p>\n<ul style=\"color: rgb(34, 34, 34); font-family: Arial, Helvetica, sans-serif; font-size: small;\">\n<li>Elegantnom bijelom zavr\u0161nom obradom (RAL9002)<\/li>\n<li>10 mm kompresijskim priborom za pritisne cijevi i cijev za ravnote\u017eu<\/li>\n<li>Vijcima za u\u010dvr\u0161\u0107enje, maticama i \u0161ajbama<\/li>\n<li>Jednim ventiliranim punila\u010dkim \u010depom i jednim neventiliranim punila\u010dkim \u010depom<\/li>\n<\/ul>\n<p style=\"color: rgb(34, 34, 34); font-family: Arial, Helvetica, sans-serif; font-size: small;\"><strong>Tehni\u010dke specifikacije<\/strong><\/p>\n<ul style=\"color: rgb(34, 34, 34); font-family: Arial, Helvetica, sans-serif; font-size: small;\">\n<li>Kapacitet: 30,0 cm\u00b3\/rev<\/li>\n<li>Broj klipova: 5<\/li>\n<li>Te\u017eina: 4,1 kg<\/li>\n<\/ul>\n","protected":false},"excerpt":{"rendered":"<p>Hidraulicna pumpa kormila Vetus HTP3010R &#8211; S ponosom predstavljamo novu kompaktni Vetus hidrauli\u010dnu pumpu za upravlja\u010d, posebno dizajniranu za kompatibilnost<\/p>\n","protected":false},"featured_media":5940366,"comment_status":"open","ping_status":"closed","template":"","meta":[],"product_brand":[3521],"product_cat":[1823],"product_tag":[],"class_list":{"0":"post-741060","1":"product","2":"type-product","3":"status-publish","4":"has-post-thumbnail","6":"product_brand-vetus-hr","7":"product_cat-hidraulicno-kormilarenje","9":"first","10":"outofstock","11":"shipping-taxable","12":"purchasable","13":"product-type-simple"},"_links":{"self":[{"href":"https:\/\/stoic-curie.212-227-153-4.plesk.page\/hr\/wp-json\/wp\/v2\/product\/741060","targetHints":{"allow":["GET"]}}],"collection":[{"href":"https:\/\/stoic-curie.212-227-153-4.plesk.page\/hr\/wp-json\/wp\/v2\/product"}],"about":[{"href":"https:\/\/stoic-curie.212-227-153-4.plesk.page\/hr\/wp-json\/wp\/v2\/types\/product"}],"replies":[{"embeddable":true,"href":"https:\/\/stoic-curie.212-227-153-4.plesk.page\/hr\/wp-json\/wp\/v2\/comments?post=741060"}],"version-history":[{"count":0,"href":"https:\/\/stoic-curie.212-227-153-4.plesk.page\/hr\/wp-json\/wp\/v2\/product\/741060\/revisions"}],"wp:featuredmedia":[{"embeddable":true,"href":"https:\/\/stoic-curie.212-227-153-4.plesk.page\/hr\/wp-json\/wp\/v2\/media\/5940366"}],"wp:attachment":[{"href":"https:\/\/stoic-curie.212-227-153-4.plesk.page\/hr\/wp-json\/wp\/v2\/media?parent=741060"}],"wp:term":[{"taxonomy":"product_brand","embeddable":true,"href":"https:\/\/stoic-curie.212-227-153-4.plesk.page\/hr\/wp-json\/wp\/v2\/product_brand?post=741060"},{"taxonomy":"product_cat","embeddable":true,"href":"https:\/\/stoic-curie.212-227-153-4.plesk.page\/hr\/wp-json\/wp\/v2\/product_cat?post=741060"},{"taxonomy":"product_tag","embeddable":true,"href":"https:\/\/stoic-curie.212-227-153-4.plesk.page\/hr\/wp-json\/wp\/v2\/product_tag?post=741060"}],"curies":[{"name":"wp","href":"https:\/\/api.w.org\/{rel}","templated":true}]}}