{"id":741061,"date":"2025-03-03T18:12:31","date_gmt":"2025-03-03T17:12:31","guid":{"rendered":"https:\/\/stoic-curie.212-227-153-4.plesk.page\/producto\/broncano-kormilo-d11-za-brodove-od-7-do-9-metara\/"},"modified":"2026-02-25T00:00:50","modified_gmt":"2026-02-25T00:00:50","slug":"broncano-kormilo-d11-za-brodove-od-7-do-9-metara","status":"publish","type":"product","link":"https:\/\/stoic-curie.212-227-153-4.plesk.page\/hr\/product\/broncano-kormilo-d11-za-brodove-od-7-do-9-metara\/","title":{"rendered":"Bron\u010dana kormilna Tor Marine D11 415 x 340mm"},"content":{"rendered":"<p>Bron\u010dana kormilna Tor Marine D11 415 x 340mm &#8211; <\/p>\n<p>Ovaj komplet krmene o\u0161trice, koji dolazi s kormilom, dizajniran je za brodove du\u017eine do 12 metara. Va\u017eno je napomenuti da se mora koristiti s glavom krmila (ku\u0107i\u0161te krmene cijevi) kako bi pravilno funkcionirao.<\/p>\n<p>Bron\u010dana o\u0161trica dizajnirana je za postizanje brzina do 30 \u010dvorova. TOR Marine D11 bron\u010dani komplet krmene o\u0161trice nudi pouzdano i dugotrajno rje\u0161enje za upravljanje plovilima ove veli\u010dine. Izra\u0111en od vrhunske bronze, ovaj komplet jam\u010di izvanredne performanse i trajnost.<\/p>\n<p>Uz razne modele dostupne, svaki s razli\u010ditim veli\u010dinama i konfiguracijama krmenih o\u0161trica, ovaj sustav upravljanja osigurava precizno upravljanje i glatko djelovanje, \u010dak i u izazovnim uvjetima. Komplet dolazi s bitnim dijelovima, uklju\u010duju\u0107i krmenu peraju i krmenu kuglu, koji su klju\u010dni za u\u010dinkovito i pouzdano funkcioniranje sustava upravljanja va\u0161eg plovila.<\/p>\n","protected":false},"excerpt":{"rendered":"<p>Bron\u010dana kormilna Tor Marine D11 415 x 340mm &#8211; Ovaj komplet krmene o\u0161trice, koji dolazi s kormilom, dizajniran je za<\/p>\n","protected":false},"featured_media":5940369,"comment_status":"open","ping_status":"closed","template":"","meta":[],"product_brand":[2931],"product_cat":[1783],"product_tag":[],"class_list":{"0":"post-741061","1":"product","2":"type-product","3":"status-publish","4":"has-post-thumbnail","6":"product_brand-exalto-marine-hr","7":"product_cat-kormila","9":"first","10":"instock","11":"shipping-taxable","12":"purchasable","13":"product-type-simple"},"_links":{"self":[{"href":"https:\/\/stoic-curie.212-227-153-4.plesk.page\/hr\/wp-json\/wp\/v2\/product\/741061","targetHints":{"allow":["GET"]}}],"collection":[{"href":"https:\/\/stoic-curie.212-227-153-4.plesk.page\/hr\/wp-json\/wp\/v2\/product"}],"about":[{"href":"https:\/\/stoic-curie.212-227-153-4.plesk.page\/hr\/wp-json\/wp\/v2\/types\/product"}],"replies":[{"embeddable":true,"href":"https:\/\/stoic-curie.212-227-153-4.plesk.page\/hr\/wp-json\/wp\/v2\/comments?post=741061"}],"version-history":[{"count":0,"href":"https:\/\/stoic-curie.212-227-153-4.plesk.page\/hr\/wp-json\/wp\/v2\/product\/741061\/revisions"}],"wp:featuredmedia":[{"embeddable":true,"href":"https:\/\/stoic-curie.212-227-153-4.plesk.page\/hr\/wp-json\/wp\/v2\/media\/5940369"}],"wp:attachment":[{"href":"https:\/\/stoic-curie.212-227-153-4.plesk.page\/hr\/wp-json\/wp\/v2\/media?parent=741061"}],"wp:term":[{"taxonomy":"product_brand","embeddable":true,"href":"https:\/\/stoic-curie.212-227-153-4.plesk.page\/hr\/wp-json\/wp\/v2\/product_brand?post=741061"},{"taxonomy":"product_cat","embeddable":true,"href":"https:\/\/stoic-curie.212-227-153-4.plesk.page\/hr\/wp-json\/wp\/v2\/product_cat?post=741061"},{"taxonomy":"product_tag","embeddable":true,"href":"https:\/\/stoic-curie.212-227-153-4.plesk.page\/hr\/wp-json\/wp\/v2\/product_tag?post=741061"}],"curies":[{"name":"wp","href":"https:\/\/api.w.org\/{rel}","templated":true}]}}