{"id":741062,"date":"2025-03-03T18:12:32","date_gmt":"2025-03-03T17:12:32","guid":{"rendered":"https:\/\/stoic-curie.212-227-153-4.plesk.page\/producto\/broncano-kormilo-p7-za-brodove-od-7-do-9-metara\/"},"modified":"2026-02-25T00:00:50","modified_gmt":"2026-02-25T00:00:50","slug":"broncano-kormilo-p7-za-brodove-od-7-do-9-metara","status":"publish","type":"product","link":"https:\/\/stoic-curie.212-227-153-4.plesk.page\/hr\/product\/broncano-kormilo-p7-za-brodove-od-7-do-9-metara\/","title":{"rendered":"Broncano kormilo Tor Marine P7 450 x 200mm"},"content":{"rendered":"<p>Broncano kormilo Tor Marine P7 450 x 200mm &#8211; <\/p>\n<p style=\"color: rgb(34, 34, 34); font-family: Arial, Helvetica, sans-serif; font-size: small;\">Komplet krmila s kormilom za brodove do 9 metara<\/p>\n<p style=\"color: rgb(34, 34, 34); font-family: Arial, Helvetica, sans-serif; font-size: small;\">Ovaj komplet krmila, koji dolazi s kormilom, dizajniran je za brodice mjere do 9 metara u du\u017einu. Va\u017eno je napomenuti da se mora koristiti s glavom krmila (cijev za krmilo) radi optimalne funkcionalnosti.<\/p>\n<p style=\"color: rgb(34, 34, 34); font-family: Arial, Helvetica, sans-serif; font-size: small;\">Bron\u010dana krmila su projektirana da izdr\u017ee brzine do 30 \u010dvorova. TOR Marine P7 bron\u010dani komplet krmila nudi pouzdano i dugotrajno rje\u0161enje za upravljanje plovilima ove veli\u010dine. Izra\u0111en od visokokvalitetne bronze, ovaj komplet jam\u010di izvrsne performanse i dugovje\u010dnost.<\/p>\n<p style=\"color: rgb(34, 34, 34); font-family: Arial, Helvetica, sans-serif; font-size: small;\">Nudimo razne modele, svaki s razli\u010ditim veli\u010dinama i konfiguracijama krmila. Ovaj sustav upravljanja osigurava to\u010dno upravljanje i glatku funkciju, \u010dak i u izazovnim uvjetima. Komplet uklju\u010duje vitalne komponente, poput pera krmila i balerine krmila, koje su bitne za u\u010dinkovito i pouzdano funkcioniranje sustava upravljanja va\u0161eg broda.<\/p>\n","protected":false},"excerpt":{"rendered":"<p>Broncano kormilo Tor Marine P7 450 x 200mm &#8211; Komplet krmila s kormilom za brodove do 9 metara Ovaj komplet<\/p>\n","protected":false},"featured_media":5940371,"comment_status":"open","ping_status":"closed","template":"","meta":[],"product_brand":[2931],"product_cat":[1783],"product_tag":[],"class_list":{"0":"post-741062","1":"product","2":"type-product","3":"status-publish","4":"has-post-thumbnail","6":"product_brand-exalto-marine-hr","7":"product_cat-kormila","9":"first","10":"instock","11":"shipping-taxable","12":"purchasable","13":"product-type-simple"},"_links":{"self":[{"href":"https:\/\/stoic-curie.212-227-153-4.plesk.page\/hr\/wp-json\/wp\/v2\/product\/741062","targetHints":{"allow":["GET"]}}],"collection":[{"href":"https:\/\/stoic-curie.212-227-153-4.plesk.page\/hr\/wp-json\/wp\/v2\/product"}],"about":[{"href":"https:\/\/stoic-curie.212-227-153-4.plesk.page\/hr\/wp-json\/wp\/v2\/types\/product"}],"replies":[{"embeddable":true,"href":"https:\/\/stoic-curie.212-227-153-4.plesk.page\/hr\/wp-json\/wp\/v2\/comments?post=741062"}],"version-history":[{"count":0,"href":"https:\/\/stoic-curie.212-227-153-4.plesk.page\/hr\/wp-json\/wp\/v2\/product\/741062\/revisions"}],"wp:featuredmedia":[{"embeddable":true,"href":"https:\/\/stoic-curie.212-227-153-4.plesk.page\/hr\/wp-json\/wp\/v2\/media\/5940371"}],"wp:attachment":[{"href":"https:\/\/stoic-curie.212-227-153-4.plesk.page\/hr\/wp-json\/wp\/v2\/media?parent=741062"}],"wp:term":[{"taxonomy":"product_brand","embeddable":true,"href":"https:\/\/stoic-curie.212-227-153-4.plesk.page\/hr\/wp-json\/wp\/v2\/product_brand?post=741062"},{"taxonomy":"product_cat","embeddable":true,"href":"https:\/\/stoic-curie.212-227-153-4.plesk.page\/hr\/wp-json\/wp\/v2\/product_cat?post=741062"},{"taxonomy":"product_tag","embeddable":true,"href":"https:\/\/stoic-curie.212-227-153-4.plesk.page\/hr\/wp-json\/wp\/v2\/product_tag?post=741062"}],"curies":[{"name":"wp","href":"https:\/\/api.w.org\/{rel}","templated":true}]}}