{"id":741063,"date":"2025-03-03T18:12:32","date_gmt":"2025-03-03T17:12:32","guid":{"rendered":"https:\/\/stoic-curie.212-227-153-4.plesk.page\/producto\/broncani-list-kormila-p11-za-brodove-od-9-do-12-metara\/"},"modified":"2026-02-25T00:00:50","modified_gmt":"2026-02-25T00:00:50","slug":"broncani-list-kormila-p11-za-brodove-od-9-do-12-metara","status":"publish","type":"product","link":"https:\/\/stoic-curie.212-227-153-4.plesk.page\/hr\/product\/broncani-list-kormila-p11-za-brodove-od-9-do-12-metara\/","title":{"rendered":"Bron\u010dana kormila Tor Marine P11 520 x 260mm"},"content":{"rendered":"<p>Bron\u010dana kormila Tor Marine P11 520 x 260mm &#8211; <\/p>\n<p>Ovaj sveobuhvatni paket krmenog kraka uklju\u010duje i kormilo i dizajniran je za kori\u0161tenje s \u010damcima du\u017eine do 12 metara. Va\u017eno je imati na umu da je za potpuno sastavljanje potrebna glava kormila, koja je tako\u0111er poznata kao ku\u0107i\u0161te cijevi kormila. Konstrukcija od bron\u010danog kraka osigurava trajnost i \u010dvrsto\u0107u, \u0161to omogu\u0107ava podno\u0161enje brzina do 23 \u010dvora. To ga \u010dini odli\u010dnim izborom za ljubitelje \u010damaca koji tra\u017ee pouzdanost i kvalitetu u svom morskom priboru. Osigurajte da imate sve potrebne komponente za optimalnu funkcionalnost i sigurnost na vodi.<\/p>\n","protected":false},"excerpt":{"rendered":"<p>Bron\u010dana kormila Tor Marine P11 520 x 260mm &#8211; Ovaj sveobuhvatni paket krmenog kraka uklju\u010duje i kormilo i dizajniran je<\/p>\n","protected":false},"featured_media":5940373,"comment_status":"open","ping_status":"closed","template":"","meta":[],"product_brand":[2931],"product_cat":[1783],"product_tag":[],"class_list":{"0":"post-741063","1":"product","2":"type-product","3":"status-publish","4":"has-post-thumbnail","6":"product_brand-exalto-marine-hr","7":"product_cat-kormila","9":"first","10":"outofstock","11":"shipping-taxable","12":"purchasable","13":"product-type-simple"},"_links":{"self":[{"href":"https:\/\/stoic-curie.212-227-153-4.plesk.page\/hr\/wp-json\/wp\/v2\/product\/741063","targetHints":{"allow":["GET"]}}],"collection":[{"href":"https:\/\/stoic-curie.212-227-153-4.plesk.page\/hr\/wp-json\/wp\/v2\/product"}],"about":[{"href":"https:\/\/stoic-curie.212-227-153-4.plesk.page\/hr\/wp-json\/wp\/v2\/types\/product"}],"replies":[{"embeddable":true,"href":"https:\/\/stoic-curie.212-227-153-4.plesk.page\/hr\/wp-json\/wp\/v2\/comments?post=741063"}],"version-history":[{"count":0,"href":"https:\/\/stoic-curie.212-227-153-4.plesk.page\/hr\/wp-json\/wp\/v2\/product\/741063\/revisions"}],"wp:featuredmedia":[{"embeddable":true,"href":"https:\/\/stoic-curie.212-227-153-4.plesk.page\/hr\/wp-json\/wp\/v2\/media\/5940373"}],"wp:attachment":[{"href":"https:\/\/stoic-curie.212-227-153-4.plesk.page\/hr\/wp-json\/wp\/v2\/media?parent=741063"}],"wp:term":[{"taxonomy":"product_brand","embeddable":true,"href":"https:\/\/stoic-curie.212-227-153-4.plesk.page\/hr\/wp-json\/wp\/v2\/product_brand?post=741063"},{"taxonomy":"product_cat","embeddable":true,"href":"https:\/\/stoic-curie.212-227-153-4.plesk.page\/hr\/wp-json\/wp\/v2\/product_cat?post=741063"},{"taxonomy":"product_tag","embeddable":true,"href":"https:\/\/stoic-curie.212-227-153-4.plesk.page\/hr\/wp-json\/wp\/v2\/product_tag?post=741063"}],"curies":[{"name":"wp","href":"https:\/\/api.w.org\/{rel}","templated":true}]}}