{"id":741064,"date":"2025-03-03T18:12:32","date_gmt":"2025-03-03T17:12:32","guid":{"rendered":"https:\/\/stoic-curie.212-227-153-4.plesk.page\/producto\/broncani-list-kormila-p13-za-brodove-od-9-do-12-metara\/"},"modified":"2026-02-25T00:00:50","modified_gmt":"2026-02-25T00:00:50","slug":"broncani-list-kormila-p13-za-brodove-od-9-do-12-metara","status":"publish","type":"product","link":"https:\/\/stoic-curie.212-227-153-4.plesk.page\/hr\/product\/broncani-list-kormila-p13-za-brodove-od-9-do-12-metara\/","title":{"rendered":"Bron\u010dani Kormilo Tor Marine P13 570 x 280mm"},"content":{"rendered":"<p>Bron\u010dani Kormilo Tor Marine P13 570 x 280mm &#8211; <\/p>\n<p>Bron\u010dana krma Tor Marine P13 je izvanredan izbor za zaljubljenike u brodove, s dimenzijama od 570 x 280 mm. Ova potpuno sastavljena krmna o\u0161trica dolazi s kormilom, \u0161to je odmah \u010dini spremnom za ugradnju. Posebno je osmi\u0161ljena za plovila duljine do 15 metara, osiguravaju\u0107i kompatibilnost s \u0161irokim spektrom \u010damaca. Me\u0111utim, va\u017eno je napomenuti da je potrebna glava krme, poznata i kao ku\u0107i\u0161te za krmu, za potpuno sastavljanje i optimalne performanse. Izra\u0111ena od visokokvalitetnog bronce, ova krmna o\u0161trica projektirana je da efikasno radi pri brzinama do 20 \u010dvorova, \u010dime osigurava izdr\u017eljivost i pouzdanost na vodi. Ovo je izvrstan dodatak va\u0161oj opremi za plovidbu.<\/p>\n","protected":false},"excerpt":{"rendered":"<p>Bron\u010dani Kormilo Tor Marine P13 570 x 280mm &#8211; Bron\u010dana krma Tor Marine P13 je izvanredan izbor za zaljubljenike u<\/p>\n","protected":false},"featured_media":5940375,"comment_status":"open","ping_status":"closed","template":"","meta":[],"product_brand":[2931],"product_cat":[1783],"product_tag":[],"class_list":{"0":"post-741064","1":"product","2":"type-product","3":"status-publish","4":"has-post-thumbnail","6":"product_brand-exalto-marine-hr","7":"product_cat-kormila","9":"first","10":"instock","11":"shipping-taxable","12":"purchasable","13":"product-type-simple"},"_links":{"self":[{"href":"https:\/\/stoic-curie.212-227-153-4.plesk.page\/hr\/wp-json\/wp\/v2\/product\/741064","targetHints":{"allow":["GET"]}}],"collection":[{"href":"https:\/\/stoic-curie.212-227-153-4.plesk.page\/hr\/wp-json\/wp\/v2\/product"}],"about":[{"href":"https:\/\/stoic-curie.212-227-153-4.plesk.page\/hr\/wp-json\/wp\/v2\/types\/product"}],"replies":[{"embeddable":true,"href":"https:\/\/stoic-curie.212-227-153-4.plesk.page\/hr\/wp-json\/wp\/v2\/comments?post=741064"}],"version-history":[{"count":0,"href":"https:\/\/stoic-curie.212-227-153-4.plesk.page\/hr\/wp-json\/wp\/v2\/product\/741064\/revisions"}],"wp:featuredmedia":[{"embeddable":true,"href":"https:\/\/stoic-curie.212-227-153-4.plesk.page\/hr\/wp-json\/wp\/v2\/media\/5940375"}],"wp:attachment":[{"href":"https:\/\/stoic-curie.212-227-153-4.plesk.page\/hr\/wp-json\/wp\/v2\/media?parent=741064"}],"wp:term":[{"taxonomy":"product_brand","embeddable":true,"href":"https:\/\/stoic-curie.212-227-153-4.plesk.page\/hr\/wp-json\/wp\/v2\/product_brand?post=741064"},{"taxonomy":"product_cat","embeddable":true,"href":"https:\/\/stoic-curie.212-227-153-4.plesk.page\/hr\/wp-json\/wp\/v2\/product_cat?post=741064"},{"taxonomy":"product_tag","embeddable":true,"href":"https:\/\/stoic-curie.212-227-153-4.plesk.page\/hr\/wp-json\/wp\/v2\/product_tag?post=741064"}],"curies":[{"name":"wp","href":"https:\/\/api.w.org\/{rel}","templated":true}]}}