{"id":741076,"date":"2025-03-03T18:12:35","date_gmt":"2025-03-03T17:12:35","guid":{"rendered":"https:\/\/stoic-curie.212-227-153-4.plesk.page\/producto\/zaslon-osjetljiv-na-dodir-vetus-bpse2\/"},"modified":"2026-02-25T00:00:50","modified_gmt":"2026-02-25T00:00:50","slug":"zaslon-osjetljiv-na-dodir-vetus-bpse2","status":"publish","type":"product","link":"https:\/\/stoic-curie.212-227-153-4.plesk.page\/hr\/product\/zaslon-osjetljiv-na-dodir-vetus-bpse2\/","title":{"rendered":"Zaslon osjetljiv na dodir Vetus BPSE2"},"content":{"rendered":"<p>Zaslon osjetljiv na dodir Vetus BPSE2 &#8211; <\/p>\n<p>Vetus vodootporne 12\/24V pojedina\u010dne kontrolne plo\u010de. BPSE2: ravna plo\u010da za sprje\u010davanje zaplitanja \u017eica, idealna za jedrilice. BPAS: ravna aluminijska plo\u010da s vremenskim osjetnicima na dodir. BPSR: ravna okrugla plo\u010da s vremenskim osjetnicima na dodir. BPJE2: plo\u010da s vremenskim joystickom i alarmom. BPJR: okrugla plo\u010da s vremenskim joystickom i alarmom.<\/p>\n","protected":false},"excerpt":{"rendered":"<p>Zaslon osjetljiv na dodir Vetus BPSE2 &#8211; Vetus vodootporne 12\/24V pojedina\u010dne kontrolne plo\u010de. BPSE2: ravna plo\u010da za sprje\u010davanje zaplitanja \u017eica,<\/p>\n","protected":false},"featured_media":5940398,"comment_status":"open","ping_status":"closed","template":"","meta":[],"product_brand":[3521],"product_cat":[1609],"product_tag":[],"class_list":{"0":"post-741076","1":"product","2":"type-product","3":"status-publish","4":"has-post-thumbnail","6":"product_brand-vetus-hr","7":"product_cat-pramcani-potisnici-vetus","9":"first","10":"instock","11":"shipping-taxable","12":"purchasable","13":"product-type-simple"},"_links":{"self":[{"href":"https:\/\/stoic-curie.212-227-153-4.plesk.page\/hr\/wp-json\/wp\/v2\/product\/741076","targetHints":{"allow":["GET"]}}],"collection":[{"href":"https:\/\/stoic-curie.212-227-153-4.plesk.page\/hr\/wp-json\/wp\/v2\/product"}],"about":[{"href":"https:\/\/stoic-curie.212-227-153-4.plesk.page\/hr\/wp-json\/wp\/v2\/types\/product"}],"replies":[{"embeddable":true,"href":"https:\/\/stoic-curie.212-227-153-4.plesk.page\/hr\/wp-json\/wp\/v2\/comments?post=741076"}],"version-history":[{"count":0,"href":"https:\/\/stoic-curie.212-227-153-4.plesk.page\/hr\/wp-json\/wp\/v2\/product\/741076\/revisions"}],"wp:featuredmedia":[{"embeddable":true,"href":"https:\/\/stoic-curie.212-227-153-4.plesk.page\/hr\/wp-json\/wp\/v2\/media\/5940398"}],"wp:attachment":[{"href":"https:\/\/stoic-curie.212-227-153-4.plesk.page\/hr\/wp-json\/wp\/v2\/media?parent=741076"}],"wp:term":[{"taxonomy":"product_brand","embeddable":true,"href":"https:\/\/stoic-curie.212-227-153-4.plesk.page\/hr\/wp-json\/wp\/v2\/product_brand?post=741076"},{"taxonomy":"product_cat","embeddable":true,"href":"https:\/\/stoic-curie.212-227-153-4.plesk.page\/hr\/wp-json\/wp\/v2\/product_cat?post=741076"},{"taxonomy":"product_tag","embeddable":true,"href":"https:\/\/stoic-curie.212-227-153-4.plesk.page\/hr\/wp-json\/wp\/v2\/product_tag?post=741076"}],"curies":[{"name":"wp","href":"https:\/\/api.w.org\/{rel}","templated":true}]}}