{"id":741081,"date":"2025-03-03T18:12:36","date_gmt":"2025-03-03T17:12:36","guid":{"rendered":"https:\/\/stoic-curie.212-227-153-4.plesk.page\/producto\/zaslon-osjetljiv-na-dodir-quick-tcd-1022\/"},"modified":"2026-02-25T00:00:50","modified_gmt":"2026-02-25T00:00:50","slug":"zaslon-osjetljiv-na-dodir-quick-tcd-1022","status":"publish","type":"product","link":"https:\/\/stoic-curie.212-227-153-4.plesk.page\/hr\/product\/zaslon-osjetljiv-na-dodir-quick-tcd-1022\/","title":{"rendered":"Zaslon osjetljiv na dodir Quick TCD 2022"},"content":{"rendered":"<p>Zaslon osjetljiv na dodir Quick TCD 2022 &#8211; <\/p>\n<p style=\"color: rgb(34, 34, 34); font-family: Arial, Helvetica, sans-serif; font-size: small;\">Sistemi daljinskog upravljanja serije TCD posebno su dizajnirani za upravljanje krmenim i pram\u010danim potisnicima proizvo\u0111a\u010da Quick\u00ae. Ove kontrolne plo\u010de imaju tipke ili joysticke za upravljanje propelerima pram\u010danog potisnika.<\/p>\n<p style=\"color: rgb(34, 34, 34); font-family: Arial, Helvetica, sans-serif; font-size: small;\">Klju\u010dne zna\u010dajke uklju\u010duju:<\/p>\n<ul style=\"color: rgb(34, 34, 34); font-family: Arial, Helvetica, sans-serif; font-size: small;\">\n<li>Pojednostavljena i intuitivna korisni\u010dka su\u010delja.<\/li>\n<li>Univerzalno napajanje koje radi na 8-30 Vdc.<\/li>\n<li>Mogu\u0107nost povezivanja vi\u0161e TCD kontrola paralelno.<\/li>\n<li>Jednostavna instalacija s 2-\u017ei\u010dnim konektorom (opcionalne ekstenzije dostupne).<\/li>\n<li>Automatski prioritetni sustav i isklju\u010divanje funkcije.<\/li>\n<li>Za\u0161tita od obrnute polariteta, kratkih spojeva, produ\u017eenih aktivnosti motora i prekida u kontrolnom o\u017ei\u010denju potisnika.<\/li>\n<\/ul>\n<p style=\"color: rgb(34, 34, 34); font-family: Arial, Helvetica, sans-serif; font-size: small;\">TCD 2022 kontrolna plo\u010da osmi\u0161ljena je za upravljanje BTQ pram\u010danim potisnikom uz pomo\u0107 tipki.<\/p>\n<p style=\"color: rgb(34, 34, 34); font-family: Arial, Helvetica, sans-serif; font-size: small;\">Dodatne prednosti daljinskih upravlja\u010da TCD serije uklju\u010duju:<\/p>\n<ul style=\"color: rgb(34, 34, 34); font-family: Arial, Helvetica, sans-serif; font-size: small;\">\n<li>Korisni\u010dko su\u010delje prilago\u0111eno korisnicima.<\/li>\n<li>Univerzalno napajanje koje radi s 12\/24 Vdc.<\/li>\n<li>Funkcionalnost u \u0161irokom rasponu temperatura okoline.<\/li>\n<li>Mogu\u0107nost povezivanja vi\u0161e TCD kontrola paralelno.<\/li>\n<li>Jednostavna instalacija pomo\u0107u 2-\u017ei\u010dnog konektora (opcionalne ekstenzije dostupne).<\/li>\n<li>Automatski prioritetni sustav.<\/li>\n<li>Automatska funkcija isklju\u010divanja.<\/li>\n<li>Za\u0161tita od obrnute polariteta, kratkih spojeva, produ\u017eenih aktivnosti motora i prekida u kontrolnom o\u017ei\u010denju.<\/li>\n<li>Akusti\u010dni signali koji se mogu isklju\u010diti ako je to potrebno.<\/li>\n<\/ul>\n","protected":false},"excerpt":{"rendered":"<p>Zaslon osjetljiv na dodir Quick TCD 2022 &#8211; Sistemi daljinskog upravljanja serije TCD posebno su dizajnirani za upravljanje krmenim i<\/p>\n","protected":false},"featured_media":5940407,"comment_status":"open","ping_status":"closed","template":"","meta":[],"product_brand":[3281],"product_cat":[1610],"product_tag":[],"class_list":{"0":"post-741081","1":"product","2":"type-product","3":"status-publish","4":"has-post-thumbnail","6":"product_brand-quick-hr","7":"product_cat-pramcani-potisnici-quick","9":"first","10":"instock","11":"shipping-taxable","12":"purchasable","13":"product-type-simple"},"_links":{"self":[{"href":"https:\/\/stoic-curie.212-227-153-4.plesk.page\/hr\/wp-json\/wp\/v2\/product\/741081","targetHints":{"allow":["GET"]}}],"collection":[{"href":"https:\/\/stoic-curie.212-227-153-4.plesk.page\/hr\/wp-json\/wp\/v2\/product"}],"about":[{"href":"https:\/\/stoic-curie.212-227-153-4.plesk.page\/hr\/wp-json\/wp\/v2\/types\/product"}],"replies":[{"embeddable":true,"href":"https:\/\/stoic-curie.212-227-153-4.plesk.page\/hr\/wp-json\/wp\/v2\/comments?post=741081"}],"version-history":[{"count":0,"href":"https:\/\/stoic-curie.212-227-153-4.plesk.page\/hr\/wp-json\/wp\/v2\/product\/741081\/revisions"}],"wp:featuredmedia":[{"embeddable":true,"href":"https:\/\/stoic-curie.212-227-153-4.plesk.page\/hr\/wp-json\/wp\/v2\/media\/5940407"}],"wp:attachment":[{"href":"https:\/\/stoic-curie.212-227-153-4.plesk.page\/hr\/wp-json\/wp\/v2\/media?parent=741081"}],"wp:term":[{"taxonomy":"product_brand","embeddable":true,"href":"https:\/\/stoic-curie.212-227-153-4.plesk.page\/hr\/wp-json\/wp\/v2\/product_brand?post=741081"},{"taxonomy":"product_cat","embeddable":true,"href":"https:\/\/stoic-curie.212-227-153-4.plesk.page\/hr\/wp-json\/wp\/v2\/product_cat?post=741081"},{"taxonomy":"product_tag","embeddable":true,"href":"https:\/\/stoic-curie.212-227-153-4.plesk.page\/hr\/wp-json\/wp\/v2\/product_tag?post=741081"}],"curies":[{"name":"wp","href":"https:\/\/api.w.org\/{rel}","templated":true}]}}