{"id":741082,"date":"2025-03-03T18:12:36","date_gmt":"2025-03-03T17:12:36","guid":{"rendered":"https:\/\/stoic-curie.212-227-153-4.plesk.page\/producto\/panel-sa-dvostrukim-joystickom-quick-tcd-1044\/"},"modified":"2026-02-25T00:00:50","modified_gmt":"2026-02-25T00:00:50","slug":"panel-sa-dvostrukim-joystickom-quick-tcd-1044","status":"publish","type":"product","link":"https:\/\/stoic-curie.212-227-153-4.plesk.page\/hr\/product\/panel-sa-dvostrukim-joystickom-quick-tcd-1044\/","title":{"rendered":"Panel sa dvostrukim joystickom Quick TCD 1044"},"content":{"rendered":"<p>Panel sa dvostrukim joystickom Quick TCD 1044 &#8211; <\/p>\n<p>TCD Brza kontrolna plo\u010da s tipkama ili joystickovima za upravljanje propelerima na pramcu. Jednostavno i intuitivno korisni\u010dko su\u010delje. Univerzalno napajanje 8-30 Vdc. Mogu\u0107nost povezivanja vi\u0161e TCD kontrola paralelno. Lako se instalira zahvaljuju\u0107i 2-\u017ei\u010dnom konektoru (opcionalna pro\u0161irenja). Automatski prioritetni sustav i onemogu\u0107avanje. Za\u0161tita od obrnute polaritete, kratkog spoja na izlazu, dugotrajne aktivacije motora i prekida o\u017ei\u010denja kontrole propelera.<\/p>\n","protected":false},"excerpt":{"rendered":"<p>Panel sa dvostrukim joystickom Quick TCD 1044 &#8211; TCD Brza kontrolna plo\u010da s tipkama ili joystickovima za upravljanje propelerima na<\/p>\n","protected":false},"featured_media":5940408,"comment_status":"open","ping_status":"closed","template":"","meta":[],"product_brand":[3281],"product_cat":[1610],"product_tag":[],"class_list":{"0":"post-741082","1":"product","2":"type-product","3":"status-publish","4":"has-post-thumbnail","6":"product_brand-quick-hr","7":"product_cat-pramcani-potisnici-quick","9":"first","10":"instock","11":"shipping-taxable","12":"purchasable","13":"product-type-simple"},"_links":{"self":[{"href":"https:\/\/stoic-curie.212-227-153-4.plesk.page\/hr\/wp-json\/wp\/v2\/product\/741082","targetHints":{"allow":["GET"]}}],"collection":[{"href":"https:\/\/stoic-curie.212-227-153-4.plesk.page\/hr\/wp-json\/wp\/v2\/product"}],"about":[{"href":"https:\/\/stoic-curie.212-227-153-4.plesk.page\/hr\/wp-json\/wp\/v2\/types\/product"}],"replies":[{"embeddable":true,"href":"https:\/\/stoic-curie.212-227-153-4.plesk.page\/hr\/wp-json\/wp\/v2\/comments?post=741082"}],"version-history":[{"count":0,"href":"https:\/\/stoic-curie.212-227-153-4.plesk.page\/hr\/wp-json\/wp\/v2\/product\/741082\/revisions"}],"wp:featuredmedia":[{"embeddable":true,"href":"https:\/\/stoic-curie.212-227-153-4.plesk.page\/hr\/wp-json\/wp\/v2\/media\/5940408"}],"wp:attachment":[{"href":"https:\/\/stoic-curie.212-227-153-4.plesk.page\/hr\/wp-json\/wp\/v2\/media?parent=741082"}],"wp:term":[{"taxonomy":"product_brand","embeddable":true,"href":"https:\/\/stoic-curie.212-227-153-4.plesk.page\/hr\/wp-json\/wp\/v2\/product_brand?post=741082"},{"taxonomy":"product_cat","embeddable":true,"href":"https:\/\/stoic-curie.212-227-153-4.plesk.page\/hr\/wp-json\/wp\/v2\/product_cat?post=741082"},{"taxonomy":"product_tag","embeddable":true,"href":"https:\/\/stoic-curie.212-227-153-4.plesk.page\/hr\/wp-json\/wp\/v2\/product_tag?post=741082"}],"curies":[{"name":"wp","href":"https:\/\/api.w.org\/{rel}","templated":true}]}}