{"id":741088,"date":"2025-03-03T18:12:38","date_gmt":"2025-03-03T17:12:38","guid":{"rendered":"https:\/\/stoic-curie.212-227-153-4.plesk.page\/producto\/sachs-7-prigusni-diskcrvene-opruge-336mm\/"},"modified":"2026-02-25T00:00:50","modified_gmt":"2026-02-25T00:00:50","slug":"sachs-7-prigusni-diskcrvene-opruge-336mm","status":"publish","type":"product","link":"https:\/\/stoic-curie.212-227-153-4.plesk.page\/hr\/product\/sachs-7-prigusni-diskcrvene-opruge-336mm\/","title":{"rendered":"Sachs 7 prigu\u0161ni disk(crvene opruge) 336mm"},"content":{"rendered":"<p>Sachs 7 prigu\u0161ni disk(crvene opruge) 336mm &#8211; <\/p>\n<p>Crvene mekane opruge Sachs plo\u010da amortizera za mjenja\u010de Twin Disc\/Technodrive \u2013 Warner &#8211; Hurth itd.<\/p>\n","protected":false},"excerpt":{"rendered":"<p>Sachs 7 prigu\u0161ni disk(crvene opruge) 336mm &#8211; Crvene mekane opruge Sachs plo\u010da amortizera za mjenja\u010de Twin Disc\/Technodrive \u2013 Warner &#8211;<\/p>\n","protected":false},"featured_media":5940418,"comment_status":"open","ping_status":"closed","template":"","meta":[],"product_brand":[3296],"product_cat":[1789],"product_tag":[],"class_list":{"0":"post-741088","1":"product","2":"type-product","3":"status-publish","4":"has-post-thumbnail","6":"product_brand-rd-marine-hr","7":"product_cat-prigusivac-i-spojnice","9":"first","10":"outofstock","11":"shipping-taxable","12":"purchasable","13":"product-type-simple"},"_links":{"self":[{"href":"https:\/\/stoic-curie.212-227-153-4.plesk.page\/hr\/wp-json\/wp\/v2\/product\/741088","targetHints":{"allow":["GET"]}}],"collection":[{"href":"https:\/\/stoic-curie.212-227-153-4.plesk.page\/hr\/wp-json\/wp\/v2\/product"}],"about":[{"href":"https:\/\/stoic-curie.212-227-153-4.plesk.page\/hr\/wp-json\/wp\/v2\/types\/product"}],"replies":[{"embeddable":true,"href":"https:\/\/stoic-curie.212-227-153-4.plesk.page\/hr\/wp-json\/wp\/v2\/comments?post=741088"}],"version-history":[{"count":0,"href":"https:\/\/stoic-curie.212-227-153-4.plesk.page\/hr\/wp-json\/wp\/v2\/product\/741088\/revisions"}],"wp:featuredmedia":[{"embeddable":true,"href":"https:\/\/stoic-curie.212-227-153-4.plesk.page\/hr\/wp-json\/wp\/v2\/media\/5940418"}],"wp:attachment":[{"href":"https:\/\/stoic-curie.212-227-153-4.plesk.page\/hr\/wp-json\/wp\/v2\/media?parent=741088"}],"wp:term":[{"taxonomy":"product_brand","embeddable":true,"href":"https:\/\/stoic-curie.212-227-153-4.plesk.page\/hr\/wp-json\/wp\/v2\/product_brand?post=741088"},{"taxonomy":"product_cat","embeddable":true,"href":"https:\/\/stoic-curie.212-227-153-4.plesk.page\/hr\/wp-json\/wp\/v2\/product_cat?post=741088"},{"taxonomy":"product_tag","embeddable":true,"href":"https:\/\/stoic-curie.212-227-153-4.plesk.page\/hr\/wp-json\/wp\/v2\/product_tag?post=741088"}],"curies":[{"name":"wp","href":"https:\/\/api.w.org\/{rel}","templated":true}]}}