{"id":741091,"date":"2025-03-03T18:12:39","date_gmt":"2025-03-03T17:12:39","guid":{"rendered":"https:\/\/stoic-curie.212-227-153-4.plesk.page\/producto\/prigusni-disk-za-kopcu-rd-marine-155mm-26-zubi\/"},"modified":"2026-02-25T00:00:50","modified_gmt":"2026-02-25T00:00:50","slug":"prigusni-disk-za-kopcu-rd-marine-155mm-26-zubi","status":"publish","type":"product","link":"https:\/\/stoic-curie.212-227-153-4.plesk.page\/hr\/product\/prigusni-disk-za-kopcu-rd-marine-155mm-26-zubi\/","title":{"rendered":"Prigu\u0161ni disk za kop\u010du R&#038;D marine 155mm 26 zubi"},"content":{"rendered":"<p>Prigu\u0161ni disk za kop\u010du R&#038;D marine 155mm 26 zubi &#8211; <\/p>\n<p>Amortizeri za mjenja\u010de Twin Disc\/Technodrive \u2013 Warner &#8211; Hurth itd.<\/p>\n","protected":false},"excerpt":{"rendered":"<p>Prigu\u0161ni disk za kop\u010du R&#038;D marine 155mm 26 zubi &#8211; Amortizeri za mjenja\u010de Twin Disc\/Technodrive \u2013 Warner &#8211; Hurth itd.<\/p>\n","protected":false},"featured_media":5940423,"comment_status":"open","ping_status":"closed","template":"","meta":[],"product_brand":[3296],"product_cat":[1789],"product_tag":[],"class_list":{"0":"post-741091","1":"product","2":"type-product","3":"status-publish","4":"has-post-thumbnail","6":"product_brand-rd-marine-hr","7":"product_cat-prigusivac-i-spojnice","9":"first","10":"instock","11":"shipping-taxable","12":"purchasable","13":"product-type-simple"},"_links":{"self":[{"href":"https:\/\/stoic-curie.212-227-153-4.plesk.page\/hr\/wp-json\/wp\/v2\/product\/741091","targetHints":{"allow":["GET"]}}],"collection":[{"href":"https:\/\/stoic-curie.212-227-153-4.plesk.page\/hr\/wp-json\/wp\/v2\/product"}],"about":[{"href":"https:\/\/stoic-curie.212-227-153-4.plesk.page\/hr\/wp-json\/wp\/v2\/types\/product"}],"replies":[{"embeddable":true,"href":"https:\/\/stoic-curie.212-227-153-4.plesk.page\/hr\/wp-json\/wp\/v2\/comments?post=741091"}],"version-history":[{"count":0,"href":"https:\/\/stoic-curie.212-227-153-4.plesk.page\/hr\/wp-json\/wp\/v2\/product\/741091\/revisions"}],"wp:featuredmedia":[{"embeddable":true,"href":"https:\/\/stoic-curie.212-227-153-4.plesk.page\/hr\/wp-json\/wp\/v2\/media\/5940423"}],"wp:attachment":[{"href":"https:\/\/stoic-curie.212-227-153-4.plesk.page\/hr\/wp-json\/wp\/v2\/media?parent=741091"}],"wp:term":[{"taxonomy":"product_brand","embeddable":true,"href":"https:\/\/stoic-curie.212-227-153-4.plesk.page\/hr\/wp-json\/wp\/v2\/product_brand?post=741091"},{"taxonomy":"product_cat","embeddable":true,"href":"https:\/\/stoic-curie.212-227-153-4.plesk.page\/hr\/wp-json\/wp\/v2\/product_cat?post=741091"},{"taxonomy":"product_tag","embeddable":true,"href":"https:\/\/stoic-curie.212-227-153-4.plesk.page\/hr\/wp-json\/wp\/v2\/product_tag?post=741091"}],"curies":[{"name":"wp","href":"https:\/\/api.w.org\/{rel}","templated":true}]}}