{"id":741099,"date":"2025-03-03T18:12:40","date_gmt":"2025-03-03T17:12:40","guid":{"rendered":"https:\/\/stoic-curie.212-227-153-4.plesk.page\/producto\/fleksibilna-spojka-vetus-6-d25\/"},"modified":"2026-02-25T00:00:50","modified_gmt":"2026-02-25T00:00:50","slug":"fleksibilna-spojka-vetus-6-d25","status":"publish","type":"product","link":"https:\/\/stoic-curie.212-227-153-4.plesk.page\/hr\/product\/fleksibilna-spojka-vetus-6-d25\/","title":{"rendered":"Fleksibilna spojka Vetus 6 D25"},"content":{"rendered":"<p>Fleksibilna spojka Vetus 6 D25 &#8211; <\/p>\n<p>Vetus Type 6 fleksibilna osovina spojka sa posebnim koni\u010dnim svrdlom za savr\u0161eno koncentri\u010dno monta\u017eo. S 4&#8243;\/5&#8243; priklju\u010dkom za Hurt, Velvet, TD, ZF i PRM mjenja\u010de. Maks. HP: maksimalna snaga motora pri 3000 RPM (1500 osovinskih RPM) sa smanjenjem 2:1.<\/p>\n","protected":false},"excerpt":{"rendered":"<p>Fleksibilna spojka Vetus 6 D25 &#8211; Vetus Type 6 fleksibilna osovina spojka sa posebnim koni\u010dnim svrdlom za savr\u0161eno koncentri\u010dno monta\u017eo.<\/p>\n","protected":false},"featured_media":5940434,"comment_status":"open","ping_status":"closed","template":"","meta":[],"product_brand":[3521],"product_cat":[1789],"product_tag":[],"class_list":{"0":"post-741099","1":"product","2":"type-product","3":"status-publish","4":"has-post-thumbnail","6":"product_brand-vetus-hr","7":"product_cat-prigusivac-i-spojnice","9":"first","10":"outofstock","11":"shipping-taxable","12":"purchasable","13":"product-type-simple"},"_links":{"self":[{"href":"https:\/\/stoic-curie.212-227-153-4.plesk.page\/hr\/wp-json\/wp\/v2\/product\/741099","targetHints":{"allow":["GET"]}}],"collection":[{"href":"https:\/\/stoic-curie.212-227-153-4.plesk.page\/hr\/wp-json\/wp\/v2\/product"}],"about":[{"href":"https:\/\/stoic-curie.212-227-153-4.plesk.page\/hr\/wp-json\/wp\/v2\/types\/product"}],"replies":[{"embeddable":true,"href":"https:\/\/stoic-curie.212-227-153-4.plesk.page\/hr\/wp-json\/wp\/v2\/comments?post=741099"}],"version-history":[{"count":0,"href":"https:\/\/stoic-curie.212-227-153-4.plesk.page\/hr\/wp-json\/wp\/v2\/product\/741099\/revisions"}],"wp:featuredmedia":[{"embeddable":true,"href":"https:\/\/stoic-curie.212-227-153-4.plesk.page\/hr\/wp-json\/wp\/v2\/media\/5940434"}],"wp:attachment":[{"href":"https:\/\/stoic-curie.212-227-153-4.plesk.page\/hr\/wp-json\/wp\/v2\/media?parent=741099"}],"wp:term":[{"taxonomy":"product_brand","embeddable":true,"href":"https:\/\/stoic-curie.212-227-153-4.plesk.page\/hr\/wp-json\/wp\/v2\/product_brand?post=741099"},{"taxonomy":"product_cat","embeddable":true,"href":"https:\/\/stoic-curie.212-227-153-4.plesk.page\/hr\/wp-json\/wp\/v2\/product_cat?post=741099"},{"taxonomy":"product_tag","embeddable":true,"href":"https:\/\/stoic-curie.212-227-153-4.plesk.page\/hr\/wp-json\/wp\/v2\/product_tag?post=741099"}],"curies":[{"name":"wp","href":"https:\/\/api.w.org\/{rel}","templated":true}]}}