{"id":741101,"date":"2025-03-03T18:12:41","date_gmt":"2025-03-03T17:12:41","guid":{"rendered":"https:\/\/stoic-curie.212-227-153-4.plesk.page\/producto\/fleksibilna-spojka-vetus-6-d35\/"},"modified":"2026-02-25T00:00:50","modified_gmt":"2026-02-25T00:00:50","slug":"fleksibilna-spojka-vetus-6-d35","status":"publish","type":"product","link":"https:\/\/stoic-curie.212-227-153-4.plesk.page\/hr\/product\/fleksibilna-spojka-vetus-6-d35\/","title":{"rendered":"Fleksibilna Spojka Vetus 6 D35"},"content":{"rendered":"<p>Fleksibilna Spojka Vetus 6 D35 &#8211; <\/p>\n<p>Vetus Tip 6 fleksibilna spojka osovine s posebnim koni\u010dnim steznim okomitim za savr\u0161eno koncentri\u010dno postavljanje. S 4&#8243;\/5&#8243; priklju\u010dkom za Hurt, Velvet, TD, ZF i PRM mjenja\u010de. Max KS: maksimalna snaga motora pri 3000 okr\/min (1500 okr\/min osovine) s smanjenjem 2:1.<\/p>\n","protected":false},"excerpt":{"rendered":"<p>Fleksibilna Spojka Vetus 6 D35 &#8211; Vetus Tip 6 fleksibilna spojka osovine s posebnim koni\u010dnim steznim okomitim za savr\u0161eno koncentri\u010dno<\/p>\n","protected":false},"featured_media":5940434,"comment_status":"open","ping_status":"closed","template":"","meta":[],"product_brand":[3521],"product_cat":[1789],"product_tag":[],"class_list":{"0":"post-741101","1":"product","2":"type-product","3":"status-publish","4":"has-post-thumbnail","6":"product_brand-vetus-hr","7":"product_cat-prigusivac-i-spojnice","9":"first","10":"instock","11":"shipping-taxable","12":"purchasable","13":"product-type-simple"},"_links":{"self":[{"href":"https:\/\/stoic-curie.212-227-153-4.plesk.page\/hr\/wp-json\/wp\/v2\/product\/741101","targetHints":{"allow":["GET"]}}],"collection":[{"href":"https:\/\/stoic-curie.212-227-153-4.plesk.page\/hr\/wp-json\/wp\/v2\/product"}],"about":[{"href":"https:\/\/stoic-curie.212-227-153-4.plesk.page\/hr\/wp-json\/wp\/v2\/types\/product"}],"replies":[{"embeddable":true,"href":"https:\/\/stoic-curie.212-227-153-4.plesk.page\/hr\/wp-json\/wp\/v2\/comments?post=741101"}],"version-history":[{"count":0,"href":"https:\/\/stoic-curie.212-227-153-4.plesk.page\/hr\/wp-json\/wp\/v2\/product\/741101\/revisions"}],"wp:featuredmedia":[{"embeddable":true,"href":"https:\/\/stoic-curie.212-227-153-4.plesk.page\/hr\/wp-json\/wp\/v2\/media\/5940434"}],"wp:attachment":[{"href":"https:\/\/stoic-curie.212-227-153-4.plesk.page\/hr\/wp-json\/wp\/v2\/media?parent=741101"}],"wp:term":[{"taxonomy":"product_brand","embeddable":true,"href":"https:\/\/stoic-curie.212-227-153-4.plesk.page\/hr\/wp-json\/wp\/v2\/product_brand?post=741101"},{"taxonomy":"product_cat","embeddable":true,"href":"https:\/\/stoic-curie.212-227-153-4.plesk.page\/hr\/wp-json\/wp\/v2\/product_cat?post=741101"},{"taxonomy":"product_tag","embeddable":true,"href":"https:\/\/stoic-curie.212-227-153-4.plesk.page\/hr\/wp-json\/wp\/v2\/product_tag?post=741101"}],"curies":[{"name":"wp","href":"https:\/\/api.w.org\/{rel}","templated":true}]}}