{"id":741125,"date":"2025-03-03T18:12:46","date_gmt":"2025-03-03T17:12:46","guid":{"rendered":"https:\/\/stoic-curie.212-227-153-4.plesk.page\/producto\/supernica-evolution-metric-25-x-43-mm\/"},"modified":"2026-02-25T00:00:50","modified_gmt":"2026-02-25T00:00:50","slug":"supernica-evolution-metric-25-x-43-mm","status":"publish","type":"product","link":"https:\/\/stoic-curie.212-227-153-4.plesk.page\/hr\/product\/supernica-evolution-metric-25-x-43-mm\/","title":{"rendered":"\u0160upernica evolution metric 25 x 43 mm"},"content":{"rendered":"<p>\u0160upernica evolution metric 25 x 43 mm &#8211; <\/p>\n<p>Zape\u010da\u0107eni brtve osovine za metri\u010dke propelerske osovine s cijevi za hla\u0111enje prema crijevu i ventilom za podmazivanje. Uklju\u010dene su upute za monta\u017eu i mast.<\/p>\n","protected":false},"excerpt":{"rendered":"<p>\u0160upernica evolution metric 25 x 43 mm &#8211; Zape\u010da\u0107eni brtve osovine za metri\u010dke propelerske osovine s cijevi za hla\u0111enje prema<\/p>\n","protected":false},"featured_media":5940463,"comment_status":"open","ping_status":"closed","template":"","meta":[],"product_brand":[2916],"product_cat":[1808],"product_tag":[],"class_list":{"0":"post-741125","1":"product","2":"type-product","3":"status-publish","4":"has-post-thumbnail","6":"product_brand-eliche-radice-hr","7":"product_cat-brtve-osovine-propelera","9":"first","10":"instock","11":"shipping-taxable","12":"purchasable","13":"product-type-simple"},"_links":{"self":[{"href":"https:\/\/stoic-curie.212-227-153-4.plesk.page\/hr\/wp-json\/wp\/v2\/product\/741125","targetHints":{"allow":["GET"]}}],"collection":[{"href":"https:\/\/stoic-curie.212-227-153-4.plesk.page\/hr\/wp-json\/wp\/v2\/product"}],"about":[{"href":"https:\/\/stoic-curie.212-227-153-4.plesk.page\/hr\/wp-json\/wp\/v2\/types\/product"}],"replies":[{"embeddable":true,"href":"https:\/\/stoic-curie.212-227-153-4.plesk.page\/hr\/wp-json\/wp\/v2\/comments?post=741125"}],"version-history":[{"count":0,"href":"https:\/\/stoic-curie.212-227-153-4.plesk.page\/hr\/wp-json\/wp\/v2\/product\/741125\/revisions"}],"wp:featuredmedia":[{"embeddable":true,"href":"https:\/\/stoic-curie.212-227-153-4.plesk.page\/hr\/wp-json\/wp\/v2\/media\/5940463"}],"wp:attachment":[{"href":"https:\/\/stoic-curie.212-227-153-4.plesk.page\/hr\/wp-json\/wp\/v2\/media?parent=741125"}],"wp:term":[{"taxonomy":"product_brand","embeddable":true,"href":"https:\/\/stoic-curie.212-227-153-4.plesk.page\/hr\/wp-json\/wp\/v2\/product_brand?post=741125"},{"taxonomy":"product_cat","embeddable":true,"href":"https:\/\/stoic-curie.212-227-153-4.plesk.page\/hr\/wp-json\/wp\/v2\/product_cat?post=741125"},{"taxonomy":"product_tag","embeddable":true,"href":"https:\/\/stoic-curie.212-227-153-4.plesk.page\/hr\/wp-json\/wp\/v2\/product_tag?post=741125"}],"curies":[{"name":"wp","href":"https:\/\/api.w.org\/{rel}","templated":true}]}}