{"id":741136,"date":"2025-03-03T18:12:49","date_gmt":"2025-03-03T17:12:49","guid":{"rendered":"https:\/\/stoic-curie.212-227-153-4.plesk.page\/producto\/broncani-skrokovi-za-osovinu-25-mm\/"},"modified":"2026-02-25T00:00:50","modified_gmt":"2026-02-25T00:00:50","slug":"broncani-skrokovi-za-osovinu-25-mm","status":"publish","type":"product","link":"https:\/\/stoic-curie.212-227-153-4.plesk.page\/hr\/product\/broncani-skrokovi-za-osovinu-25-mm\/","title":{"rendered":"Bron\u010dani skrokovi za osovinu 25 mm"},"content":{"rendered":"<p>Bron\u010dani skrokovi za osovinu 25 mm &#8211; <\/p>\n<p>Bron\u010dani nosa\u010di za propeler osovine napravljeni su posebno za jedrilice i namijenjeni su monta\u017ei na kobilicu s resinom. Ovi nosa\u010di nude nekoliko prednosti za graditelje brodova, uklju\u010duju\u0107i:<\/p>\n<ul>\n<li>Vi\u0161estruke prilagodbe visine i kuta<\/li>\n<li>Brza i jednostavna instalacija<\/li>\n<li>Odmah dostupno na skladi\u0161tu<\/li>\n<\/ul>\n<p>Veli\u010dina ovih nosa\u010da udovoljava propisima talijanskog pomorskog registra za plovila za u\u017eitak.<\/p>\n<p>Koristimo na\u0161 OT.MAN leguru, koja ima sljede\u0107e mehani\u010dke osobine:<\/p>\n<ul>\n<li>Otpornost na rastezanje (T) > 535 N\/mm\u00b2<\/li>\n<li>Granica te\u010denja (Y) > 220 N\/mm\u00b2<\/li>\n<li>Produ\u017eetak (E) > 25%<\/li>\n<\/ul>\n<p>Svaki nosa\u010d dolazi s ve\u0107 instaliranim Radice hidrolubrikantnim gumenim le\u017eajevima.<\/p>\n<p>Ove le\u017eajeve lako mo\u017eete zamijeniti otpu\u0161tanjem dvije zakovice. Da biste instalirali nosa\u010de, slijedite ove korake:<\/p>\n<ol>\n<li>Napravite usjek u trupu ili na postoje\u0107oj strukturi.<\/li>\n<li>Polo\u017eite nosa\u010d uskla\u0111uju\u0107i ga s osovinskom linijom.<\/li>\n<li>Zape\u010datite i oja\u010dajte spojni dio izme\u0111u nosa\u010da i trupa smolom.<\/li>\n<\/ol>\n","protected":false},"excerpt":{"rendered":"<p>Bron\u010dani skrokovi za osovinu 25 mm &#8211; Bron\u010dani nosa\u010di za propeler osovine napravljeni su posebno za jedrilice i namijenjeni su<\/p>\n","protected":false},"featured_media":5940486,"comment_status":"open","ping_status":"closed","template":"","meta":[],"product_brand":[2916],"product_cat":[1812,1786],"product_tag":[],"class_list":{"0":"post-741136","1":"product","2":"type-product","3":"status-publish","4":"has-post-thumbnail","6":"product_brand-eliche-radice-hr","7":"product_cat-lezajevi-osovine-propelera","8":"product_cat-osovine-propelera","10":"first","11":"instock","12":"shipping-taxable","13":"purchasable","14":"product-type-simple"},"_links":{"self":[{"href":"https:\/\/stoic-curie.212-227-153-4.plesk.page\/hr\/wp-json\/wp\/v2\/product\/741136","targetHints":{"allow":["GET"]}}],"collection":[{"href":"https:\/\/stoic-curie.212-227-153-4.plesk.page\/hr\/wp-json\/wp\/v2\/product"}],"about":[{"href":"https:\/\/stoic-curie.212-227-153-4.plesk.page\/hr\/wp-json\/wp\/v2\/types\/product"}],"replies":[{"embeddable":true,"href":"https:\/\/stoic-curie.212-227-153-4.plesk.page\/hr\/wp-json\/wp\/v2\/comments?post=741136"}],"version-history":[{"count":0,"href":"https:\/\/stoic-curie.212-227-153-4.plesk.page\/hr\/wp-json\/wp\/v2\/product\/741136\/revisions"}],"wp:featuredmedia":[{"embeddable":true,"href":"https:\/\/stoic-curie.212-227-153-4.plesk.page\/hr\/wp-json\/wp\/v2\/media\/5940486"}],"wp:attachment":[{"href":"https:\/\/stoic-curie.212-227-153-4.plesk.page\/hr\/wp-json\/wp\/v2\/media?parent=741136"}],"wp:term":[{"taxonomy":"product_brand","embeddable":true,"href":"https:\/\/stoic-curie.212-227-153-4.plesk.page\/hr\/wp-json\/wp\/v2\/product_brand?post=741136"},{"taxonomy":"product_cat","embeddable":true,"href":"https:\/\/stoic-curie.212-227-153-4.plesk.page\/hr\/wp-json\/wp\/v2\/product_cat?post=741136"},{"taxonomy":"product_tag","embeddable":true,"href":"https:\/\/stoic-curie.212-227-153-4.plesk.page\/hr\/wp-json\/wp\/v2\/product_tag?post=741136"}],"curies":[{"name":"wp","href":"https:\/\/api.w.org\/{rel}","templated":true}]}}