{"id":741137,"date":"2025-03-03T18:12:49","date_gmt":"2025-03-03T17:12:49","guid":{"rendered":"https:\/\/stoic-curie.212-227-153-4.plesk.page\/producto\/broncani-skrokovi-za-osovinu-30-mm\/"},"modified":"2026-02-25T00:00:50","modified_gmt":"2026-02-25T00:00:50","slug":"broncani-skrokovi-za-osovinu-30-mm","status":"publish","type":"product","link":"https:\/\/stoic-curie.212-227-153-4.plesk.page\/hr\/product\/broncani-skrokovi-za-osovinu-30-mm\/","title":{"rendered":"Broncani skrokovi za osovinu 30 mm"},"content":{"rendered":"<p>Broncani skrokovi za osovinu 30 mm &#8211; <\/p>\n<p>Bron\u010dana potpornja za propellerske osovine posebno su dizajnirana za jedrilice i namijenjena su monta\u017ei na kobilici s smolom. Ovi potporni elementi nude nekoliko prednosti za brodograditelje, uklju\u010duju\u0107i:<\/p>\n<ul>\n<li>Vi\u0161enamjenska pode\u0161avanja visine i kuta<\/li>\n<li>Brza i jednostavna instalacija<\/li>\n<li>Odmah dostupno na skladi\u0161tu<\/li>\n<\/ul>\n<p>Dimenzije ovih potpornih elemenata udovoljavaju propisima koje je odredila Talijanska pomorska uprava za plovila za u\u017eivanje.<\/p>\n<p>Koristimo na\u0161u leguru OT.MAN, koja ima sljede\u0107e mehani\u010dke osobine:<\/p>\n<ul>\n<li>\u010cvrsto\u0107a na vu\u010du (T) > 535 N\/mm\u00b2<\/li>\n<li>Granica te\u010denja (Y) > 220 N\/mm\u00b2<\/li>\n<li>Produ\u017eenje (E) > 25%<\/li>\n<\/ul>\n<p>Svako potporanj dolazi s ve\u0107 instaliranim Radice hidrolubriranim gumenim le\u017eajevima.<\/p>\n<p>Ovi le\u017eajevi se mogu lako zamijeniti otpu\u0161tanjem dvije matice za zaklju\u010davanje. Za instalaciju potporanj slijedite ove korake:<\/p>\n<ol>\n<li>Stvorite rascjep u trupu ili na postoje\u0107oj strukturi.<\/li>\n<li>Polo\u017eite potporanj poravnavaju\u0107i ga s osovinskom linijom.<\/li>\n<li>Zape\u010datite i oja\u010dajte spoj izme\u0111u potpornja i trupa smolom.<\/li>\n<\/ol>\n","protected":false},"excerpt":{"rendered":"<p>Broncani skrokovi za osovinu 30 mm &#8211; Bron\u010dana potpornja za propellerske osovine posebno su dizajnirana za jedrilice i namijenjena su<\/p>\n","protected":false},"featured_media":5940486,"comment_status":"open","ping_status":"closed","template":"","meta":[],"product_brand":[2916],"product_cat":[1812,1786],"product_tag":[],"class_list":{"0":"post-741137","1":"product","2":"type-product","3":"status-publish","4":"has-post-thumbnail","6":"product_brand-eliche-radice-hr","7":"product_cat-lezajevi-osovine-propelera","8":"product_cat-osovine-propelera","10":"first","11":"instock","12":"shipping-taxable","13":"purchasable","14":"product-type-simple"},"_links":{"self":[{"href":"https:\/\/stoic-curie.212-227-153-4.plesk.page\/hr\/wp-json\/wp\/v2\/product\/741137","targetHints":{"allow":["GET"]}}],"collection":[{"href":"https:\/\/stoic-curie.212-227-153-4.plesk.page\/hr\/wp-json\/wp\/v2\/product"}],"about":[{"href":"https:\/\/stoic-curie.212-227-153-4.plesk.page\/hr\/wp-json\/wp\/v2\/types\/product"}],"replies":[{"embeddable":true,"href":"https:\/\/stoic-curie.212-227-153-4.plesk.page\/hr\/wp-json\/wp\/v2\/comments?post=741137"}],"version-history":[{"count":0,"href":"https:\/\/stoic-curie.212-227-153-4.plesk.page\/hr\/wp-json\/wp\/v2\/product\/741137\/revisions"}],"wp:featuredmedia":[{"embeddable":true,"href":"https:\/\/stoic-curie.212-227-153-4.plesk.page\/hr\/wp-json\/wp\/v2\/media\/5940486"}],"wp:attachment":[{"href":"https:\/\/stoic-curie.212-227-153-4.plesk.page\/hr\/wp-json\/wp\/v2\/media?parent=741137"}],"wp:term":[{"taxonomy":"product_brand","embeddable":true,"href":"https:\/\/stoic-curie.212-227-153-4.plesk.page\/hr\/wp-json\/wp\/v2\/product_brand?post=741137"},{"taxonomy":"product_cat","embeddable":true,"href":"https:\/\/stoic-curie.212-227-153-4.plesk.page\/hr\/wp-json\/wp\/v2\/product_cat?post=741137"},{"taxonomy":"product_tag","embeddable":true,"href":"https:\/\/stoic-curie.212-227-153-4.plesk.page\/hr\/wp-json\/wp\/v2\/product_tag?post=741137"}],"curies":[{"name":"wp","href":"https:\/\/api.w.org\/{rel}","templated":true}]}}