{"id":741138,"date":"2025-03-03T18:12:49","date_gmt":"2025-03-03T17:12:49","guid":{"rendered":"https:\/\/stoic-curie.212-227-153-4.plesk.page\/producto\/broncani-skrokovi-za-osovinu-propelera-40mm\/"},"modified":"2026-02-25T00:00:50","modified_gmt":"2026-02-25T00:00:50","slug":"broncani-skrokovi-za-osovinu-propelera-40mm","status":"publish","type":"product","link":"https:\/\/stoic-curie.212-227-153-4.plesk.page\/hr\/product\/broncani-skrokovi-za-osovinu-propelera-40mm\/","title":{"rendered":"Broncani skrokovi za osovinu propelera 40mm"},"content":{"rendered":"<p>Broncani skrokovi za osovinu propelera 40mm &#8211; <\/p>\n<p>Bron\u010dani potpornji za propellerske osovine posebno su dizajnirani za jedrilice i namijenjeni su monta\u017ei s smolom na kobilici. Ovi potpornji nude brojne prednosti za graditelje brodova, uklju\u010duju\u0107i:<\/p>\n<ul>\n<li>Svestrano pode\u0161avanje visine i kuta<\/li>\n<li>Brza i jednostavna instalacija<\/li>\n<li>Odmah dostupni na skladi\u0161tu<\/li>\n<\/ul>\n<p>Dimenzioniranje ovih potpornja u skladu je s propisima Talijanskog pomorskog registra za plovila za slobodno vrijeme.<\/p>\n<p>Koristimo na\u0161 OT.MAN leguru koja ima sljede\u0107e mehani\u010dke karakteristike:<\/p>\n<ul>\n<li>Odr\u017eiva \u010dvrsto\u0107a (T) > 535 N\/mm\u00b2<\/li>\n<li>Granica lijevanja (Y) > 220 N\/mm\u00b2<\/li>\n<li>Produ\u017eenje (E) > 25%<\/li>\n<\/ul>\n<p>Svaki potporanj dolazi s ve\u0107 instaliranim Radice hidrolubrikatorima od gume.<\/p>\n<p>Ove le\u017eajeve lako mo\u017ee zamijeniti otpu\u0161tanjem dviju zakovica. Da biste instalirali potpornje, slijedite ove korake:<\/p>\n<ol>\n<li>Izre\u017eite utor u trupu ili na postoje\u0107oj strukturi.<\/li>\n<li>Polo\u017eite potporanj uskla\u0111uju\u0107i ga s osovinskom linijom.<\/li>\n<li>Zape\u010datite i poja\u010dajte spoj izme\u0111u potpornja i trupa smolom.<\/li>\n<\/ol>\n","protected":false},"excerpt":{"rendered":"<p>Broncani skrokovi za osovinu propelera 40mm &#8211; Bron\u010dani potpornji za propellerske osovine posebno su dizajnirani za jedrilice i namijenjeni su<\/p>\n","protected":false},"featured_media":5940486,"comment_status":"open","ping_status":"closed","template":"","meta":[],"product_brand":[2916],"product_cat":[1812,1786],"product_tag":[],"class_list":{"0":"post-741138","1":"product","2":"type-product","3":"status-publish","4":"has-post-thumbnail","6":"product_brand-eliche-radice-hr","7":"product_cat-lezajevi-osovine-propelera","8":"product_cat-osovine-propelera","10":"first","11":"outofstock","12":"shipping-taxable","13":"purchasable","14":"product-type-simple"},"_links":{"self":[{"href":"https:\/\/stoic-curie.212-227-153-4.plesk.page\/hr\/wp-json\/wp\/v2\/product\/741138","targetHints":{"allow":["GET"]}}],"collection":[{"href":"https:\/\/stoic-curie.212-227-153-4.plesk.page\/hr\/wp-json\/wp\/v2\/product"}],"about":[{"href":"https:\/\/stoic-curie.212-227-153-4.plesk.page\/hr\/wp-json\/wp\/v2\/types\/product"}],"replies":[{"embeddable":true,"href":"https:\/\/stoic-curie.212-227-153-4.plesk.page\/hr\/wp-json\/wp\/v2\/comments?post=741138"}],"version-history":[{"count":0,"href":"https:\/\/stoic-curie.212-227-153-4.plesk.page\/hr\/wp-json\/wp\/v2\/product\/741138\/revisions"}],"wp:featuredmedia":[{"embeddable":true,"href":"https:\/\/stoic-curie.212-227-153-4.plesk.page\/hr\/wp-json\/wp\/v2\/media\/5940486"}],"wp:attachment":[{"href":"https:\/\/stoic-curie.212-227-153-4.plesk.page\/hr\/wp-json\/wp\/v2\/media?parent=741138"}],"wp:term":[{"taxonomy":"product_brand","embeddable":true,"href":"https:\/\/stoic-curie.212-227-153-4.plesk.page\/hr\/wp-json\/wp\/v2\/product_brand?post=741138"},{"taxonomy":"product_cat","embeddable":true,"href":"https:\/\/stoic-curie.212-227-153-4.plesk.page\/hr\/wp-json\/wp\/v2\/product_cat?post=741138"},{"taxonomy":"product_tag","embeddable":true,"href":"https:\/\/stoic-curie.212-227-153-4.plesk.page\/hr\/wp-json\/wp\/v2\/product_tag?post=741138"}],"curies":[{"name":"wp","href":"https:\/\/api.w.org\/{rel}","templated":true}]}}