{"id":741145,"date":"2025-03-03T18:12:51","date_gmt":"2025-03-03T17:12:51","guid":{"rendered":"https:\/\/stoic-curie.212-227-153-4.plesk.page\/producto\/rezac-konopa-od-nehrdajuceg-celika-d35\/"},"modified":"2026-02-25T00:00:50","modified_gmt":"2026-02-25T00:00:50","slug":"rezac-konopa-od-nehrdajuceg-celika-d35","status":"publish","type":"product","link":"https:\/\/stoic-curie.212-227-153-4.plesk.page\/hr\/product\/rezac-konopa-od-nehrdajuceg-celika-d35\/","title":{"rendered":"Reza\u010d konopa od nehr\u0111aju\u0107eg \u010delika D35"},"content":{"rendered":"<p>Reza\u010d konopa od nehr\u0111aju\u0107eg \u010delika D35 &#8211; <\/p>\n<p>Reza\u010d u\u017eadi za\u0161titnika propeleru od nehr\u0111aju\u0107eg \u010delika 316. Dostupni su razli\u010diti modeli ovisno o promjeru osovine (od 25 do 60 mm). Mo\u017ee rezati najlonske u\u017ee, mre\u017ee, \u010deli\u010dne \u017eice i jo\u0161 mnogo toga. Debljina 17 mm.<\/p>\n","protected":false},"excerpt":{"rendered":"<p>Reza\u010d konopa od nehr\u0111aju\u0107eg \u010delika D35 &#8211; Reza\u010d u\u017eadi za\u0161titnika propeleru od nehr\u0111aju\u0107eg \u010delika 316. Dostupni su razli\u010diti modeli ovisno<\/p>\n","protected":false},"featured_media":5940489,"comment_status":"open","ping_status":"closed","template":"","meta":[],"product_brand":[3466],"product_cat":[1798],"product_tag":[],"class_list":{"0":"post-741145","1":"product","2":"type-product","3":"status-publish","4":"has-post-thumbnail","6":"product_brand-technodrive-hr","7":"product_cat-rezac-uzeta-za-osovinu","9":"first","10":"instock","11":"shipping-taxable","12":"purchasable","13":"product-type-simple"},"_links":{"self":[{"href":"https:\/\/stoic-curie.212-227-153-4.plesk.page\/hr\/wp-json\/wp\/v2\/product\/741145","targetHints":{"allow":["GET"]}}],"collection":[{"href":"https:\/\/stoic-curie.212-227-153-4.plesk.page\/hr\/wp-json\/wp\/v2\/product"}],"about":[{"href":"https:\/\/stoic-curie.212-227-153-4.plesk.page\/hr\/wp-json\/wp\/v2\/types\/product"}],"replies":[{"embeddable":true,"href":"https:\/\/stoic-curie.212-227-153-4.plesk.page\/hr\/wp-json\/wp\/v2\/comments?post=741145"}],"version-history":[{"count":0,"href":"https:\/\/stoic-curie.212-227-153-4.plesk.page\/hr\/wp-json\/wp\/v2\/product\/741145\/revisions"}],"wp:featuredmedia":[{"embeddable":true,"href":"https:\/\/stoic-curie.212-227-153-4.plesk.page\/hr\/wp-json\/wp\/v2\/media\/5940489"}],"wp:attachment":[{"href":"https:\/\/stoic-curie.212-227-153-4.plesk.page\/hr\/wp-json\/wp\/v2\/media?parent=741145"}],"wp:term":[{"taxonomy":"product_brand","embeddable":true,"href":"https:\/\/stoic-curie.212-227-153-4.plesk.page\/hr\/wp-json\/wp\/v2\/product_brand?post=741145"},{"taxonomy":"product_cat","embeddable":true,"href":"https:\/\/stoic-curie.212-227-153-4.plesk.page\/hr\/wp-json\/wp\/v2\/product_cat?post=741145"},{"taxonomy":"product_tag","embeddable":true,"href":"https:\/\/stoic-curie.212-227-153-4.plesk.page\/hr\/wp-json\/wp\/v2\/product_tag?post=741145"}],"curies":[{"name":"wp","href":"https:\/\/api.w.org\/{rel}","templated":true}]}}