{"id":741151,"date":"2025-03-03T18:12:52","date_gmt":"2025-03-03T17:12:52","guid":{"rendered":"https:\/\/stoic-curie.212-227-153-4.plesk.page\/producto\/rezac-konopa-od-nehrdajuceg-celika-1-1-4-inch\/"},"modified":"2026-02-25T00:00:50","modified_gmt":"2026-02-25T00:00:50","slug":"rezac-konopa-od-nehrdajuceg-celika-1-1-4-inch","status":"publish","type":"product","link":"https:\/\/stoic-curie.212-227-153-4.plesk.page\/hr\/product\/rezac-konopa-od-nehrdajuceg-celika-1-1-4-inch\/","title":{"rendered":"Reza\u010d konopa od nehr\u0111aju\u0107eg \u010delika 1 1\/4 inch"},"content":{"rendered":"<p>Reza\u010d konopa od nehr\u0111aju\u0107eg \u010delika 1 1\/4 inch &#8211; <\/p>\n<p>Reza\u010d u\u017eeta za\u0161titnik propeler u 316 nehr\u0111aju\u0107em \u010deliku. Dostupni su razli\u010diti modeli ovisno o promjeru osovine (od 1&#8243; do 2&#8243;). Mo\u017ee rezati najlonske u\u017eadi, mre\u017ee, \u010deli\u010dne kablove i jo\u0161 mnogo toga. Debljina 17 mm.<\/p>\n","protected":false},"excerpt":{"rendered":"<p>Reza\u010d konopa od nehr\u0111aju\u0107eg \u010delika 1 1\/4 inch &#8211; Reza\u010d u\u017eeta za\u0161titnik propeler u 316 nehr\u0111aju\u0107em \u010deliku. Dostupni su razli\u010diti<\/p>\n","protected":false},"featured_media":5940497,"comment_status":"open","ping_status":"closed","template":"","meta":[],"product_brand":[3466],"product_cat":[1798],"product_tag":[],"class_list":{"0":"post-741151","1":"product","2":"type-product","3":"status-publish","4":"has-post-thumbnail","6":"product_brand-technodrive-hr","7":"product_cat-rezac-uzeta-za-osovinu","9":"first","10":"instock","11":"shipping-taxable","12":"purchasable","13":"product-type-simple"},"_links":{"self":[{"href":"https:\/\/stoic-curie.212-227-153-4.plesk.page\/hr\/wp-json\/wp\/v2\/product\/741151","targetHints":{"allow":["GET"]}}],"collection":[{"href":"https:\/\/stoic-curie.212-227-153-4.plesk.page\/hr\/wp-json\/wp\/v2\/product"}],"about":[{"href":"https:\/\/stoic-curie.212-227-153-4.plesk.page\/hr\/wp-json\/wp\/v2\/types\/product"}],"replies":[{"embeddable":true,"href":"https:\/\/stoic-curie.212-227-153-4.plesk.page\/hr\/wp-json\/wp\/v2\/comments?post=741151"}],"version-history":[{"count":0,"href":"https:\/\/stoic-curie.212-227-153-4.plesk.page\/hr\/wp-json\/wp\/v2\/product\/741151\/revisions"}],"wp:featuredmedia":[{"embeddable":true,"href":"https:\/\/stoic-curie.212-227-153-4.plesk.page\/hr\/wp-json\/wp\/v2\/media\/5940497"}],"wp:attachment":[{"href":"https:\/\/stoic-curie.212-227-153-4.plesk.page\/hr\/wp-json\/wp\/v2\/media?parent=741151"}],"wp:term":[{"taxonomy":"product_brand","embeddable":true,"href":"https:\/\/stoic-curie.212-227-153-4.plesk.page\/hr\/wp-json\/wp\/v2\/product_brand?post=741151"},{"taxonomy":"product_cat","embeddable":true,"href":"https:\/\/stoic-curie.212-227-153-4.plesk.page\/hr\/wp-json\/wp\/v2\/product_cat?post=741151"},{"taxonomy":"product_tag","embeddable":true,"href":"https:\/\/stoic-curie.212-227-153-4.plesk.page\/hr\/wp-json\/wp\/v2\/product_tag?post=741151"}],"curies":[{"name":"wp","href":"https:\/\/api.w.org\/{rel}","templated":true}]}}