{"id":741155,"date":"2025-03-03T18:12:53","date_gmt":"2025-03-03T17:12:53","guid":{"rendered":"https:\/\/stoic-curie.212-227-153-4.plesk.page\/producto\/mesingani-lezaj-osovine-3-1-2-8890-x-4-1-2-11430-x-l14-35560\/"},"modified":"2026-02-25T00:00:50","modified_gmt":"2026-02-25T00:00:50","slug":"mesingani-lezaj-osovine-3-1-2-8890-x-4-1-2-11430-x-l14-35560","status":"publish","type":"product","link":"https:\/\/stoic-curie.212-227-153-4.plesk.page\/hr\/product\/mesingani-lezaj-osovine-3-1-2-8890-x-4-1-2-11430-x-l14-35560\/","title":{"rendered":"Mesingani le\u017eaj osovine 3&#8243; 1\/2 (88,90) x 4&#8243; 1\/2 (114,30) x L14&#8243;; (355,60)"},"content":{"rendered":"<p>Mesingani le\u017eaj osovine 3&#8243; 1\/2 (88,90) x 4&#8243; 1\/2 (114,30) x L14&#8243;; (355,60) &#8211; <\/p>\n<p>Le\u017eajevi osovine podmazani vodom s unutarnjim i vanjskim promjerima u in\u010dima. Mjedena \u0161koljka, gumeni unutarnji dio s aksijalnim kanalima.<\/p>\n","protected":false},"excerpt":{"rendered":"<p>Mesingani le\u017eaj osovine 3&#8243; 1\/2 (88,90) x 4&#8243; 1\/2 (114,30) x L14&#8243;; (355,60) &#8211; Le\u017eajevi osovine podmazani vodom s unutarnjim<\/p>\n","protected":false},"featured_media":5940503,"comment_status":"open","ping_status":"closed","template":"","meta":[],"product_brand":[2916],"product_cat":[1812],"product_tag":[],"class_list":{"0":"post-741155","1":"product","2":"type-product","3":"status-publish","4":"has-post-thumbnail","6":"product_brand-eliche-radice-hr","7":"product_cat-lezajevi-osovine-propelera","9":"first","10":"instock","11":"shipping-taxable","12":"purchasable","13":"product-type-simple"},"_links":{"self":[{"href":"https:\/\/stoic-curie.212-227-153-4.plesk.page\/hr\/wp-json\/wp\/v2\/product\/741155","targetHints":{"allow":["GET"]}}],"collection":[{"href":"https:\/\/stoic-curie.212-227-153-4.plesk.page\/hr\/wp-json\/wp\/v2\/product"}],"about":[{"href":"https:\/\/stoic-curie.212-227-153-4.plesk.page\/hr\/wp-json\/wp\/v2\/types\/product"}],"replies":[{"embeddable":true,"href":"https:\/\/stoic-curie.212-227-153-4.plesk.page\/hr\/wp-json\/wp\/v2\/comments?post=741155"}],"version-history":[{"count":0,"href":"https:\/\/stoic-curie.212-227-153-4.plesk.page\/hr\/wp-json\/wp\/v2\/product\/741155\/revisions"}],"wp:featuredmedia":[{"embeddable":true,"href":"https:\/\/stoic-curie.212-227-153-4.plesk.page\/hr\/wp-json\/wp\/v2\/media\/5940503"}],"wp:attachment":[{"href":"https:\/\/stoic-curie.212-227-153-4.plesk.page\/hr\/wp-json\/wp\/v2\/media?parent=741155"}],"wp:term":[{"taxonomy":"product_brand","embeddable":true,"href":"https:\/\/stoic-curie.212-227-153-4.plesk.page\/hr\/wp-json\/wp\/v2\/product_brand?post=741155"},{"taxonomy":"product_cat","embeddable":true,"href":"https:\/\/stoic-curie.212-227-153-4.plesk.page\/hr\/wp-json\/wp\/v2\/product_cat?post=741155"},{"taxonomy":"product_tag","embeddable":true,"href":"https:\/\/stoic-curie.212-227-153-4.plesk.page\/hr\/wp-json\/wp\/v2\/product_tag?post=741155"}],"curies":[{"name":"wp","href":"https:\/\/api.w.org\/{rel}","templated":true}]}}