{"id":741171,"date":"2025-03-03T18:12:57","date_gmt":"2025-03-03T17:12:57","guid":{"rendered":"https:\/\/stoic-curie.212-227-153-4.plesk.page\/producto\/can-sb-ispusni-prigusivac-75-mm\/"},"modified":"2026-02-25T00:00:50","modified_gmt":"2026-02-25T00:00:50","slug":"can-sb-ispusni-prigusivac-75-mm","status":"publish","type":"product","link":"https:\/\/stoic-curie.212-227-153-4.plesk.page\/hr\/product\/can-sb-ispusni-prigusivac-75-mm\/","title":{"rendered":"CAN-SB ispu\u0161ni prigu\u0161ivac 75 mm"},"content":{"rendered":"<p>CAN-SB ispu\u0161ni prigu\u0161ivac 75 mm &#8211; <\/p>\n<p>Prigu\u0161iva\u010di s promjerima od 40\/45\/50\/60\/75\/90\/102 mm. Posebna konstrukcija prigu\u0161iva\u010da drasti\u010dno smanjuje emisiju buke.<\/p>\n","protected":false},"excerpt":{"rendered":"<p>CAN-SB ispu\u0161ni prigu\u0161ivac 75 mm &#8211; Prigu\u0161iva\u010di s promjerima od 40\/45\/50\/60\/75\/90\/102 mm. Posebna konstrukcija prigu\u0161iva\u010da drasti\u010dno smanjuje emisiju buke.<\/p>\n","protected":false},"featured_media":5940515,"comment_status":"open","ping_status":"closed","template":"","meta":[],"product_brand":[2856],"product_cat":[1794],"product_tag":[],"class_list":{"0":"post-741171","1":"product","2":"type-product","3":"status-publish","4":"has-post-thumbnail","6":"product_brand-can-marine-hr","7":"product_cat-ispusne-vode-i-prigusivaci","9":"first","10":"instock","11":"shipping-taxable","12":"purchasable","13":"product-type-simple"},"_links":{"self":[{"href":"https:\/\/stoic-curie.212-227-153-4.plesk.page\/hr\/wp-json\/wp\/v2\/product\/741171","targetHints":{"allow":["GET"]}}],"collection":[{"href":"https:\/\/stoic-curie.212-227-153-4.plesk.page\/hr\/wp-json\/wp\/v2\/product"}],"about":[{"href":"https:\/\/stoic-curie.212-227-153-4.plesk.page\/hr\/wp-json\/wp\/v2\/types\/product"}],"replies":[{"embeddable":true,"href":"https:\/\/stoic-curie.212-227-153-4.plesk.page\/hr\/wp-json\/wp\/v2\/comments?post=741171"}],"version-history":[{"count":0,"href":"https:\/\/stoic-curie.212-227-153-4.plesk.page\/hr\/wp-json\/wp\/v2\/product\/741171\/revisions"}],"wp:featuredmedia":[{"embeddable":true,"href":"https:\/\/stoic-curie.212-227-153-4.plesk.page\/hr\/wp-json\/wp\/v2\/media\/5940515"}],"wp:attachment":[{"href":"https:\/\/stoic-curie.212-227-153-4.plesk.page\/hr\/wp-json\/wp\/v2\/media?parent=741171"}],"wp:term":[{"taxonomy":"product_brand","embeddable":true,"href":"https:\/\/stoic-curie.212-227-153-4.plesk.page\/hr\/wp-json\/wp\/v2\/product_brand?post=741171"},{"taxonomy":"product_cat","embeddable":true,"href":"https:\/\/stoic-curie.212-227-153-4.plesk.page\/hr\/wp-json\/wp\/v2\/product_cat?post=741171"},{"taxonomy":"product_tag","embeddable":true,"href":"https:\/\/stoic-curie.212-227-153-4.plesk.page\/hr\/wp-json\/wp\/v2\/product_tag?post=741171"}],"curies":[{"name":"wp","href":"https:\/\/api.w.org\/{rel}","templated":true}]}}