{"id":741193,"date":"2025-03-03T18:13:03","date_gmt":"2025-03-03T17:13:03","guid":{"rendered":"https:\/\/stoic-curie.212-227-153-4.plesk.page\/producto\/antena-glomex-vhf-ra104-s-najlonskom-podlogom-od-1-mt\/"},"modified":"2026-02-25T00:00:50","modified_gmt":"2026-02-25T00:00:50","slug":"antena-glomex-vhf-ra104-s-najlonskom-podlogom-od-1-mt","status":"publish","type":"product","link":"https:\/\/stoic-curie.212-227-153-4.plesk.page\/hr\/product\/antena-glomex-vhf-ra104-s-najlonskom-podlogom-od-1-mt\/","title":{"rendered":"Antena Glomex VHF Ra104 s najlonskom podlogom od 1 Mt"},"content":{"rendered":"<p>Antena Glomex VHF Ra104 s najlonskom podlogom od 1 Mt &#8211; <\/p>\n<p>Kompaktne VHF RA104 antene od staklenih vlakana za presti\u017ene motorne jahte. 100W \/ 3db \/ 156\/162 MHz \/ 50 Ohm. Visina: 1 m. Dolazi s 4,5 m koaksijalnim kablom, priklju\u010dkom i nylon ili nehr\u0111aju\u0107i \u010delik postoljem.<\/p>\n","protected":false},"excerpt":{"rendered":"<p>Antena Glomex VHF Ra104 s najlonskom podlogom od 1 Mt &#8211; Kompaktne VHF RA104 antene od staklenih vlakana za presti\u017ene<\/p>\n","protected":false},"featured_media":5940654,"comment_status":"open","ping_status":"closed","template":"","meta":[],"product_brand":[2981],"product_cat":[1753],"product_tag":[],"class_list":{"0":"post-741193","1":"product","2":"type-product","3":"status-publish","4":"has-post-thumbnail","6":"product_brand-glomex-hr","7":"product_cat-vhf-antene","9":"first","10":"instock","11":"shipping-taxable","12":"purchasable","13":"product-type-simple"},"_links":{"self":[{"href":"https:\/\/stoic-curie.212-227-153-4.plesk.page\/hr\/wp-json\/wp\/v2\/product\/741193","targetHints":{"allow":["GET"]}}],"collection":[{"href":"https:\/\/stoic-curie.212-227-153-4.plesk.page\/hr\/wp-json\/wp\/v2\/product"}],"about":[{"href":"https:\/\/stoic-curie.212-227-153-4.plesk.page\/hr\/wp-json\/wp\/v2\/types\/product"}],"replies":[{"embeddable":true,"href":"https:\/\/stoic-curie.212-227-153-4.plesk.page\/hr\/wp-json\/wp\/v2\/comments?post=741193"}],"version-history":[{"count":0,"href":"https:\/\/stoic-curie.212-227-153-4.plesk.page\/hr\/wp-json\/wp\/v2\/product\/741193\/revisions"}],"wp:featuredmedia":[{"embeddable":true,"href":"https:\/\/stoic-curie.212-227-153-4.plesk.page\/hr\/wp-json\/wp\/v2\/media\/5940654"}],"wp:attachment":[{"href":"https:\/\/stoic-curie.212-227-153-4.plesk.page\/hr\/wp-json\/wp\/v2\/media?parent=741193"}],"wp:term":[{"taxonomy":"product_brand","embeddable":true,"href":"https:\/\/stoic-curie.212-227-153-4.plesk.page\/hr\/wp-json\/wp\/v2\/product_brand?post=741193"},{"taxonomy":"product_cat","embeddable":true,"href":"https:\/\/stoic-curie.212-227-153-4.plesk.page\/hr\/wp-json\/wp\/v2\/product_cat?post=741193"},{"taxonomy":"product_tag","embeddable":true,"href":"https:\/\/stoic-curie.212-227-153-4.plesk.page\/hr\/wp-json\/wp\/v2\/product_tag?post=741193"}],"curies":[{"name":"wp","href":"https:\/\/api.w.org\/{rel}","templated":true}]}}