{"id":741196,"date":"2025-03-03T18:13:04","date_gmt":"2025-03-03T17:13:04","guid":{"rendered":"https:\/\/stoic-curie.212-227-153-4.plesk.page\/producto\/stakloplasticna-vhf-antena-glomex-ra106-rebro-09-mt\/"},"modified":"2026-02-25T00:00:50","modified_gmt":"2026-02-25T00:00:50","slug":"stakloplasticna-vhf-antena-glomex-ra106-rebro-09-mt","status":"publish","type":"product","link":"https:\/\/stoic-curie.212-227-153-4.plesk.page\/hr\/product\/stakloplasticna-vhf-antena-glomex-ra106-rebro-09-mt\/","title":{"rendered":"Stakloplasti\u010dna VHF Antena Glomex ra106 &#8211; rebro 0,9 mt"},"content":{"rendered":"<p>Stakloplasti\u010dna VHF Antena Glomex ra106 &#8211; rebro 0,9 mt &#8211; <\/p>\n<p>VHF RA106 antene od staklenih vlakana ili nehr\u0111aju\u0107eg \u010delika, koje se mogu odvrnuti i pohraniti, za napuhane \u010damce. 100W \/ 3db \/ 156\/162 MHz \/ 50 Ohm. Visina: 0,9 m. Kompletno s 4,5 m koaksijalnog kabela, konektorom, prolazom za kabel i RA135 bazom.<\/p>\n","protected":false},"excerpt":{"rendered":"<p>Stakloplasti\u010dna VHF Antena Glomex ra106 &#8211; rebro 0,9 mt &#8211; VHF RA106 antene od staklenih vlakana ili nehr\u0111aju\u0107eg \u010delika, koje<\/p>\n","protected":false},"featured_media":5940658,"comment_status":"open","ping_status":"closed","template":"","meta":[],"product_brand":[2981],"product_cat":[1753],"product_tag":[],"class_list":{"0":"post-741196","1":"product","2":"type-product","3":"status-publish","4":"has-post-thumbnail","6":"product_brand-glomex-hr","7":"product_cat-vhf-antene","9":"first","10":"instock","11":"shipping-taxable","12":"purchasable","13":"product-type-simple"},"_links":{"self":[{"href":"https:\/\/stoic-curie.212-227-153-4.plesk.page\/hr\/wp-json\/wp\/v2\/product\/741196","targetHints":{"allow":["GET"]}}],"collection":[{"href":"https:\/\/stoic-curie.212-227-153-4.plesk.page\/hr\/wp-json\/wp\/v2\/product"}],"about":[{"href":"https:\/\/stoic-curie.212-227-153-4.plesk.page\/hr\/wp-json\/wp\/v2\/types\/product"}],"replies":[{"embeddable":true,"href":"https:\/\/stoic-curie.212-227-153-4.plesk.page\/hr\/wp-json\/wp\/v2\/comments?post=741196"}],"version-history":[{"count":0,"href":"https:\/\/stoic-curie.212-227-153-4.plesk.page\/hr\/wp-json\/wp\/v2\/product\/741196\/revisions"}],"wp:featuredmedia":[{"embeddable":true,"href":"https:\/\/stoic-curie.212-227-153-4.plesk.page\/hr\/wp-json\/wp\/v2\/media\/5940658"}],"wp:attachment":[{"href":"https:\/\/stoic-curie.212-227-153-4.plesk.page\/hr\/wp-json\/wp\/v2\/media?parent=741196"}],"wp:term":[{"taxonomy":"product_brand","embeddable":true,"href":"https:\/\/stoic-curie.212-227-153-4.plesk.page\/hr\/wp-json\/wp\/v2\/product_brand?post=741196"},{"taxonomy":"product_cat","embeddable":true,"href":"https:\/\/stoic-curie.212-227-153-4.plesk.page\/hr\/wp-json\/wp\/v2\/product_cat?post=741196"},{"taxonomy":"product_tag","embeddable":true,"href":"https:\/\/stoic-curie.212-227-153-4.plesk.page\/hr\/wp-json\/wp\/v2\/product_tag?post=741196"}],"curies":[{"name":"wp","href":"https:\/\/api.w.org\/{rel}","templated":true}]}}