{"id":741198,"date":"2025-03-03T18:13:05","date_gmt":"2025-03-03T17:13:05","guid":{"rendered":"https:\/\/stoic-curie.212-227-153-4.plesk.page\/producto\/tv-antena-glomex-talitha-v9125agcu-dab20\/"},"modified":"2026-02-25T00:00:50","modified_gmt":"2026-02-25T00:00:50","slug":"tv-antena-glomex-talitha-v9125agcu-dab20","status":"publish","type":"product","link":"https:\/\/stoic-curie.212-227-153-4.plesk.page\/hr\/product\/tv-antena-glomex-talitha-v9125agcu-dab20\/","title":{"rendered":"TV Antena Glomex Talitha V9125AGCU\/DAB20"},"content":{"rendered":"<p>TV Antena Glomex Talitha V9125AGCU\/DAB20 &#8211; <\/p>\n<p>Omnidirekcijska Glomex V9125AGCU\/DAB20 Talitha antena za analognu\/digitalnu TV. Zahvaljuju\u0107i visini od 31 mm, koja omogu\u0107uje prijem vertikalnih signala, ova antena mo\u017ee primati analogne ili digitalne TV signale polarizirane horizontalno i vertikalno, \u010dime je idealno rje\u0161enje za svaku vrstu broda, jedrilice ili motornog \u010damca. Opremljena je stylusom za primanje DAB signala i automatskim poja\u010dalom kontrole poja\u010danja (AGC) koje osigurava savr\u0161eni signal na moru i na vezu. Ako je povezana s V9147 razdjelnikom (2-puta, opcionalno), instaliranim izme\u0111u antene i poja\u010dala, mo\u017ee tako\u0111er primati AM-FM radio frekvencije. Frekvencija 87,5\/774 MHz, 174\/240 MHz DA &#8211; Impedancija 75 Ohm &#8211; Univerzalno napajanje 12\/24V.<\/p>\n","protected":false},"excerpt":{"rendered":"<p>TV Antena Glomex Talitha V9125AGCU\/DAB20 &#8211; Omnidirekcijska Glomex V9125AGCU\/DAB20 Talitha antena za analognu\/digitalnu TV. Zahvaljuju\u0107i visini od 31 mm, koja<\/p>\n","protected":false},"featured_media":5940667,"comment_status":"open","ping_status":"closed","template":"","meta":[],"product_brand":[2981],"product_cat":[1754],"product_tag":[],"class_list":{"0":"post-741198","1":"product","2":"type-product","3":"status-publish","4":"has-post-thumbnail","6":"product_brand-glomex-hr","7":"product_cat-tv-antene","9":"first","10":"instock","11":"shipping-taxable","12":"purchasable","13":"product-type-simple"},"_links":{"self":[{"href":"https:\/\/stoic-curie.212-227-153-4.plesk.page\/hr\/wp-json\/wp\/v2\/product\/741198","targetHints":{"allow":["GET"]}}],"collection":[{"href":"https:\/\/stoic-curie.212-227-153-4.plesk.page\/hr\/wp-json\/wp\/v2\/product"}],"about":[{"href":"https:\/\/stoic-curie.212-227-153-4.plesk.page\/hr\/wp-json\/wp\/v2\/types\/product"}],"replies":[{"embeddable":true,"href":"https:\/\/stoic-curie.212-227-153-4.plesk.page\/hr\/wp-json\/wp\/v2\/comments?post=741198"}],"version-history":[{"count":0,"href":"https:\/\/stoic-curie.212-227-153-4.plesk.page\/hr\/wp-json\/wp\/v2\/product\/741198\/revisions"}],"wp:featuredmedia":[{"embeddable":true,"href":"https:\/\/stoic-curie.212-227-153-4.plesk.page\/hr\/wp-json\/wp\/v2\/media\/5940667"}],"wp:attachment":[{"href":"https:\/\/stoic-curie.212-227-153-4.plesk.page\/hr\/wp-json\/wp\/v2\/media?parent=741198"}],"wp:term":[{"taxonomy":"product_brand","embeddable":true,"href":"https:\/\/stoic-curie.212-227-153-4.plesk.page\/hr\/wp-json\/wp\/v2\/product_brand?post=741198"},{"taxonomy":"product_cat","embeddable":true,"href":"https:\/\/stoic-curie.212-227-153-4.plesk.page\/hr\/wp-json\/wp\/v2\/product_cat?post=741198"},{"taxonomy":"product_tag","embeddable":true,"href":"https:\/\/stoic-curie.212-227-153-4.plesk.page\/hr\/wp-json\/wp\/v2\/product_tag?post=741198"}],"curies":[{"name":"wp","href":"https:\/\/api.w.org\/{rel}","templated":true}]}}