{"id":741199,"date":"2025-03-03T18:13:05","date_gmt":"2025-03-03T17:13:05","guid":{"rendered":"https:\/\/stoic-curie.212-227-153-4.plesk.page\/producto\/tv-antena-glomex-nashira-v9112-12\/"},"modified":"2026-02-25T00:00:50","modified_gmt":"2026-02-25T00:00:50","slug":"tv-antena-glomex-nashira-v9112-12","status":"publish","type":"product","link":"https:\/\/stoic-curie.212-227-153-4.plesk.page\/hr\/product\/tv-antena-glomex-nashira-v9112-12\/","title":{"rendered":"TV Antena Glomex Nashira V9112 \/ 12"},"content":{"rendered":"<p>TV Antena Glomex Nashira V9112 \/ 12 &#8211; <\/p>\n<p>Omnidirekcijska Glomex V9112AGCU\/DAB20 Nashira TV antena prima analogne i digitalne TV signale. Zahvaljuju\u0107i visini od 55 mm u obliku peraje morskog psa, sposobna je primati vertikalne i horizontalne polarizirane TV signale, \u0161to je \u010dini idealnim rje\u0161enjem za sve vrste brodova, jedrilica ili motornih \u010damaca. Oja\u010dana baza s mikro-zavarivanim nosa\u010dem od nehr\u0111aju\u0107eg \u010delika osigurava najbolju stabilnost antene u svim uvjetima na moru. Opremljena je stilusom za primanje DAB signala i automatskim poja\u010dalom za kontrolu poja\u010danja (AGC) koje osigurava savr\u0161en signal i na moru i u luci. Uz V9147 razdjelnik, instaliran izme\u0111u antene i poja\u010dala, antena tako\u0111er mo\u017ee primati AM-FM radio frekvencije. Mo\u017ee se postaviti za maks. 2 TV ure\u0111aja. Frekvencija 87,5\/774 MHz, 174\/240 MHz DAB &#8211; Impedancija 75 Ohm &#8211; Univerzalno napajanje 12\/24V. U kompletu s 20 m koaksijalnim kabelom i TV kabelom.<\/p>\n","protected":false},"excerpt":{"rendered":"<p>TV Antena Glomex Nashira V9112 \/ 12 &#8211; Omnidirekcijska Glomex V9112AGCU\/DAB20 Nashira TV antena prima analogne i digitalne TV signale.<\/p>\n","protected":false},"featured_media":5940669,"comment_status":"open","ping_status":"closed","template":"","meta":[],"product_brand":[2981],"product_cat":[1754],"product_tag":[],"class_list":{"0":"post-741199","1":"product","2":"type-product","3":"status-publish","4":"has-post-thumbnail","6":"product_brand-glomex-hr","7":"product_cat-tv-antene","9":"first","10":"instock","11":"shipping-taxable","12":"purchasable","13":"product-type-simple"},"_links":{"self":[{"href":"https:\/\/stoic-curie.212-227-153-4.plesk.page\/hr\/wp-json\/wp\/v2\/product\/741199","targetHints":{"allow":["GET"]}}],"collection":[{"href":"https:\/\/stoic-curie.212-227-153-4.plesk.page\/hr\/wp-json\/wp\/v2\/product"}],"about":[{"href":"https:\/\/stoic-curie.212-227-153-4.plesk.page\/hr\/wp-json\/wp\/v2\/types\/product"}],"replies":[{"embeddable":true,"href":"https:\/\/stoic-curie.212-227-153-4.plesk.page\/hr\/wp-json\/wp\/v2\/comments?post=741199"}],"version-history":[{"count":0,"href":"https:\/\/stoic-curie.212-227-153-4.plesk.page\/hr\/wp-json\/wp\/v2\/product\/741199\/revisions"}],"wp:featuredmedia":[{"embeddable":true,"href":"https:\/\/stoic-curie.212-227-153-4.plesk.page\/hr\/wp-json\/wp\/v2\/media\/5940669"}],"wp:attachment":[{"href":"https:\/\/stoic-curie.212-227-153-4.plesk.page\/hr\/wp-json\/wp\/v2\/media?parent=741199"}],"wp:term":[{"taxonomy":"product_brand","embeddable":true,"href":"https:\/\/stoic-curie.212-227-153-4.plesk.page\/hr\/wp-json\/wp\/v2\/product_brand?post=741199"},{"taxonomy":"product_cat","embeddable":true,"href":"https:\/\/stoic-curie.212-227-153-4.plesk.page\/hr\/wp-json\/wp\/v2\/product_cat?post=741199"},{"taxonomy":"product_tag","embeddable":true,"href":"https:\/\/stoic-curie.212-227-153-4.plesk.page\/hr\/wp-json\/wp\/v2\/product_tag?post=741199"}],"curies":[{"name":"wp","href":"https:\/\/api.w.org\/{rel}","templated":true}]}}