{"id":741203,"date":"2025-03-03T18:13:06","date_gmt":"2025-03-03T17:13:06","guid":{"rendered":"https:\/\/stoic-curie.212-227-153-4.plesk.page\/producto\/star-brite-aluminijska-teleskopska-rucka-152-304cm\/"},"modified":"2026-02-25T00:00:51","modified_gmt":"2026-02-25T00:00:51","slug":"star-brite-aluminijska-teleskopska-rucka-152-304cm","status":"publish","type":"product","link":"https:\/\/stoic-curie.212-227-153-4.plesk.page\/hr\/product\/star-brite-aluminijska-teleskopska-rucka-152-304cm\/","title":{"rendered":"Star Brite aluminijska teleskopska ru\u010dka 152 &#8211; 304cm"},"content":{"rendered":"<p>Star Brite aluminijska teleskopska ru\u010dka 152 &#8211; 304cm &#8211; <\/p>\n<p>Aeronauti\u010dke anodizirane aluminijske teleskopske ru\u010dke s ru\u010dkama protiv klizanja i &#8220;twist-lock&#8221; priklju\u010dkom za Star Brite \u010detke. Tipka od nehr\u0111aju\u0107eg \u010delika za instantno povezivanje\/razdvajanje \u010detki. Verzija Extend Wash ima priklju\u010dak za crijevo za vodu i ventil.<\/p>\n","protected":false},"excerpt":{"rendered":"<p>Star Brite aluminijska teleskopska ru\u010dka 152 &#8211; 304cm &#8211; Aeronauti\u010dke anodizirane aluminijske teleskopske ru\u010dke s ru\u010dkama protiv klizanja i &#8220;twist-lock&#8221;<\/p>\n","protected":false},"featured_media":5940690,"comment_status":"open","ping_status":"closed","template":"","meta":[],"product_brand":[3436],"product_cat":[1633],"product_tag":[],"class_list":{"0":"post-741203","1":"product","2":"type-product","3":"status-publish","4":"has-post-thumbnail","6":"product_brand-starbrite-hr","7":"product_cat-cetke-za-ciscenje","9":"first","10":"instock","11":"shipping-taxable","12":"purchasable","13":"product-type-simple"},"_links":{"self":[{"href":"https:\/\/stoic-curie.212-227-153-4.plesk.page\/hr\/wp-json\/wp\/v2\/product\/741203","targetHints":{"allow":["GET"]}}],"collection":[{"href":"https:\/\/stoic-curie.212-227-153-4.plesk.page\/hr\/wp-json\/wp\/v2\/product"}],"about":[{"href":"https:\/\/stoic-curie.212-227-153-4.plesk.page\/hr\/wp-json\/wp\/v2\/types\/product"}],"replies":[{"embeddable":true,"href":"https:\/\/stoic-curie.212-227-153-4.plesk.page\/hr\/wp-json\/wp\/v2\/comments?post=741203"}],"version-history":[{"count":0,"href":"https:\/\/stoic-curie.212-227-153-4.plesk.page\/hr\/wp-json\/wp\/v2\/product\/741203\/revisions"}],"wp:featuredmedia":[{"embeddable":true,"href":"https:\/\/stoic-curie.212-227-153-4.plesk.page\/hr\/wp-json\/wp\/v2\/media\/5940690"}],"wp:attachment":[{"href":"https:\/\/stoic-curie.212-227-153-4.plesk.page\/hr\/wp-json\/wp\/v2\/media?parent=741203"}],"wp:term":[{"taxonomy":"product_brand","embeddable":true,"href":"https:\/\/stoic-curie.212-227-153-4.plesk.page\/hr\/wp-json\/wp\/v2\/product_brand?post=741203"},{"taxonomy":"product_cat","embeddable":true,"href":"https:\/\/stoic-curie.212-227-153-4.plesk.page\/hr\/wp-json\/wp\/v2\/product_cat?post=741203"},{"taxonomy":"product_tag","embeddable":true,"href":"https:\/\/stoic-curie.212-227-153-4.plesk.page\/hr\/wp-json\/wp\/v2\/product_tag?post=741203"}],"curies":[{"name":"wp","href":"https:\/\/api.w.org\/{rel}","templated":true}]}}