{"id":741206,"date":"2025-03-03T18:13:07","date_gmt":"2025-03-03T17:13:07","guid":{"rendered":"https:\/\/stoic-curie.212-227-153-4.plesk.page\/producto\/poliesterska-smola-s-katalizatorom-4-l\/"},"modified":"2026-02-25T00:00:51","modified_gmt":"2026-02-25T00:00:51","slug":"poliesterska-smola-s-katalizatorom-4-l","status":"publish","type":"product","link":"https:\/\/stoic-curie.212-227-153-4.plesk.page\/hr\/product\/poliesterska-smola-s-katalizatorom-4-l\/","title":{"rendered":"Poliesterska smola s katalizatorom 4 l"},"content":{"rendered":"<p>Poliesterska smola s katalizatorom 4 l &#8211; <\/p>\n<p>Poliesterska smola za ubrzanu permeaciju, kompletna s u\u010dvr\u0161\u0107iva\u010dem. Odobreno od strane Lloyd&#8217;s Register.<\/p>\n","protected":false},"excerpt":{"rendered":"<p>Poliesterska smola s katalizatorom 4 l &#8211; Poliesterska smola za ubrzanu permeaciju, kompletna s u\u010dvr\u0161\u0107iva\u010dem. Odobreno od strane Lloyd&#8217;s Register.<\/p>\n","protected":false},"featured_media":5940729,"comment_status":"open","ping_status":"closed","template":"","meta":[],"product_brand":[2871],"product_cat":[1626],"product_tag":[],"class_list":{"0":"post-741206","1":"product","2":"type-product","3":"status-publish","4":"has-post-thumbnail","6":"product_brand-crc-marine-hr","7":"product_cat-proizvodi-za-odrzavanje","9":"first","10":"instock","11":"shipping-taxable","12":"purchasable","13":"product-type-simple"},"_links":{"self":[{"href":"https:\/\/stoic-curie.212-227-153-4.plesk.page\/hr\/wp-json\/wp\/v2\/product\/741206","targetHints":{"allow":["GET"]}}],"collection":[{"href":"https:\/\/stoic-curie.212-227-153-4.plesk.page\/hr\/wp-json\/wp\/v2\/product"}],"about":[{"href":"https:\/\/stoic-curie.212-227-153-4.plesk.page\/hr\/wp-json\/wp\/v2\/types\/product"}],"replies":[{"embeddable":true,"href":"https:\/\/stoic-curie.212-227-153-4.plesk.page\/hr\/wp-json\/wp\/v2\/comments?post=741206"}],"version-history":[{"count":0,"href":"https:\/\/stoic-curie.212-227-153-4.plesk.page\/hr\/wp-json\/wp\/v2\/product\/741206\/revisions"}],"wp:featuredmedia":[{"embeddable":true,"href":"https:\/\/stoic-curie.212-227-153-4.plesk.page\/hr\/wp-json\/wp\/v2\/media\/5940729"}],"wp:attachment":[{"href":"https:\/\/stoic-curie.212-227-153-4.plesk.page\/hr\/wp-json\/wp\/v2\/media?parent=741206"}],"wp:term":[{"taxonomy":"product_brand","embeddable":true,"href":"https:\/\/stoic-curie.212-227-153-4.plesk.page\/hr\/wp-json\/wp\/v2\/product_brand?post=741206"},{"taxonomy":"product_cat","embeddable":true,"href":"https:\/\/stoic-curie.212-227-153-4.plesk.page\/hr\/wp-json\/wp\/v2\/product_cat?post=741206"},{"taxonomy":"product_tag","embeddable":true,"href":"https:\/\/stoic-curie.212-227-153-4.plesk.page\/hr\/wp-json\/wp\/v2\/product_tag?post=741206"}],"curies":[{"name":"wp","href":"https:\/\/api.w.org\/{rel}","templated":true}]}}