{"id":741208,"date":"2025-03-03T18:13:07","date_gmt":"2025-03-03T17:13:07","guid":{"rendered":"https:\/\/stoic-curie.212-227-153-4.plesk.page\/producto\/sampon-za-brod-star-brite-38-l\/"},"modified":"2026-02-25T00:00:51","modified_gmt":"2026-02-25T00:00:51","slug":"sampon-za-brod-star-brite-38-l","status":"publish","type":"product","link":"https:\/\/stoic-curie.212-227-153-4.plesk.page\/hr\/product\/sampon-za-brod-star-brite-38-l\/","title":{"rendered":"\u0160ampon za brod Star Brite, 3,8 l"},"content":{"rendered":"<p>\u0160ampon za brod Star Brite, 3,8 l &#8211; <\/p>\n<p>\u2022 Ostavlja trupe, palube, krom i hardver sjajnima<br \/>\u2022 Jeftino &#8211; 2 ili 3 \u010depova razrije\u0111ena u kantici vode \u010disti plovilo od 7 metara<br \/>\u2022 Ne ostavlja tragove, ne ostavlja ostatke<br \/>\u2022 Ne uklanja vosak ili poliranje<br \/>\u2022 Ekolo\u0161ki prihvatljivo zbog svoje biorazgradive formule<\/p>\n","protected":false},"excerpt":{"rendered":"<p>\u0160ampon za brod Star Brite, 3,8 l &#8211; \u2022 Ostavlja trupe, palube, krom i hardver sjajnima\u2022 Jeftino &#8211; 2 ili<\/p>\n","protected":false},"featured_media":5940750,"comment_status":"open","ping_status":"closed","template":"","meta":[],"product_brand":[3436],"product_cat":[1628],"product_tag":[],"class_list":{"0":"post-741208","1":"product","2":"type-product","3":"status-publish","4":"has-post-thumbnail","6":"product_brand-starbrite-hr","7":"product_cat-proizvodi-za-ciscenje","9":"first","10":"instock","11":"shipping-taxable","12":"purchasable","13":"product-type-simple"},"_links":{"self":[{"href":"https:\/\/stoic-curie.212-227-153-4.plesk.page\/hr\/wp-json\/wp\/v2\/product\/741208","targetHints":{"allow":["GET"]}}],"collection":[{"href":"https:\/\/stoic-curie.212-227-153-4.plesk.page\/hr\/wp-json\/wp\/v2\/product"}],"about":[{"href":"https:\/\/stoic-curie.212-227-153-4.plesk.page\/hr\/wp-json\/wp\/v2\/types\/product"}],"replies":[{"embeddable":true,"href":"https:\/\/stoic-curie.212-227-153-4.plesk.page\/hr\/wp-json\/wp\/v2\/comments?post=741208"}],"version-history":[{"count":0,"href":"https:\/\/stoic-curie.212-227-153-4.plesk.page\/hr\/wp-json\/wp\/v2\/product\/741208\/revisions"}],"wp:featuredmedia":[{"embeddable":true,"href":"https:\/\/stoic-curie.212-227-153-4.plesk.page\/hr\/wp-json\/wp\/v2\/media\/5940750"}],"wp:attachment":[{"href":"https:\/\/stoic-curie.212-227-153-4.plesk.page\/hr\/wp-json\/wp\/v2\/media?parent=741208"}],"wp:term":[{"taxonomy":"product_brand","embeddable":true,"href":"https:\/\/stoic-curie.212-227-153-4.plesk.page\/hr\/wp-json\/wp\/v2\/product_brand?post=741208"},{"taxonomy":"product_cat","embeddable":true,"href":"https:\/\/stoic-curie.212-227-153-4.plesk.page\/hr\/wp-json\/wp\/v2\/product_cat?post=741208"},{"taxonomy":"product_tag","embeddable":true,"href":"https:\/\/stoic-curie.212-227-153-4.plesk.page\/hr\/wp-json\/wp\/v2\/product_tag?post=741208"}],"curies":[{"name":"wp","href":"https:\/\/api.w.org\/{rel}","templated":true}]}}