{"id":741209,"date":"2025-03-03T18:13:08","date_gmt":"2025-03-03T17:13:08","guid":{"rendered":"https:\/\/stoic-curie.212-227-153-4.plesk.page\/producto\/sredstvo-za-poliranje-star-brite-premium-1lt\/"},"modified":"2026-02-25T00:00:51","modified_gmt":"2026-02-25T00:00:51","slug":"sredstvo-za-poliranje-star-brite-premium-1lt","status":"publish","type":"product","link":"https:\/\/stoic-curie.212-227-153-4.plesk.page\/hr\/product\/sredstvo-za-poliranje-star-brite-premium-1lt\/","title":{"rendered":"Sredstvo za poliranje Star Brite Premium 1LT"},"content":{"rendered":"<p>Sredstvo za poliranje Star Brite Premium 1LT &#8211; <\/p>\n<p>\u2022 Ultimativna za\u0161tita za povr\u0161ine od stakloplastike, metala i boje<br \/>\u2022 UV inhibitori poma\u017eu u spre\u010davanju izblje\u0111ivanja i oksidacije<br \/>\u2022 Za srednju do jaku oksidaciju, koristite Premium Cleaner Wax<br \/>\u2022 Ostavlja super glatku, neprianjaju\u0107u PTEF\u00ae prevlaku koja smanjuje trenje i odbija prljav\u0161tinu, blato, ulje i mrlje<\/p>\n","protected":false},"excerpt":{"rendered":"<p>Sredstvo za poliranje Star Brite Premium 1LT &#8211; \u2022 Ultimativna za\u0161tita za povr\u0161ine od stakloplastike, metala i boje\u2022 UV inhibitori<\/p>\n","protected":false},"featured_media":5940761,"comment_status":"open","ping_status":"closed","template":"","meta":[],"product_brand":[2225,3436],"product_cat":[1626],"product_tag":[],"class_list":{"0":"post-741209","1":"product","2":"type-product","3":"status-publish","4":"has-post-thumbnail","6":"product_brand-starbrite","7":"product_brand-starbrite-hr","8":"product_cat-proizvodi-za-odrzavanje","10":"first","11":"instock","12":"shipping-taxable","13":"purchasable","14":"product-type-simple"},"_links":{"self":[{"href":"https:\/\/stoic-curie.212-227-153-4.plesk.page\/hr\/wp-json\/wp\/v2\/product\/741209","targetHints":{"allow":["GET"]}}],"collection":[{"href":"https:\/\/stoic-curie.212-227-153-4.plesk.page\/hr\/wp-json\/wp\/v2\/product"}],"about":[{"href":"https:\/\/stoic-curie.212-227-153-4.plesk.page\/hr\/wp-json\/wp\/v2\/types\/product"}],"replies":[{"embeddable":true,"href":"https:\/\/stoic-curie.212-227-153-4.plesk.page\/hr\/wp-json\/wp\/v2\/comments?post=741209"}],"version-history":[{"count":0,"href":"https:\/\/stoic-curie.212-227-153-4.plesk.page\/hr\/wp-json\/wp\/v2\/product\/741209\/revisions"}],"wp:featuredmedia":[{"embeddable":true,"href":"https:\/\/stoic-curie.212-227-153-4.plesk.page\/hr\/wp-json\/wp\/v2\/media\/5940761"}],"wp:attachment":[{"href":"https:\/\/stoic-curie.212-227-153-4.plesk.page\/hr\/wp-json\/wp\/v2\/media?parent=741209"}],"wp:term":[{"taxonomy":"product_brand","embeddable":true,"href":"https:\/\/stoic-curie.212-227-153-4.plesk.page\/hr\/wp-json\/wp\/v2\/product_brand?post=741209"},{"taxonomy":"product_cat","embeddable":true,"href":"https:\/\/stoic-curie.212-227-153-4.plesk.page\/hr\/wp-json\/wp\/v2\/product_cat?post=741209"},{"taxonomy":"product_tag","embeddable":true,"href":"https:\/\/stoic-curie.212-227-153-4.plesk.page\/hr\/wp-json\/wp\/v2\/product_tag?post=741209"}],"curies":[{"name":"wp","href":"https:\/\/api.w.org\/{rel}","templated":true}]}}