{"id":741221,"date":"2025-03-03T18:13:10","date_gmt":"2025-03-03T17:13:10","guid":{"rendered":"https:\/\/stoic-curie.212-227-153-4.plesk.page\/producto\/ronilacki-noz-sub12-zuti-12-cm\/"},"modified":"2026-02-25T00:00:51","modified_gmt":"2026-02-25T00:00:51","slug":"ronilacki-noz-sub12-zuti-12-cm","status":"publish","type":"product","link":"https:\/\/stoic-curie.212-227-153-4.plesk.page\/hr\/product\/ronilacki-noz-sub12-zuti-12-cm\/","title":{"rendered":"Ronilacki no\u017e Sub12 \u017euti, 12 cm"},"content":{"rendered":"<p>Ronilacki no\u017e Sub12 \u017euti, 12 cm &#8211; <\/p>\n<p>No\u017e za ronjenje s reza\u010dem za u\u017ead i otvara\u010dem kop\u010di. U kompletu s futrolom i remenom. O\u0161trica od nehr\u0111aju\u0107eg \u010delika W1.4116. O\u0161trica se treba isprati slatkom vodom i podmazati nakon upotrebe.<\/p>\n","protected":false},"excerpt":{"rendered":"<p>Ronilacki no\u017e Sub12 \u017euti, 12 cm &#8211; No\u017e za ronjenje s reza\u010dem za u\u017ead i otvara\u010dem kop\u010di. U kompletu s<\/p>\n","protected":false},"featured_media":5940801,"comment_status":"open","ping_status":"closed","template":"","meta":[],"product_brand":[3081],"product_cat":[1856,1844],"product_tag":[],"class_list":{"0":"post-741221","1":"product","2":"type-product","3":"status-publish","4":"has-post-thumbnail","6":"product_brand-macs-hr","7":"product_cat-jedrilicarski-nozevi-i-alati","8":"product_cat-oprema-za-ronjenje","10":"first","11":"instock","12":"shipping-taxable","13":"purchasable","14":"product-type-simple"},"_links":{"self":[{"href":"https:\/\/stoic-curie.212-227-153-4.plesk.page\/hr\/wp-json\/wp\/v2\/product\/741221","targetHints":{"allow":["GET"]}}],"collection":[{"href":"https:\/\/stoic-curie.212-227-153-4.plesk.page\/hr\/wp-json\/wp\/v2\/product"}],"about":[{"href":"https:\/\/stoic-curie.212-227-153-4.plesk.page\/hr\/wp-json\/wp\/v2\/types\/product"}],"replies":[{"embeddable":true,"href":"https:\/\/stoic-curie.212-227-153-4.plesk.page\/hr\/wp-json\/wp\/v2\/comments?post=741221"}],"version-history":[{"count":0,"href":"https:\/\/stoic-curie.212-227-153-4.plesk.page\/hr\/wp-json\/wp\/v2\/product\/741221\/revisions"}],"wp:featuredmedia":[{"embeddable":true,"href":"https:\/\/stoic-curie.212-227-153-4.plesk.page\/hr\/wp-json\/wp\/v2\/media\/5940801"}],"wp:attachment":[{"href":"https:\/\/stoic-curie.212-227-153-4.plesk.page\/hr\/wp-json\/wp\/v2\/media?parent=741221"}],"wp:term":[{"taxonomy":"product_brand","embeddable":true,"href":"https:\/\/stoic-curie.212-227-153-4.plesk.page\/hr\/wp-json\/wp\/v2\/product_brand?post=741221"},{"taxonomy":"product_cat","embeddable":true,"href":"https:\/\/stoic-curie.212-227-153-4.plesk.page\/hr\/wp-json\/wp\/v2\/product_cat?post=741221"},{"taxonomy":"product_tag","embeddable":true,"href":"https:\/\/stoic-curie.212-227-153-4.plesk.page\/hr\/wp-json\/wp\/v2\/product_tag?post=741221"}],"curies":[{"name":"wp","href":"https:\/\/api.w.org\/{rel}","templated":true}]}}