{"id":741223,"date":"2025-03-03T18:13:11","date_gmt":"2025-03-03T17:13:11","guid":{"rendered":"https:\/\/stoic-curie.212-227-153-4.plesk.page\/producto\/kompaktni-ronilacki-noz-aquatis-crno-plavi-12cm\/"},"modified":"2026-02-25T00:00:51","modified_gmt":"2026-02-25T00:00:51","slug":"kompaktni-ronilacki-noz-aquatis-crno-plavi-12cm","status":"publish","type":"product","link":"https:\/\/stoic-curie.212-227-153-4.plesk.page\/hr\/product\/kompaktni-ronilacki-noz-aquatis-crno-plavi-12cm\/","title":{"rendered":"Kompaktni ronilacki no\u017e Aquatis crno-plavi 12cm"},"content":{"rendered":"<p>Kompaktni ronilacki no\u017e Aquatis crno-plavi 12cm &#8211; <\/p>\n<p>Kompaktno no\u017e za ronjenje s reza\u010dem za u\u017ee i \u0161eki\u0107em na stra\u017enjoj strani. Dolazi s futrolom i remenom. O\u0161trica od nehr\u0111aju\u0107eg \u010delika W1.4116. O\u0161trica se treba isprati slatkom vodom i podmazati nakon kori\u0161tenja.<\/p>\n","protected":false},"excerpt":{"rendered":"<p>Kompaktni ronilacki no\u017e Aquatis crno-plavi 12cm &#8211; Kompaktno no\u017e za ronjenje s reza\u010dem za u\u017ee i \u0161eki\u0107em na stra\u017enjoj strani.<\/p>\n","protected":false},"featured_media":5940806,"comment_status":"open","ping_status":"closed","template":"","meta":[],"product_brand":[3081],"product_cat":[1856,1844],"product_tag":[],"class_list":{"0":"post-741223","1":"product","2":"type-product","3":"status-publish","4":"has-post-thumbnail","6":"product_brand-macs-hr","7":"product_cat-jedrilicarski-nozevi-i-alati","8":"product_cat-oprema-za-ronjenje","10":"first","11":"instock","12":"shipping-taxable","13":"purchasable","14":"product-type-simple"},"_links":{"self":[{"href":"https:\/\/stoic-curie.212-227-153-4.plesk.page\/hr\/wp-json\/wp\/v2\/product\/741223","targetHints":{"allow":["GET"]}}],"collection":[{"href":"https:\/\/stoic-curie.212-227-153-4.plesk.page\/hr\/wp-json\/wp\/v2\/product"}],"about":[{"href":"https:\/\/stoic-curie.212-227-153-4.plesk.page\/hr\/wp-json\/wp\/v2\/types\/product"}],"replies":[{"embeddable":true,"href":"https:\/\/stoic-curie.212-227-153-4.plesk.page\/hr\/wp-json\/wp\/v2\/comments?post=741223"}],"version-history":[{"count":0,"href":"https:\/\/stoic-curie.212-227-153-4.plesk.page\/hr\/wp-json\/wp\/v2\/product\/741223\/revisions"}],"wp:featuredmedia":[{"embeddable":true,"href":"https:\/\/stoic-curie.212-227-153-4.plesk.page\/hr\/wp-json\/wp\/v2\/media\/5940806"}],"wp:attachment":[{"href":"https:\/\/stoic-curie.212-227-153-4.plesk.page\/hr\/wp-json\/wp\/v2\/media?parent=741223"}],"wp:term":[{"taxonomy":"product_brand","embeddable":true,"href":"https:\/\/stoic-curie.212-227-153-4.plesk.page\/hr\/wp-json\/wp\/v2\/product_brand?post=741223"},{"taxonomy":"product_cat","embeddable":true,"href":"https:\/\/stoic-curie.212-227-153-4.plesk.page\/hr\/wp-json\/wp\/v2\/product_cat?post=741223"},{"taxonomy":"product_tag","embeddable":true,"href":"https:\/\/stoic-curie.212-227-153-4.plesk.page\/hr\/wp-json\/wp\/v2\/product_tag?post=741223"}],"curies":[{"name":"wp","href":"https:\/\/api.w.org\/{rel}","templated":true}]}}