{"id":741229,"date":"2025-03-03T18:13:12","date_gmt":"2025-03-03T17:13:12","guid":{"rendered":"https:\/\/stoic-curie.212-227-153-4.plesk.page\/producto\/bowman-ec100-1069-2-rashladnik-hidraulickog-ulja\/"},"modified":"2026-02-25T00:00:51","modified_gmt":"2026-02-25T00:00:51","slug":"bowman-ec100-1069-2-rashladnik-hidraulickog-ulja","status":"publish","type":"product","link":"https:\/\/stoic-curie.212-227-153-4.plesk.page\/hr\/product\/bowman-ec100-1069-2-rashladnik-hidraulickog-ulja\/","title":{"rendered":"Bowman EC100-1069-2, rashladnik hidrauli\u010dkog ulja"},"content":{"rendered":"<p>Bowman EC100-1069-2, rashladnik hidrauli\u010dkog ulja &#8211; <\/p>\n<p>Bowman EC rashladnici ulja za prijenos, podmazivanje i sve teku\u0107ine za prijenos topline. Cijevi od legure nikla otporne na koroziju i bron\u010dani zavr\u0161ni poklopci za vodu. Maksimalan uljni tlak 20 bara. Maksimalan vodeni tlak 16 bara. Maksimalna temperatura 120\u00c2\u00b0C.<\/p>\n","protected":false},"excerpt":{"rendered":"<p>Bowman EC100-1069-2, rashladnik hidrauli\u010dkog ulja &#8211; Bowman EC rashladnici ulja za prijenos, podmazivanje i sve teku\u0107ine za prijenos topline. Cijevi<\/p>\n","protected":false},"featured_media":5940818,"comment_status":"open","ping_status":"closed","template":"","meta":[],"product_brand":[2846],"product_cat":[1790],"product_tag":[],"class_list":{"0":"post-741229","1":"product","2":"type-product","3":"status-publish","4":"has-post-thumbnail","6":"product_brand-bowman-hr","7":"product_cat-izmjenjivaci-topline-i-uljni-hladnjaci","9":"first","10":"instock","11":"shipping-taxable","12":"purchasable","13":"product-type-simple"},"_links":{"self":[{"href":"https:\/\/stoic-curie.212-227-153-4.plesk.page\/hr\/wp-json\/wp\/v2\/product\/741229","targetHints":{"allow":["GET"]}}],"collection":[{"href":"https:\/\/stoic-curie.212-227-153-4.plesk.page\/hr\/wp-json\/wp\/v2\/product"}],"about":[{"href":"https:\/\/stoic-curie.212-227-153-4.plesk.page\/hr\/wp-json\/wp\/v2\/types\/product"}],"replies":[{"embeddable":true,"href":"https:\/\/stoic-curie.212-227-153-4.plesk.page\/hr\/wp-json\/wp\/v2\/comments?post=741229"}],"version-history":[{"count":0,"href":"https:\/\/stoic-curie.212-227-153-4.plesk.page\/hr\/wp-json\/wp\/v2\/product\/741229\/revisions"}],"wp:featuredmedia":[{"embeddable":true,"href":"https:\/\/stoic-curie.212-227-153-4.plesk.page\/hr\/wp-json\/wp\/v2\/media\/5940818"}],"wp:attachment":[{"href":"https:\/\/stoic-curie.212-227-153-4.plesk.page\/hr\/wp-json\/wp\/v2\/media?parent=741229"}],"wp:term":[{"taxonomy":"product_brand","embeddable":true,"href":"https:\/\/stoic-curie.212-227-153-4.plesk.page\/hr\/wp-json\/wp\/v2\/product_brand?post=741229"},{"taxonomy":"product_cat","embeddable":true,"href":"https:\/\/stoic-curie.212-227-153-4.plesk.page\/hr\/wp-json\/wp\/v2\/product_cat?post=741229"},{"taxonomy":"product_tag","embeddable":true,"href":"https:\/\/stoic-curie.212-227-153-4.plesk.page\/hr\/wp-json\/wp\/v2\/product_tag?post=741229"}],"curies":[{"name":"wp","href":"https:\/\/api.w.org\/{rel}","templated":true}]}}