{"id":741232,"date":"2025-03-03T18:13:13","date_gmt":"2025-03-03T17:13:13","guid":{"rendered":"https:\/\/stoic-curie.212-227-153-4.plesk.page\/producto\/bowman-ec160-890-5-rashladnik-hidraulickog-ulja\/"},"modified":"2026-02-25T00:00:51","modified_gmt":"2026-02-25T00:00:51","slug":"bowman-ec160-890-5-rashladnik-hidraulickog-ulja","status":"publish","type":"product","link":"https:\/\/stoic-curie.212-227-153-4.plesk.page\/hr\/product\/bowman-ec160-890-5-rashladnik-hidraulickog-ulja\/","title":{"rendered":"Bowman EC160-890-5, rashladnik hidrauli\u010dkog ulja"},"content":{"rendered":"<p>Bowman EC160-890-5, rashladnik hidrauli\u010dkog ulja &#8211; <\/p>\n<p style=\"color: rgb(34, 34, 34); font-family: Arial, Helvetica, sans-serif; font-size: small;\">Tubularni hladnjak ulja Bowman EC160-890-5 posebno je dizajniran za hla\u0111enje motornog ulja. Pogodan je za kori\u0161tenje s prijenosima, sustavima podmazivanja i raznim teku\u0107inama za prijenos topline. Ova jedinica ima cijevi od niklovanog legure otporne na koroziju i bron\u010dane \u010depove na kraju, \u0161to osigurava dugotrajnost.<\/p>\n<p style=\"color: rgb(34, 34, 34); font-family: Arial, Helvetica, sans-serif; font-size: small;\">Klju\u010dne specifikacije uklju\u010duju:<\/p>\n<ul style=\"color: rgb(34, 34, 34); font-family: Arial, Helvetica, sans-serif; font-size: small;\">\n<li> Maksimalni tlak ulja: 20 bara<\/li>\n<li> Maksimalni tlak vode: 16 bara<\/li>\n<li> Maksimalna temperatura: 120\u00b0C<\/li>\n<li> Duljina: 590 mm<\/li>\n<li> Materijal: Bakrov-niklovavi cijevni sklop s brodskim mesinganim \u010depovima<\/li>\n<li> Marka: Bowman<\/li>\n<li> Zemlja podrijetla: Ujedinjeno Kraljevstvo<\/li>\n<li> Priklju\u010dci: Ulje &#8211; 3\/4&#8243; BSP \u017eenski; sirova voda &#8211; ravni brodski mesingani \u010depovi za crijeva promjera 45 mm<\/li>\n<li> Vanjski promjer: 100 mm<\/li>\n<li> Maksimalna snaga: 240 HP (180 kW)<\/li>\n<li> Model: EC160<\/li>\n<\/ul>\n<p style=\"color: rgb(34, 34, 34); font-family: Arial, Helvetica, sans-serif; font-size: small;\">Ovaj hladnjak ulja izvrstan je izbor za one koji tra\u017ee pouzdanu izvedbu i kvalitetu u svojim morskim aplikacijama.<\/p>\n","protected":false},"excerpt":{"rendered":"<p>Bowman EC160-890-5, rashladnik hidrauli\u010dkog ulja &#8211; Tubularni hladnjak ulja Bowman EC160-890-5 posebno je dizajniran za hla\u0111enje motornog ulja. Pogodan je<\/p>\n","protected":false},"featured_media":5940819,"comment_status":"open","ping_status":"closed","template":"","meta":[],"product_brand":[2846],"product_cat":[1790],"product_tag":[],"class_list":{"0":"post-741232","1":"product","2":"type-product","3":"status-publish","4":"has-post-thumbnail","6":"product_brand-bowman-hr","7":"product_cat-izmjenjivaci-topline-i-uljni-hladnjaci","9":"first","10":"instock","11":"shipping-taxable","12":"purchasable","13":"product-type-simple"},"_links":{"self":[{"href":"https:\/\/stoic-curie.212-227-153-4.plesk.page\/hr\/wp-json\/wp\/v2\/product\/741232","targetHints":{"allow":["GET"]}}],"collection":[{"href":"https:\/\/stoic-curie.212-227-153-4.plesk.page\/hr\/wp-json\/wp\/v2\/product"}],"about":[{"href":"https:\/\/stoic-curie.212-227-153-4.plesk.page\/hr\/wp-json\/wp\/v2\/types\/product"}],"replies":[{"embeddable":true,"href":"https:\/\/stoic-curie.212-227-153-4.plesk.page\/hr\/wp-json\/wp\/v2\/comments?post=741232"}],"version-history":[{"count":0,"href":"https:\/\/stoic-curie.212-227-153-4.plesk.page\/hr\/wp-json\/wp\/v2\/product\/741232\/revisions"}],"wp:featuredmedia":[{"embeddable":true,"href":"https:\/\/stoic-curie.212-227-153-4.plesk.page\/hr\/wp-json\/wp\/v2\/media\/5940819"}],"wp:attachment":[{"href":"https:\/\/stoic-curie.212-227-153-4.plesk.page\/hr\/wp-json\/wp\/v2\/media?parent=741232"}],"wp:term":[{"taxonomy":"product_brand","embeddable":true,"href":"https:\/\/stoic-curie.212-227-153-4.plesk.page\/hr\/wp-json\/wp\/v2\/product_brand?post=741232"},{"taxonomy":"product_cat","embeddable":true,"href":"https:\/\/stoic-curie.212-227-153-4.plesk.page\/hr\/wp-json\/wp\/v2\/product_cat?post=741232"},{"taxonomy":"product_tag","embeddable":true,"href":"https:\/\/stoic-curie.212-227-153-4.plesk.page\/hr\/wp-json\/wp\/v2\/product_tag?post=741232"}],"curies":[{"name":"wp","href":"https:\/\/api.w.org\/{rel}","templated":true}]}}