{"id":741234,"date":"2025-03-03T18:13:13","date_gmt":"2025-03-03T17:13:13","guid":{"rendered":"https:\/\/stoic-curie.212-227-153-4.plesk.page\/producto\/mz-radio-daljinski-upravljac-gore-dolje-2-tipke-brojac-lanca\/"},"modified":"2026-02-25T00:00:51","modified_gmt":"2026-02-25T00:00:51","slug":"mz-radio-daljinski-upravljac-gore-dolje-2-tipke-brojac-lanca","status":"publish","type":"product","link":"https:\/\/stoic-curie.212-227-153-4.plesk.page\/hr\/product\/mz-radio-daljinski-upravljac-gore-dolje-2-tipke-brojac-lanca\/","title":{"rendered":"Mz radio daljinski upravljac, gore-dolje, 2 tipke, brojac lanca"},"content":{"rendered":"<p>Mz radio daljinski upravljac, gore-dolje, 2 tipke, brojac lanca &#8211; <\/p>\n<p>Daljinski ru\u010dni mjera\u010d lanca za vitlo i do dva propelera. Prikazuje brzinu i metre otpustenog lanca bez vezica, priklju\u010daka ili panela, \u0161to omogu\u0107ava slobodu manevriranja tijekom sidrenja. Uklju\u010duje punjivu bateriju i QI indukcijsku punja\u010du. Napajanje 10-30V, IP67 za\u0161tita, dimenzije 170 x 80 x 50 mm. Dimenzije prijemnika: 150 x 110 x 75 mm.<\/p>\n","protected":false},"excerpt":{"rendered":"<p>Mz radio daljinski upravljac, gore-dolje, 2 tipke, brojac lanca &#8211; Daljinski ru\u010dni mjera\u010d lanca za vitlo i do dva propelera.<\/p>\n","protected":false},"featured_media":5940820,"comment_status":"open","ping_status":"closed","template":"","meta":[],"product_brand":[3161],"product_cat":[1611],"product_tag":[],"class_list":{"0":"post-741234","1":"product","2":"type-product","3":"status-publish","4":"has-post-thumbnail","6":"product_brand-mz-electronic-hr","7":"product_cat-vitla-quick","9":"first","10":"instock","11":"shipping-taxable","12":"purchasable","13":"product-type-simple"},"_links":{"self":[{"href":"https:\/\/stoic-curie.212-227-153-4.plesk.page\/hr\/wp-json\/wp\/v2\/product\/741234","targetHints":{"allow":["GET"]}}],"collection":[{"href":"https:\/\/stoic-curie.212-227-153-4.plesk.page\/hr\/wp-json\/wp\/v2\/product"}],"about":[{"href":"https:\/\/stoic-curie.212-227-153-4.plesk.page\/hr\/wp-json\/wp\/v2\/types\/product"}],"replies":[{"embeddable":true,"href":"https:\/\/stoic-curie.212-227-153-4.plesk.page\/hr\/wp-json\/wp\/v2\/comments?post=741234"}],"version-history":[{"count":0,"href":"https:\/\/stoic-curie.212-227-153-4.plesk.page\/hr\/wp-json\/wp\/v2\/product\/741234\/revisions"}],"wp:featuredmedia":[{"embeddable":true,"href":"https:\/\/stoic-curie.212-227-153-4.plesk.page\/hr\/wp-json\/wp\/v2\/media\/5940820"}],"wp:attachment":[{"href":"https:\/\/stoic-curie.212-227-153-4.plesk.page\/hr\/wp-json\/wp\/v2\/media?parent=741234"}],"wp:term":[{"taxonomy":"product_brand","embeddable":true,"href":"https:\/\/stoic-curie.212-227-153-4.plesk.page\/hr\/wp-json\/wp\/v2\/product_brand?post=741234"},{"taxonomy":"product_cat","embeddable":true,"href":"https:\/\/stoic-curie.212-227-153-4.plesk.page\/hr\/wp-json\/wp\/v2\/product_cat?post=741234"},{"taxonomy":"product_tag","embeddable":true,"href":"https:\/\/stoic-curie.212-227-153-4.plesk.page\/hr\/wp-json\/wp\/v2\/product_tag?post=741234"}],"curies":[{"name":"wp","href":"https:\/\/api.w.org\/{rel}","templated":true}]}}