{"id":741235,"date":"2025-03-03T18:13:14","date_gmt":"2025-03-03T17:13:14","guid":{"rendered":"https:\/\/stoic-curie.212-227-153-4.plesk.page\/producto\/mz-panel-brojaca-lanca\/"},"modified":"2026-02-25T00:00:51","modified_gmt":"2026-02-25T00:00:51","slug":"mz-panel-brojaca-lanca","status":"publish","type":"product","link":"https:\/\/stoic-curie.212-227-153-4.plesk.page\/hr\/product\/mz-panel-brojaca-lanca\/","title":{"rendered":"Mz panel broja\u010da lanca"},"content":{"rendered":"<p>Mz panel broja\u010da lanca &#8211; <\/p>\n<p>Panel za broja\u010d lanaca, broji duljinu opu\u0161tenog lanca. Mali i kompaktni, mo\u017ee se montirati na sve vitlove. Ku\u0107i\u0161te s IP56 za\u0161titom. Univerzalno napajanje 12\/24V. Dimenzije: 60 x 60 x 18 mm.<\/p>\n","protected":false},"excerpt":{"rendered":"<p>Mz panel broja\u010da lanca &#8211; Panel za broja\u010d lanaca, broji duljinu opu\u0161tenog lanca. Mali i kompaktni, mo\u017ee se montirati na<\/p>\n","protected":false},"featured_media":5940821,"comment_status":"open","ping_status":"closed","template":"","meta":[],"product_brand":[3161],"product_cat":[1611],"product_tag":[],"class_list":{"0":"post-741235","1":"product","2":"type-product","3":"status-publish","4":"has-post-thumbnail","6":"product_brand-mz-electronic-hr","7":"product_cat-vitla-quick","9":"first","10":"instock","11":"shipping-taxable","12":"purchasable","13":"product-type-simple"},"_links":{"self":[{"href":"https:\/\/stoic-curie.212-227-153-4.plesk.page\/hr\/wp-json\/wp\/v2\/product\/741235","targetHints":{"allow":["GET"]}}],"collection":[{"href":"https:\/\/stoic-curie.212-227-153-4.plesk.page\/hr\/wp-json\/wp\/v2\/product"}],"about":[{"href":"https:\/\/stoic-curie.212-227-153-4.plesk.page\/hr\/wp-json\/wp\/v2\/types\/product"}],"replies":[{"embeddable":true,"href":"https:\/\/stoic-curie.212-227-153-4.plesk.page\/hr\/wp-json\/wp\/v2\/comments?post=741235"}],"version-history":[{"count":0,"href":"https:\/\/stoic-curie.212-227-153-4.plesk.page\/hr\/wp-json\/wp\/v2\/product\/741235\/revisions"}],"wp:featuredmedia":[{"embeddable":true,"href":"https:\/\/stoic-curie.212-227-153-4.plesk.page\/hr\/wp-json\/wp\/v2\/media\/5940821"}],"wp:attachment":[{"href":"https:\/\/stoic-curie.212-227-153-4.plesk.page\/hr\/wp-json\/wp\/v2\/media?parent=741235"}],"wp:term":[{"taxonomy":"product_brand","embeddable":true,"href":"https:\/\/stoic-curie.212-227-153-4.plesk.page\/hr\/wp-json\/wp\/v2\/product_brand?post=741235"},{"taxonomy":"product_cat","embeddable":true,"href":"https:\/\/stoic-curie.212-227-153-4.plesk.page\/hr\/wp-json\/wp\/v2\/product_cat?post=741235"},{"taxonomy":"product_tag","embeddable":true,"href":"https:\/\/stoic-curie.212-227-153-4.plesk.page\/hr\/wp-json\/wp\/v2\/product_tag?post=741235"}],"curies":[{"name":"wp","href":"https:\/\/api.w.org\/{rel}","templated":true}]}}