{"id":741236,"date":"2025-03-03T18:13:14","date_gmt":"2025-03-03T17:13:14","guid":{"rendered":"https:\/\/stoic-curie.212-227-153-4.plesk.page\/producto\/led-quick-tim-svjetlo-c-90mm-4000-k-nehrdajuci-celik\/"},"modified":"2026-02-25T00:00:51","modified_gmt":"2026-02-25T00:00:51","slug":"led-quick-tim-svjetlo-c-90mm-4000-k-nehrdajuci-celik","status":"publish","type":"product","link":"https:\/\/stoic-curie.212-227-153-4.plesk.page\/hr\/product\/led-quick-tim-svjetlo-c-90mm-4000-k-nehrdajuci-celik\/","title":{"rendered":"LED Quick Tim svjetlo, C 90mm 4000 K, nehr\u0111aju\u0107i \u010delik"},"content":{"rendered":"<p>LED Quick Tim svjetlo, C 90mm 4000 K, nehr\u0111aju\u0107i \u010delik &#8211; <\/p>\n<p>LED kupolna svjetiljka od nehr\u0111aju\u0107eg \u010delika visoke svjetlosti za unutra\u0161njost. Univerzalno napajanje 12\/24V &#8211; 2W. Za\u0161tita IP40.<\/p>\n","protected":false},"excerpt":{"rendered":"<p>LED Quick Tim svjetlo, C 90mm 4000 K, nehr\u0111aju\u0107i \u010delik &#8211; LED kupolna svjetiljka od nehr\u0111aju\u0107eg \u010delika visoke svjetlosti za<\/p>\n","protected":false},"featured_media":5940832,"comment_status":"open","ping_status":"closed","template":"","meta":[],"product_brand":[3281],"product_cat":[1739],"product_tag":[],"class_list":{"0":"post-741236","1":"product","2":"type-product","3":"status-publish","4":"has-post-thumbnail","6":"product_brand-quick-hr","7":"product_cat-rasvjeta","9":"first","10":"instock","11":"shipping-taxable","12":"purchasable","13":"product-type-simple"},"_links":{"self":[{"href":"https:\/\/stoic-curie.212-227-153-4.plesk.page\/hr\/wp-json\/wp\/v2\/product\/741236","targetHints":{"allow":["GET"]}}],"collection":[{"href":"https:\/\/stoic-curie.212-227-153-4.plesk.page\/hr\/wp-json\/wp\/v2\/product"}],"about":[{"href":"https:\/\/stoic-curie.212-227-153-4.plesk.page\/hr\/wp-json\/wp\/v2\/types\/product"}],"replies":[{"embeddable":true,"href":"https:\/\/stoic-curie.212-227-153-4.plesk.page\/hr\/wp-json\/wp\/v2\/comments?post=741236"}],"version-history":[{"count":0,"href":"https:\/\/stoic-curie.212-227-153-4.plesk.page\/hr\/wp-json\/wp\/v2\/product\/741236\/revisions"}],"wp:featuredmedia":[{"embeddable":true,"href":"https:\/\/stoic-curie.212-227-153-4.plesk.page\/hr\/wp-json\/wp\/v2\/media\/5940832"}],"wp:attachment":[{"href":"https:\/\/stoic-curie.212-227-153-4.plesk.page\/hr\/wp-json\/wp\/v2\/media?parent=741236"}],"wp:term":[{"taxonomy":"product_brand","embeddable":true,"href":"https:\/\/stoic-curie.212-227-153-4.plesk.page\/hr\/wp-json\/wp\/v2\/product_brand?post=741236"},{"taxonomy":"product_cat","embeddable":true,"href":"https:\/\/stoic-curie.212-227-153-4.plesk.page\/hr\/wp-json\/wp\/v2\/product_cat?post=741236"},{"taxonomy":"product_tag","embeddable":true,"href":"https:\/\/stoic-curie.212-227-153-4.plesk.page\/hr\/wp-json\/wp\/v2\/product_tag?post=741236"}],"curies":[{"name":"wp","href":"https:\/\/api.w.org\/{rel}","templated":true}]}}