{"id":741239,"date":"2025-03-03T18:13:15","date_gmt":"2025-03-03T17:13:15","guid":{"rendered":"https:\/\/stoic-curie.212-227-153-4.plesk.page\/producto\/senzor-brojaca-lanca-mz\/"},"modified":"2026-02-25T00:00:51","modified_gmt":"2026-02-25T00:00:51","slug":"senzor-brojaca-lanca-mz","status":"publish","type":"product","link":"https:\/\/stoic-curie.212-227-153-4.plesk.page\/hr\/product\/senzor-brojaca-lanca-mz\/","title":{"rendered":"Senzor broja\u010da lanca MZ"},"content":{"rendered":"<p>Senzor broja\u010da lanca MZ &#8211; <\/p>\n<p>Plo\u010da brojila lanaca za sidrenje s daljinskim upravlja\u010dem, broji duljinu otpu\u0161tenog lanca bez vezica, osiguravaju\u0107i slobodu manevriranja tijekom sidrenja. Jednostavna instalacija s izravnom povezano\u0161\u0107u na bateriju. Ku\u0107i\u0161te za\u0161ti\u0107eno s IP56. Dimenzije 100 x 100 x 18 mm.<\/p>\n","protected":false},"excerpt":{"rendered":"<p>Senzor broja\u010da lanca MZ &#8211; Plo\u010da brojila lanaca za sidrenje s daljinskim upravlja\u010dem, broji duljinu otpu\u0161tenog lanca bez vezica, osiguravaju\u0107i<\/p>\n","protected":false},"featured_media":5940846,"comment_status":"open","ping_status":"closed","template":"","meta":[],"product_brand":[2263,3161],"product_cat":[1611],"product_tag":[],"class_list":{"0":"post-741239","1":"product","2":"type-product","3":"status-publish","4":"has-post-thumbnail","6":"product_brand-mz-electronic","7":"product_brand-mz-electronic-hr","8":"product_cat-vitla-quick","10":"first","11":"instock","12":"shipping-taxable","13":"purchasable","14":"product-type-simple"},"_links":{"self":[{"href":"https:\/\/stoic-curie.212-227-153-4.plesk.page\/hr\/wp-json\/wp\/v2\/product\/741239","targetHints":{"allow":["GET"]}}],"collection":[{"href":"https:\/\/stoic-curie.212-227-153-4.plesk.page\/hr\/wp-json\/wp\/v2\/product"}],"about":[{"href":"https:\/\/stoic-curie.212-227-153-4.plesk.page\/hr\/wp-json\/wp\/v2\/types\/product"}],"replies":[{"embeddable":true,"href":"https:\/\/stoic-curie.212-227-153-4.plesk.page\/hr\/wp-json\/wp\/v2\/comments?post=741239"}],"version-history":[{"count":0,"href":"https:\/\/stoic-curie.212-227-153-4.plesk.page\/hr\/wp-json\/wp\/v2\/product\/741239\/revisions"}],"wp:featuredmedia":[{"embeddable":true,"href":"https:\/\/stoic-curie.212-227-153-4.plesk.page\/hr\/wp-json\/wp\/v2\/media\/5940846"}],"wp:attachment":[{"href":"https:\/\/stoic-curie.212-227-153-4.plesk.page\/hr\/wp-json\/wp\/v2\/media?parent=741239"}],"wp:term":[{"taxonomy":"product_brand","embeddable":true,"href":"https:\/\/stoic-curie.212-227-153-4.plesk.page\/hr\/wp-json\/wp\/v2\/product_brand?post=741239"},{"taxonomy":"product_cat","embeddable":true,"href":"https:\/\/stoic-curie.212-227-153-4.plesk.page\/hr\/wp-json\/wp\/v2\/product_cat?post=741239"},{"taxonomy":"product_tag","embeddable":true,"href":"https:\/\/stoic-curie.212-227-153-4.plesk.page\/hr\/wp-json\/wp\/v2\/product_tag?post=741239"}],"curies":[{"name":"wp","href":"https:\/\/api.w.org\/{rel}","templated":true}]}}