{"id":741240,"date":"2025-03-03T18:13:15","date_gmt":"2025-03-03T17:13:15","guid":{"rendered":"https:\/\/stoic-curie.212-227-153-4.plesk.page\/producto\/electronicki-razdjelnik-baterija-140a-2-batteries-24v\/"},"modified":"2026-02-25T00:00:51","modified_gmt":"2026-02-25T00:00:51","slug":"electronicki-razdjelnik-baterija-140a-2-batteries-24v","status":"publish","type":"product","link":"https:\/\/stoic-curie.212-227-153-4.plesk.page\/hr\/product\/electronicki-razdjelnik-baterija-140a-2-batteries-24v\/","title":{"rendered":"Electronicki razdjelnik baterija 140a-2 Batteries 24V"},"content":{"rendered":"<p>Electronicki razdjelnik baterija 140a-2 Batteries 24V &#8211; <\/p>\n<p>MTM VSR Compact senzor rele omogu\u0107ava istovremeno upravljanje punjenjem dviju baterija s jednim alternatorom. Pri pokretanju motora, separator upravlja punjenjem glavne baterije, a kada je glavna baterija napunjena, separator prelazi na punjenje obje baterije paralelno. Pri ga\u0161enju motora, ako napetost baterije padne ispod 12,8V, on se isklju\u010duje kako bi se izbjeglo pra\u017enjenje baterije.<\/p>\n","protected":false},"excerpt":{"rendered":"<p>Electronicki razdjelnik baterija 140a-2 Batteries 24V &#8211; MTM VSR Compact senzor rele omogu\u0107ava istovremeno upravljanje punjenjem dviju baterija s jednim<\/p>\n","protected":false},"featured_media":5939220,"comment_status":"open","ping_status":"closed","template":"","meta":[],"product_brand":[3236],"product_cat":[1737],"product_tag":[],"class_list":{"0":"post-741240","1":"product","2":"type-product","3":"status-publish","4":"has-post-thumbnail","6":"product_brand-osculati-hr","7":"product_cat-punjaci-baterija","9":"first","10":"outofstock","11":"shipping-taxable","12":"purchasable","13":"product-type-simple"},"_links":{"self":[{"href":"https:\/\/stoic-curie.212-227-153-4.plesk.page\/hr\/wp-json\/wp\/v2\/product\/741240","targetHints":{"allow":["GET"]}}],"collection":[{"href":"https:\/\/stoic-curie.212-227-153-4.plesk.page\/hr\/wp-json\/wp\/v2\/product"}],"about":[{"href":"https:\/\/stoic-curie.212-227-153-4.plesk.page\/hr\/wp-json\/wp\/v2\/types\/product"}],"replies":[{"embeddable":true,"href":"https:\/\/stoic-curie.212-227-153-4.plesk.page\/hr\/wp-json\/wp\/v2\/comments?post=741240"}],"version-history":[{"count":0,"href":"https:\/\/stoic-curie.212-227-153-4.plesk.page\/hr\/wp-json\/wp\/v2\/product\/741240\/revisions"}],"wp:featuredmedia":[{"embeddable":true,"href":"https:\/\/stoic-curie.212-227-153-4.plesk.page\/hr\/wp-json\/wp\/v2\/media\/5939220"}],"wp:attachment":[{"href":"https:\/\/stoic-curie.212-227-153-4.plesk.page\/hr\/wp-json\/wp\/v2\/media?parent=741240"}],"wp:term":[{"taxonomy":"product_brand","embeddable":true,"href":"https:\/\/stoic-curie.212-227-153-4.plesk.page\/hr\/wp-json\/wp\/v2\/product_brand?post=741240"},{"taxonomy":"product_cat","embeddable":true,"href":"https:\/\/stoic-curie.212-227-153-4.plesk.page\/hr\/wp-json\/wp\/v2\/product_cat?post=741240"},{"taxonomy":"product_tag","embeddable":true,"href":"https:\/\/stoic-curie.212-227-153-4.plesk.page\/hr\/wp-json\/wp\/v2\/product_tag?post=741240"}],"curies":[{"name":"wp","href":"https:\/\/api.w.org\/{rel}","templated":true}]}}