{"id":741242,"date":"2025-03-03T18:13:15","date_gmt":"2025-03-03T17:13:15","guid":{"rendered":"https:\/\/stoic-curie.212-227-153-4.plesk.page\/producto\/ventil-za-mijesanje-za-grijace-vode-quick\/"},"modified":"2026-02-25T00:00:51","modified_gmt":"2026-02-25T00:00:51","slug":"ventil-za-mijesanje-za-grijace-vode-quick","status":"publish","type":"product","link":"https:\/\/stoic-curie.212-227-153-4.plesk.page\/hr\/product\/ventil-za-mijesanje-za-grijace-vode-quick\/","title":{"rendered":"Ventil za mije\u0161anje za grijace vode Quick"},"content":{"rendered":"<p>Ventil za mije\u0161anje za grijace vode Quick &#8211; <\/p>\n<p>Tanki Nautic ozvu\u010daru za vodu tanji dizajniran za morsku upotrebu. Radi na obali ili koriste\u0107i generator na 1200W-220V elektri\u010dnom otporu ili, zahvaljuju\u0107i specijalnom obavijenom izmjenjiva\u010du topline, s hladnim krugom motora. Odr\u017eava vodu pitkom. Anoda protiv efekta elektrolize uklju\u010dena. Spremnik od 316 nehr\u0111aju\u0107eg \u010delika i izolacijsko ku\u0107i\u0161te. 3 godine jamstva. Treba ga dopuniti kitom za mije\u0161ani ventil.<\/p>\n","protected":false},"excerpt":{"rendered":"<p>Ventil za mije\u0161anje za grijace vode Quick &#8211; Tanki Nautic ozvu\u010daru za vodu tanji dizajniran za morsku upotrebu. Radi na<\/p>\n","protected":false},"featured_media":5940856,"comment_status":"open","ping_status":"closed","template":"","meta":[],"product_brand":[3281],"product_cat":[1651],"product_tag":[],"class_list":{"0":"post-741242","1":"product","2":"type-product","3":"status-publish","4":"has-post-thumbnail","6":"product_brand-quick-hr","7":"product_cat-grijaci-vode","9":"first","10":"instock","11":"shipping-taxable","12":"purchasable","13":"product-type-simple"},"_links":{"self":[{"href":"https:\/\/stoic-curie.212-227-153-4.plesk.page\/hr\/wp-json\/wp\/v2\/product\/741242","targetHints":{"allow":["GET"]}}],"collection":[{"href":"https:\/\/stoic-curie.212-227-153-4.plesk.page\/hr\/wp-json\/wp\/v2\/product"}],"about":[{"href":"https:\/\/stoic-curie.212-227-153-4.plesk.page\/hr\/wp-json\/wp\/v2\/types\/product"}],"replies":[{"embeddable":true,"href":"https:\/\/stoic-curie.212-227-153-4.plesk.page\/hr\/wp-json\/wp\/v2\/comments?post=741242"}],"version-history":[{"count":0,"href":"https:\/\/stoic-curie.212-227-153-4.plesk.page\/hr\/wp-json\/wp\/v2\/product\/741242\/revisions"}],"wp:featuredmedia":[{"embeddable":true,"href":"https:\/\/stoic-curie.212-227-153-4.plesk.page\/hr\/wp-json\/wp\/v2\/media\/5940856"}],"wp:attachment":[{"href":"https:\/\/stoic-curie.212-227-153-4.plesk.page\/hr\/wp-json\/wp\/v2\/media?parent=741242"}],"wp:term":[{"taxonomy":"product_brand","embeddable":true,"href":"https:\/\/stoic-curie.212-227-153-4.plesk.page\/hr\/wp-json\/wp\/v2\/product_brand?post=741242"},{"taxonomy":"product_cat","embeddable":true,"href":"https:\/\/stoic-curie.212-227-153-4.plesk.page\/hr\/wp-json\/wp\/v2\/product_cat?post=741242"},{"taxonomy":"product_tag","embeddable":true,"href":"https:\/\/stoic-curie.212-227-153-4.plesk.page\/hr\/wp-json\/wp\/v2\/product_tag?post=741242"}],"curies":[{"name":"wp","href":"https:\/\/api.w.org\/{rel}","templated":true}]}}