{"id":741243,"date":"2025-03-03T18:13:16","date_gmt":"2025-03-03T17:13:16","guid":{"rendered":"https:\/\/stoic-curie.212-227-153-4.plesk.page\/producto\/rucni-daljinski-upravljac-sa-4-tipke-za-quick-pramcani-potisnik\/"},"modified":"2026-02-25T00:00:51","modified_gmt":"2026-02-25T00:00:51","slug":"rucni-daljinski-upravljac-sa-4-tipke-za-quick-pramcani-potisnik","status":"publish","type":"product","link":"https:\/\/stoic-curie.212-227-153-4.plesk.page\/hr\/product\/rucni-daljinski-upravljac-sa-4-tipke-za-quick-pramcani-potisnik\/","title":{"rendered":"Rucni daljinski upravljac sa 4 tipke za Quick pram\u010dani potisnik"},"content":{"rendered":"<p>Rucni daljinski upravljac sa 4 tipke za Quick pram\u010dani potisnik &#8211; <\/p>\n<p>Be\u017ei\u010dni daljinski upravlja\u010di u ruci i d\u017eepni za Quick propulzore. Plutaju\u0107i, IP67 za\u0161tita i LED indikator. Ru\u010dni prijemnik je opremljen gumiranom \u0161ok otpornom ku\u0107i\u0161tem i tipkovnicom sa pozadinskim osvjetljenjem od silikona. Mo\u017ee raditi s punjivim baterijama. Za dovr\u0161etak s 4 ili 6 relejskim prijemnikom prema tipkama prijemnika.<\/p>\n","protected":false},"excerpt":{"rendered":"<p>Rucni daljinski upravljac sa 4 tipke za Quick pram\u010dani potisnik &#8211; Be\u017ei\u010dni daljinski upravlja\u010di u ruci i d\u017eepni za Quick<\/p>\n","protected":false},"featured_media":5940858,"comment_status":"open","ping_status":"closed","template":"","meta":[],"product_brand":[3281],"product_cat":[1610],"product_tag":[],"class_list":{"0":"post-741243","1":"product","2":"type-product","3":"status-publish","4":"has-post-thumbnail","6":"product_brand-quick-hr","7":"product_cat-pramcani-potisnici-quick","9":"first","10":"instock","11":"shipping-taxable","12":"purchasable","13":"product-type-simple"},"_links":{"self":[{"href":"https:\/\/stoic-curie.212-227-153-4.plesk.page\/hr\/wp-json\/wp\/v2\/product\/741243","targetHints":{"allow":["GET"]}}],"collection":[{"href":"https:\/\/stoic-curie.212-227-153-4.plesk.page\/hr\/wp-json\/wp\/v2\/product"}],"about":[{"href":"https:\/\/stoic-curie.212-227-153-4.plesk.page\/hr\/wp-json\/wp\/v2\/types\/product"}],"replies":[{"embeddable":true,"href":"https:\/\/stoic-curie.212-227-153-4.plesk.page\/hr\/wp-json\/wp\/v2\/comments?post=741243"}],"version-history":[{"count":0,"href":"https:\/\/stoic-curie.212-227-153-4.plesk.page\/hr\/wp-json\/wp\/v2\/product\/741243\/revisions"}],"wp:featuredmedia":[{"embeddable":true,"href":"https:\/\/stoic-curie.212-227-153-4.plesk.page\/hr\/wp-json\/wp\/v2\/media\/5940858"}],"wp:attachment":[{"href":"https:\/\/stoic-curie.212-227-153-4.plesk.page\/hr\/wp-json\/wp\/v2\/media?parent=741243"}],"wp:term":[{"taxonomy":"product_brand","embeddable":true,"href":"https:\/\/stoic-curie.212-227-153-4.plesk.page\/hr\/wp-json\/wp\/v2\/product_brand?post=741243"},{"taxonomy":"product_cat","embeddable":true,"href":"https:\/\/stoic-curie.212-227-153-4.plesk.page\/hr\/wp-json\/wp\/v2\/product_cat?post=741243"},{"taxonomy":"product_tag","embeddable":true,"href":"https:\/\/stoic-curie.212-227-153-4.plesk.page\/hr\/wp-json\/wp\/v2\/product_tag?post=741243"}],"curies":[{"name":"wp","href":"https:\/\/api.w.org\/{rel}","templated":true}]}}