{"id":741252,"date":"2025-03-03T18:13:18","date_gmt":"2025-03-03T17:13:18","guid":{"rendered":"https:\/\/stoic-curie.212-227-153-4.plesk.page\/producto\/ampermetar-vdo-crni-60-60a-52mm\/"},"modified":"2026-02-25T00:00:51","modified_gmt":"2026-02-25T00:00:51","slug":"ampermetar-vdo-crni-60-60a-52mm","status":"publish","type":"product","link":"https:\/\/stoic-curie.212-227-153-4.plesk.page\/hr\/product\/ampermetar-vdo-crni-60-60a-52mm\/","title":{"rendered":"Ampermetar VDO crni -60 + 60A 52mm"},"content":{"rendered":"<p>Ampermetar VDO crni -60 + 60A 52mm &#8211; <\/p>\n<p>View-Line 8-32V VDO mjera\u010di dolaze s kablovima za povezivanje, okvirom i uputama. Dvostrana le\u0107a s anti-mist i IP67 za\u0161titom. Integrirana LED svjetlost.<\/p>\n","protected":false},"excerpt":{"rendered":"<p>Ampermetar VDO crni -60 + 60A 52mm &#8211; View-Line 8-32V VDO mjera\u010di dolaze s kablovima za povezivanje, okvirom i uputama.<\/p>\n","protected":false},"featured_media":5939459,"comment_status":"open","ping_status":"closed","template":"","meta":[],"product_brand":[3511],"product_cat":[1729,1785],"product_tag":[],"class_list":{"0":"post-741252","1":"product","2":"type-product","3":"status-publish","4":"has-post-thumbnail","6":"product_brand-vdo-veratron-hr","7":"product_cat-baterije","8":"product_cat-vdo-instrumenti","10":"first","11":"instock","12":"shipping-taxable","13":"purchasable","14":"product-type-simple"},"_links":{"self":[{"href":"https:\/\/stoic-curie.212-227-153-4.plesk.page\/hr\/wp-json\/wp\/v2\/product\/741252","targetHints":{"allow":["GET"]}}],"collection":[{"href":"https:\/\/stoic-curie.212-227-153-4.plesk.page\/hr\/wp-json\/wp\/v2\/product"}],"about":[{"href":"https:\/\/stoic-curie.212-227-153-4.plesk.page\/hr\/wp-json\/wp\/v2\/types\/product"}],"replies":[{"embeddable":true,"href":"https:\/\/stoic-curie.212-227-153-4.plesk.page\/hr\/wp-json\/wp\/v2\/comments?post=741252"}],"version-history":[{"count":0,"href":"https:\/\/stoic-curie.212-227-153-4.plesk.page\/hr\/wp-json\/wp\/v2\/product\/741252\/revisions"}],"wp:featuredmedia":[{"embeddable":true,"href":"https:\/\/stoic-curie.212-227-153-4.plesk.page\/hr\/wp-json\/wp\/v2\/media\/5939459"}],"wp:attachment":[{"href":"https:\/\/stoic-curie.212-227-153-4.plesk.page\/hr\/wp-json\/wp\/v2\/media?parent=741252"}],"wp:term":[{"taxonomy":"product_brand","embeddable":true,"href":"https:\/\/stoic-curie.212-227-153-4.plesk.page\/hr\/wp-json\/wp\/v2\/product_brand?post=741252"},{"taxonomy":"product_cat","embeddable":true,"href":"https:\/\/stoic-curie.212-227-153-4.plesk.page\/hr\/wp-json\/wp\/v2\/product_cat?post=741252"},{"taxonomy":"product_tag","embeddable":true,"href":"https:\/\/stoic-curie.212-227-153-4.plesk.page\/hr\/wp-json\/wp\/v2\/product_tag?post=741252"}],"curies":[{"name":"wp","href":"https:\/\/api.w.org\/{rel}","templated":true}]}}