{"id":741254,"date":"2025-03-03T18:13:18","date_gmt":"2025-03-03T17:13:18","guid":{"rendered":"https:\/\/stoic-curie.212-227-153-4.plesk.page\/producto\/valovito-ispusno-crijevo-80-x-90-mm\/"},"modified":"2026-02-25T00:00:52","modified_gmt":"2026-02-25T00:00:52","slug":"valovito-ispusno-crijevo-80-x-90-mm","status":"publish","type":"product","link":"https:\/\/stoic-curie.212-227-153-4.plesk.page\/hr\/product\/valovito-ispusno-crijevo-80-x-90-mm\/","title":{"rendered":"Valovito ispu\u0161no crijevo 80 x 90 mm"},"content":{"rendered":"<p>Valovito ispu\u0161no crijevo 80 x 90 mm &#8211; <\/p>\n<p>Fleksibilna valovita gumena crijevo s \u010deli\u010dnom spiralom. Za ispu\u0161tanje ispu\u0161nih plinova zajedno sa sustavom hla\u0111enja plovila. standardi: SAE J 2006:2003 R2-ISO 13363:2004-Tip 2 Klasa B. Odobreno: LLOYD&#8217;S REGISTER N.96\/00127 &#8211; R.I.Na. N.DIP 075110CS.<\/p>\n","protected":false},"excerpt":{"rendered":"<p>Valovito ispu\u0161no crijevo 80 x 90 mm &#8211; Fleksibilna valovita gumena crijevo s \u010deli\u010dnom spiralom. Za ispu\u0161tanje ispu\u0161nih plinova zajedno<\/p>\n","protected":false},"featured_media":5940886,"comment_status":"open","ping_status":"closed","template":"","meta":[],"product_brand":[3356],"product_cat":[1792],"product_tag":[],"class_list":{"0":"post-741254","1":"product","2":"type-product","3":"status-publish","4":"has-post-thumbnail","6":"product_brand-seaflow-hr","7":"product_cat-ispusno-crijevo","9":"first","10":"outofstock","11":"shipping-taxable","12":"purchasable","13":"product-type-simple"},"_links":{"self":[{"href":"https:\/\/stoic-curie.212-227-153-4.plesk.page\/hr\/wp-json\/wp\/v2\/product\/741254","targetHints":{"allow":["GET"]}}],"collection":[{"href":"https:\/\/stoic-curie.212-227-153-4.plesk.page\/hr\/wp-json\/wp\/v2\/product"}],"about":[{"href":"https:\/\/stoic-curie.212-227-153-4.plesk.page\/hr\/wp-json\/wp\/v2\/types\/product"}],"replies":[{"embeddable":true,"href":"https:\/\/stoic-curie.212-227-153-4.plesk.page\/hr\/wp-json\/wp\/v2\/comments?post=741254"}],"version-history":[{"count":0,"href":"https:\/\/stoic-curie.212-227-153-4.plesk.page\/hr\/wp-json\/wp\/v2\/product\/741254\/revisions"}],"wp:featuredmedia":[{"embeddable":true,"href":"https:\/\/stoic-curie.212-227-153-4.plesk.page\/hr\/wp-json\/wp\/v2\/media\/5940886"}],"wp:attachment":[{"href":"https:\/\/stoic-curie.212-227-153-4.plesk.page\/hr\/wp-json\/wp\/v2\/media?parent=741254"}],"wp:term":[{"taxonomy":"product_brand","embeddable":true,"href":"https:\/\/stoic-curie.212-227-153-4.plesk.page\/hr\/wp-json\/wp\/v2\/product_brand?post=741254"},{"taxonomy":"product_cat","embeddable":true,"href":"https:\/\/stoic-curie.212-227-153-4.plesk.page\/hr\/wp-json\/wp\/v2\/product_cat?post=741254"},{"taxonomy":"product_tag","embeddable":true,"href":"https:\/\/stoic-curie.212-227-153-4.plesk.page\/hr\/wp-json\/wp\/v2\/product_tag?post=741254"}],"curies":[{"name":"wp","href":"https:\/\/api.w.org\/{rel}","templated":true}]}}