{"id":741257,"date":"2025-03-03T18:13:19","date_gmt":"2025-03-03T17:13:19","guid":{"rendered":"https:\/\/stoic-curie.212-227-153-4.plesk.page\/producto\/fendress-navlake-za-vanbrodske-motore-siva-60-x-50-x-50-cm\/"},"modified":"2026-02-25T00:00:52","modified_gmt":"2026-02-25T00:00:52","slug":"fendress-navlake-za-vanbrodske-motore-siva-60-x-50-x-50-cm","status":"publish","type":"product","link":"https:\/\/stoic-curie.212-227-153-4.plesk.page\/hr\/product\/fendress-navlake-za-vanbrodske-motore-siva-60-x-50-x-50-cm\/","title":{"rendered":"Fendress navlake za vanbrodske motore, siva, 60 x 50 x 50 cm"},"content":{"rendered":"<p>Fendress navlake za vanbrodske motore, siva, 60 x 50 x 50 cm &#8211; <\/p>\n<p>Premium kvalitetne navlake za vanbrodske motore, izra\u0111ene od istog materijala koji se koristi za mekane i \u010dvrste Fendress za\u0161tite. \u0160titi od abradske potro\u0161nje, vremenskih uvjeta, udaraca, ogrebotina, UV zraka i mo\u017ee se \u010dak ostaviti na vanbrodskom motoru tijekom plovidbe. Fenboard navlake su izra\u0111ene od prozra\u010dnog materijala (ne stvaraju kondenzaciju) i ne blijede. Mogu se prati u perilici i brzo se su\u0161e. S Fendboard navlakom va\u0161 vanbrodski motor \u0107e du\u017ee ostati kao nov.<\/p>\n","protected":false},"excerpt":{"rendered":"<p>Fendress navlake za vanbrodske motore, siva, 60 x 50 x 50 cm &#8211; Premium kvalitetne navlake za vanbrodske motore, izra\u0111ene<\/p>\n","protected":false},"featured_media":5936878,"comment_status":"open","ping_status":"closed","template":"","meta":[],"product_brand":[2936],"product_cat":[1683,1827],"product_tag":[],"class_list":{"0":"post-741257","1":"product","2":"type-product","3":"status-publish","4":"has-post-thumbnail","6":"product_brand-fendress-hr","7":"product_cat-cerade","8":"product_cat-dodatna-oprema-za-vanbrodske-motore","10":"first","11":"instock","12":"shipping-taxable","13":"purchasable","14":"product-type-simple"},"_links":{"self":[{"href":"https:\/\/stoic-curie.212-227-153-4.plesk.page\/hr\/wp-json\/wp\/v2\/product\/741257","targetHints":{"allow":["GET"]}}],"collection":[{"href":"https:\/\/stoic-curie.212-227-153-4.plesk.page\/hr\/wp-json\/wp\/v2\/product"}],"about":[{"href":"https:\/\/stoic-curie.212-227-153-4.plesk.page\/hr\/wp-json\/wp\/v2\/types\/product"}],"replies":[{"embeddable":true,"href":"https:\/\/stoic-curie.212-227-153-4.plesk.page\/hr\/wp-json\/wp\/v2\/comments?post=741257"}],"version-history":[{"count":0,"href":"https:\/\/stoic-curie.212-227-153-4.plesk.page\/hr\/wp-json\/wp\/v2\/product\/741257\/revisions"}],"wp:featuredmedia":[{"embeddable":true,"href":"https:\/\/stoic-curie.212-227-153-4.plesk.page\/hr\/wp-json\/wp\/v2\/media\/5936878"}],"wp:attachment":[{"href":"https:\/\/stoic-curie.212-227-153-4.plesk.page\/hr\/wp-json\/wp\/v2\/media?parent=741257"}],"wp:term":[{"taxonomy":"product_brand","embeddable":true,"href":"https:\/\/stoic-curie.212-227-153-4.plesk.page\/hr\/wp-json\/wp\/v2\/product_brand?post=741257"},{"taxonomy":"product_cat","embeddable":true,"href":"https:\/\/stoic-curie.212-227-153-4.plesk.page\/hr\/wp-json\/wp\/v2\/product_cat?post=741257"},{"taxonomy":"product_tag","embeddable":true,"href":"https:\/\/stoic-curie.212-227-153-4.plesk.page\/hr\/wp-json\/wp\/v2\/product_tag?post=741257"}],"curies":[{"name":"wp","href":"https:\/\/api.w.org\/{rel}","templated":true}]}}