{"id":741260,"date":"2025-03-03T18:13:19","date_gmt":"2025-03-03T17:13:19","guid":{"rendered":"https:\/\/stoic-curie.212-227-153-4.plesk.page\/producto\/kombinirana-slavina-i-tus-s-crijevom-od-16-metara\/"},"modified":"2026-02-25T00:00:52","modified_gmt":"2026-02-25T00:00:52","slug":"kombinirana-slavina-i-tus-s-crijevom-od-16-metara","status":"publish","type":"product","link":"https:\/\/stoic-curie.212-227-153-4.plesk.page\/hr\/product\/kombinirana-slavina-i-tus-s-crijevom-od-16-metara\/","title":{"rendered":"Kombinirana slavina i tu\u0161 s crijevom od 1,6 metara"},"content":{"rendered":"<p>Kombinirana slavina i tu\u0161 s crijevom od 1,6 metara &#8211; <\/p>\n<p>Sudoper s okretnom izljevom i izvu\u010divom tu\u0161em. Fleksibilna crijevo od 1,6 m.<\/p>\n","protected":false},"excerpt":{"rendered":"<p>Kombinirana slavina i tu\u0161 s crijevom od 1,6 metara &#8211; Sudoper s okretnom izljevom i izvu\u010divom tu\u0161em. Fleksibilna crijevo od<\/p>\n","protected":false},"featured_media":5941024,"comment_status":"open","ping_status":"closed","template":"","meta":[],"product_brand":[3201],"product_cat":[1676,1652],"product_tag":[],"class_list":{"0":"post-741260","1":"product","2":"type-product","3":"status-publish","4":"has-post-thumbnail","6":"product_brand-nobili-hr","7":"product_cat-brodske-slavine","8":"product_cat-brodski-tusevi","10":"first","11":"instock","12":"shipping-taxable","13":"purchasable","14":"product-type-simple"},"_links":{"self":[{"href":"https:\/\/stoic-curie.212-227-153-4.plesk.page\/hr\/wp-json\/wp\/v2\/product\/741260","targetHints":{"allow":["GET"]}}],"collection":[{"href":"https:\/\/stoic-curie.212-227-153-4.plesk.page\/hr\/wp-json\/wp\/v2\/product"}],"about":[{"href":"https:\/\/stoic-curie.212-227-153-4.plesk.page\/hr\/wp-json\/wp\/v2\/types\/product"}],"replies":[{"embeddable":true,"href":"https:\/\/stoic-curie.212-227-153-4.plesk.page\/hr\/wp-json\/wp\/v2\/comments?post=741260"}],"version-history":[{"count":0,"href":"https:\/\/stoic-curie.212-227-153-4.plesk.page\/hr\/wp-json\/wp\/v2\/product\/741260\/revisions"}],"wp:featuredmedia":[{"embeddable":true,"href":"https:\/\/stoic-curie.212-227-153-4.plesk.page\/hr\/wp-json\/wp\/v2\/media\/5941024"}],"wp:attachment":[{"href":"https:\/\/stoic-curie.212-227-153-4.plesk.page\/hr\/wp-json\/wp\/v2\/media?parent=741260"}],"wp:term":[{"taxonomy":"product_brand","embeddable":true,"href":"https:\/\/stoic-curie.212-227-153-4.plesk.page\/hr\/wp-json\/wp\/v2\/product_brand?post=741260"},{"taxonomy":"product_cat","embeddable":true,"href":"https:\/\/stoic-curie.212-227-153-4.plesk.page\/hr\/wp-json\/wp\/v2\/product_cat?post=741260"},{"taxonomy":"product_tag","embeddable":true,"href":"https:\/\/stoic-curie.212-227-153-4.plesk.page\/hr\/wp-json\/wp\/v2\/product_tag?post=741260"}],"curies":[{"name":"wp","href":"https:\/\/api.w.org\/{rel}","templated":true}]}}