{"id":741261,"date":"2025-03-03T18:13:20","date_gmt":"2025-03-03T17:13:20","guid":{"rendered":"https:\/\/stoic-curie.212-227-153-4.plesk.page\/producto\/mjesalica-s-tusem-h141mm\/"},"modified":"2026-02-25T00:00:52","modified_gmt":"2026-02-25T00:00:52","slug":"mjesalica-s-tusem-h141mm","status":"publish","type":"product","link":"https:\/\/stoic-curie.212-227-153-4.plesk.page\/hr\/product\/mjesalica-s-tusem-h141mm\/","title":{"rendered":"Mje\u0161alica s tu\u0161em H141mm"},"content":{"rendered":"<p>Mje\u0161alica s tu\u0161em H141mm &#8211; <\/p>\n<p>Vrtljivi mije\u0161alac sudopera s izvla\u010dnom tu\u0161em i funkcijom zatvaranja. Dolazi s fleksibilnom crijevom od 1,6 m i svim potrebnim priborom.<\/p>\n","protected":false},"excerpt":{"rendered":"<p>Mje\u0161alica s tu\u0161em H141mm &#8211; Vrtljivi mije\u0161alac sudopera s izvla\u010dnom tu\u0161em i funkcijom zatvaranja. Dolazi s fleksibilnom crijevom od 1,6<\/p>\n","protected":false},"featured_media":5941025,"comment_status":"open","ping_status":"closed","template":"","meta":[],"product_brand":[3201],"product_cat":[1676,1652],"product_tag":[],"class_list":{"0":"post-741261","1":"product","2":"type-product","3":"status-publish","4":"has-post-thumbnail","6":"product_brand-nobili-hr","7":"product_cat-brodske-slavine","8":"product_cat-brodski-tusevi","10":"first","11":"instock","12":"shipping-taxable","13":"purchasable","14":"product-type-simple"},"_links":{"self":[{"href":"https:\/\/stoic-curie.212-227-153-4.plesk.page\/hr\/wp-json\/wp\/v2\/product\/741261","targetHints":{"allow":["GET"]}}],"collection":[{"href":"https:\/\/stoic-curie.212-227-153-4.plesk.page\/hr\/wp-json\/wp\/v2\/product"}],"about":[{"href":"https:\/\/stoic-curie.212-227-153-4.plesk.page\/hr\/wp-json\/wp\/v2\/types\/product"}],"replies":[{"embeddable":true,"href":"https:\/\/stoic-curie.212-227-153-4.plesk.page\/hr\/wp-json\/wp\/v2\/comments?post=741261"}],"version-history":[{"count":0,"href":"https:\/\/stoic-curie.212-227-153-4.plesk.page\/hr\/wp-json\/wp\/v2\/product\/741261\/revisions"}],"wp:featuredmedia":[{"embeddable":true,"href":"https:\/\/stoic-curie.212-227-153-4.plesk.page\/hr\/wp-json\/wp\/v2\/media\/5941025"}],"wp:attachment":[{"href":"https:\/\/stoic-curie.212-227-153-4.plesk.page\/hr\/wp-json\/wp\/v2\/media?parent=741261"}],"wp:term":[{"taxonomy":"product_brand","embeddable":true,"href":"https:\/\/stoic-curie.212-227-153-4.plesk.page\/hr\/wp-json\/wp\/v2\/product_brand?post=741261"},{"taxonomy":"product_cat","embeddable":true,"href":"https:\/\/stoic-curie.212-227-153-4.plesk.page\/hr\/wp-json\/wp\/v2\/product_cat?post=741261"},{"taxonomy":"product_tag","embeddable":true,"href":"https:\/\/stoic-curie.212-227-153-4.plesk.page\/hr\/wp-json\/wp\/v2\/product_tag?post=741261"}],"curies":[{"name":"wp","href":"https:\/\/api.w.org\/{rel}","templated":true}]}}