{"id":741262,"date":"2025-03-03T18:13:20","date_gmt":"2025-03-03T17:13:20","guid":{"rendered":"https:\/\/stoic-curie.212-227-153-4.plesk.page\/producto\/mjesalica-za-tuseve-h109-mm\/"},"modified":"2026-02-25T00:00:52","modified_gmt":"2026-02-25T00:00:52","slug":"mjesalica-za-tuseve-h109-mm","status":"publish","type":"product","link":"https:\/\/stoic-curie.212-227-153-4.plesk.page\/hr\/product\/mjesalica-za-tuseve-h109-mm\/","title":{"rendered":"Mje\u0161alica za tu\u0161eve H109 mm"},"content":{"rendered":"<p>Mje\u0161alica za tu\u0161eve H109 mm &#8211; <\/p>\n<p>Mije\u0161alica s fleksibilnom priklju\u010dkom za tu\u0161. Mo\u017ee se dopuniti crijevom i tu\u0161em.<\/p>\n","protected":false},"excerpt":{"rendered":"<p>Mje\u0161alica za tu\u0161eve H109 mm &#8211; Mije\u0161alica s fleksibilnom priklju\u010dkom za tu\u0161. Mo\u017ee se dopuniti crijevom i tu\u0161em.<\/p>\n","protected":false},"featured_media":5941026,"comment_status":"open","ping_status":"closed","template":"","meta":[],"product_brand":[3201],"product_cat":[1652],"product_tag":[],"class_list":{"0":"post-741262","1":"product","2":"type-product","3":"status-publish","4":"has-post-thumbnail","6":"product_brand-nobili-hr","7":"product_cat-brodski-tusevi","9":"first","10":"instock","11":"shipping-taxable","12":"purchasable","13":"product-type-simple"},"_links":{"self":[{"href":"https:\/\/stoic-curie.212-227-153-4.plesk.page\/hr\/wp-json\/wp\/v2\/product\/741262","targetHints":{"allow":["GET"]}}],"collection":[{"href":"https:\/\/stoic-curie.212-227-153-4.plesk.page\/hr\/wp-json\/wp\/v2\/product"}],"about":[{"href":"https:\/\/stoic-curie.212-227-153-4.plesk.page\/hr\/wp-json\/wp\/v2\/types\/product"}],"replies":[{"embeddable":true,"href":"https:\/\/stoic-curie.212-227-153-4.plesk.page\/hr\/wp-json\/wp\/v2\/comments?post=741262"}],"version-history":[{"count":0,"href":"https:\/\/stoic-curie.212-227-153-4.plesk.page\/hr\/wp-json\/wp\/v2\/product\/741262\/revisions"}],"wp:featuredmedia":[{"embeddable":true,"href":"https:\/\/stoic-curie.212-227-153-4.plesk.page\/hr\/wp-json\/wp\/v2\/media\/5941026"}],"wp:attachment":[{"href":"https:\/\/stoic-curie.212-227-153-4.plesk.page\/hr\/wp-json\/wp\/v2\/media?parent=741262"}],"wp:term":[{"taxonomy":"product_brand","embeddable":true,"href":"https:\/\/stoic-curie.212-227-153-4.plesk.page\/hr\/wp-json\/wp\/v2\/product_brand?post=741262"},{"taxonomy":"product_cat","embeddable":true,"href":"https:\/\/stoic-curie.212-227-153-4.plesk.page\/hr\/wp-json\/wp\/v2\/product_cat?post=741262"},{"taxonomy":"product_tag","embeddable":true,"href":"https:\/\/stoic-curie.212-227-153-4.plesk.page\/hr\/wp-json\/wp\/v2\/product_tag?post=741262"}],"curies":[{"name":"wp","href":"https:\/\/api.w.org\/{rel}","templated":true}]}}