{"id":741263,"date":"2025-03-03T18:13:20","date_gmt":"2025-03-03T17:13:20","guid":{"rendered":"https:\/\/stoic-curie.212-227-153-4.plesk.page\/producto\/postolje-sjedala-podesivo-s-plinskim-dizanjem-mod-ocean-h460-635-mm-baza-300-mm\/"},"modified":"2026-02-25T00:00:52","modified_gmt":"2026-02-25T00:00:52","slug":"postolje-sjedala-podesivo-s-plinskim-dizanjem-mod-ocean-h460-635-mm-baza-300-mm","status":"publish","type":"product","link":"https:\/\/stoic-curie.212-227-153-4.plesk.page\/hr\/product\/postolje-sjedala-podesivo-s-plinskim-dizanjem-mod-ocean-h460-635-mm-baza-300-mm\/","title":{"rendered":"Postolje sjedala podesivo, s plinskim dizanjem, mod Ocean H460 \/ 635 mm, baza 300 mm"},"content":{"rendered":"<p>Postolje sjedala podesivo, s plinskim dizanjem, mod Ocean H460 \/ 635 mm, baza 300 mm &#8211; <\/p>\n<p>Eloksirani aluminijski morski nosa\u010d sjedala napajanja zrakom s plinskim pode\u0161avanjem visine. Rotiraju\u0107i monta\u017eni vrh i sustav klizanja. Elegantna i vrlo \u010dvrsta univerzalna monta\u017ea za sve sjedala.<\/p>\n","protected":false},"excerpt":{"rendered":"<p>Postolje sjedala podesivo, s plinskim dizanjem, mod Ocean H460 \/ 635 mm, baza 300 mm &#8211; Eloksirani aluminijski morski nosa\u010d<\/p>\n","protected":false},"featured_media":5941027,"comment_status":"open","ping_status":"closed","template":"","meta":[],"product_brand":[2966],"product_cat":[1678,1698],"product_tag":[],"class_list":{"0":"post-741263","1":"product","2":"type-product","3":"status-publish","4":"has-post-thumbnail","6":"product_brand-garelick-hr","7":"product_cat-brodska-sjedala","8":"product_cat-stalci-za-sjedala","10":"first","11":"instock","12":"shipping-taxable","13":"purchasable","14":"product-type-simple"},"_links":{"self":[{"href":"https:\/\/stoic-curie.212-227-153-4.plesk.page\/hr\/wp-json\/wp\/v2\/product\/741263","targetHints":{"allow":["GET"]}}],"collection":[{"href":"https:\/\/stoic-curie.212-227-153-4.plesk.page\/hr\/wp-json\/wp\/v2\/product"}],"about":[{"href":"https:\/\/stoic-curie.212-227-153-4.plesk.page\/hr\/wp-json\/wp\/v2\/types\/product"}],"replies":[{"embeddable":true,"href":"https:\/\/stoic-curie.212-227-153-4.plesk.page\/hr\/wp-json\/wp\/v2\/comments?post=741263"}],"version-history":[{"count":0,"href":"https:\/\/stoic-curie.212-227-153-4.plesk.page\/hr\/wp-json\/wp\/v2\/product\/741263\/revisions"}],"wp:featuredmedia":[{"embeddable":true,"href":"https:\/\/stoic-curie.212-227-153-4.plesk.page\/hr\/wp-json\/wp\/v2\/media\/5941027"}],"wp:attachment":[{"href":"https:\/\/stoic-curie.212-227-153-4.plesk.page\/hr\/wp-json\/wp\/v2\/media?parent=741263"}],"wp:term":[{"taxonomy":"product_brand","embeddable":true,"href":"https:\/\/stoic-curie.212-227-153-4.plesk.page\/hr\/wp-json\/wp\/v2\/product_brand?post=741263"},{"taxonomy":"product_cat","embeddable":true,"href":"https:\/\/stoic-curie.212-227-153-4.plesk.page\/hr\/wp-json\/wp\/v2\/product_cat?post=741263"},{"taxonomy":"product_tag","embeddable":true,"href":"https:\/\/stoic-curie.212-227-153-4.plesk.page\/hr\/wp-json\/wp\/v2\/product_tag?post=741263"}],"curies":[{"name":"wp","href":"https:\/\/api.w.org\/{rel}","templated":true}]}}