{"id":741267,"date":"2025-03-03T18:13:21","date_gmt":"2025-03-03T17:13:21","guid":{"rendered":"https:\/\/stoic-curie.212-227-153-4.plesk.page\/producto\/spremnik-za-vodu-can-sb-160lt-lijevo\/"},"modified":"2026-02-25T00:00:52","modified_gmt":"2026-02-25T00:00:52","slug":"spremnik-za-vodu-can-sb-160lt-lijevo","status":"publish","type":"product","link":"https:\/\/stoic-curie.212-227-153-4.plesk.page\/hr\/product\/spremnik-za-vodu-can-sb-160lt-lijevo\/","title":{"rendered":"Spremnik za vodu CAN-SB 160lt (lijevo)"},"content":{"rendered":"<p>Spremnik za vodu CAN-SB 160lt (lijevo) &#8211; <\/p>\n<p>Sa zadovoljstvom predstavljamo vodeni rezervoar CAN-SB 160l (LJEVO). Ovaj prilagodljivi rezervoar savr\u0161en je za pohranu kako \u010diste, tako i sive vode. Opremljen je sli\u010dnim otvorom, cijevi za umakanje i priklju\u010dkom za crijevo od 38 mm. Izra\u0111en od polietilena visoke gusto\u0107e, ovaj rezervoar pogodan je za pohranu \u010diste vode, slane vode, sive vode i crne vode. Polietilen je lagan i netoksi\u010dan materijal prepoznat po svojoj izdr\u017eljivosti i sposobnosti da izdr\u017ei mehani\u010dke i kemijske stresove.<\/p>\n<p>Nasi rezervoari od polietilena visoke gusto\u0107e posebno su dizajnirani za pitku vodu, skladi\u0161tenje hrane i prikupljanje ki\u0161nice ili otpadne vode. Izra\u0111eni od sigurnog, netoksi\u010dnog linearno polietilena, ovi rezervoari ispunjavaju sve va\u017ee\u0107e propise i standarde. Tehnika rotacijskog oblikovanja, zajedno s polietilenom visoke gusto\u0107e, pru\u017ea izvanrednu otpornost na udarce i \u0161titi od kemijskih utjecaja, osiguravaju\u0107i njihovu dugovje\u010dnost u ekstremnim temperaturama, te\u0161kim vremenskim uvjetima i UV zra\u010denju.<\/p>\n","protected":false},"excerpt":{"rendered":"<p>Spremnik za vodu CAN-SB 160lt (lijevo) &#8211; Sa zadovoljstvom predstavljamo vodeni rezervoar CAN-SB 160l (LJEVO). Ovaj prilagodljivi rezervoar savr\u0161en je<\/p>\n","protected":false},"featured_media":5941044,"comment_status":"open","ping_status":"closed","template":"","meta":[],"product_brand":[2856],"product_cat":[1664],"product_tag":[],"class_list":{"0":"post-741267","1":"product","2":"type-product","3":"status-publish","4":"has-post-thumbnail","6":"product_brand-can-marine-hr","7":"product_cat-spremnici-za-vodu","9":"first","10":"instock","11":"shipping-taxable","12":"purchasable","13":"product-type-simple"},"_links":{"self":[{"href":"https:\/\/stoic-curie.212-227-153-4.plesk.page\/hr\/wp-json\/wp\/v2\/product\/741267","targetHints":{"allow":["GET"]}}],"collection":[{"href":"https:\/\/stoic-curie.212-227-153-4.plesk.page\/hr\/wp-json\/wp\/v2\/product"}],"about":[{"href":"https:\/\/stoic-curie.212-227-153-4.plesk.page\/hr\/wp-json\/wp\/v2\/types\/product"}],"replies":[{"embeddable":true,"href":"https:\/\/stoic-curie.212-227-153-4.plesk.page\/hr\/wp-json\/wp\/v2\/comments?post=741267"}],"version-history":[{"count":0,"href":"https:\/\/stoic-curie.212-227-153-4.plesk.page\/hr\/wp-json\/wp\/v2\/product\/741267\/revisions"}],"wp:featuredmedia":[{"embeddable":true,"href":"https:\/\/stoic-curie.212-227-153-4.plesk.page\/hr\/wp-json\/wp\/v2\/media\/5941044"}],"wp:attachment":[{"href":"https:\/\/stoic-curie.212-227-153-4.plesk.page\/hr\/wp-json\/wp\/v2\/media?parent=741267"}],"wp:term":[{"taxonomy":"product_brand","embeddable":true,"href":"https:\/\/stoic-curie.212-227-153-4.plesk.page\/hr\/wp-json\/wp\/v2\/product_brand?post=741267"},{"taxonomy":"product_cat","embeddable":true,"href":"https:\/\/stoic-curie.212-227-153-4.plesk.page\/hr\/wp-json\/wp\/v2\/product_cat?post=741267"},{"taxonomy":"product_tag","embeddable":true,"href":"https:\/\/stoic-curie.212-227-153-4.plesk.page\/hr\/wp-json\/wp\/v2\/product_tag?post=741267"}],"curies":[{"name":"wp","href":"https:\/\/api.w.org\/{rel}","templated":true}]}}