{"id":741269,"date":"2025-03-03T18:13:21","date_gmt":"2025-03-03T17:13:21","guid":{"rendered":"https:\/\/stoic-curie.212-227-153-4.plesk.page\/producto\/automatska-kaljuzna-pumpa-ocean-laguna-1100-gph-12v\/"},"modified":"2026-02-25T00:00:52","modified_gmt":"2026-02-25T00:00:52","slug":"automatska-kaljuzna-pumpa-ocean-laguna-1100-gph-12v","status":"publish","type":"product","link":"https:\/\/stoic-curie.212-227-153-4.plesk.page\/hr\/product\/automatska-kaljuzna-pumpa-ocean-laguna-1100-gph-12v\/","title":{"rendered":"Automatska kalju\u017ena pumpa Ocean laguna 1100 GPH 12V"},"content":{"rendered":"<p>Automatska kalju\u017ena pumpa Ocean laguna 1100 GPH 12V &#8211; <\/p>\n<p>Automatska pumpa za vodu Ocean Laguna, aktivira se automatski kada se voda otkrije u brodskoj ba\u010dvi. Motor hla\u0111en vodom za ve\u0107u izdr\u017eljivost. Osnova filtra se mo\u017ee otvoriti radi lak\u0161eg \u010di\u0161\u0107enja.<\/p>\n","protected":false},"excerpt":{"rendered":"<p>Automatska kalju\u017ena pumpa Ocean laguna 1100 GPH 12V &#8211; Automatska pumpa za vodu Ocean Laguna, aktivira se automatski kada se<\/p>\n","protected":false},"featured_media":5941051,"comment_status":"open","ping_status":"closed","template":"","meta":[],"product_brand":[3141],"product_cat":[1659],"product_tag":[],"class_list":{"0":"post-741269","1":"product","2":"type-product","3":"status-publish","4":"has-post-thumbnail","6":"product_brand-matromarine-hr","7":"product_cat-elektricne-kaljuzne-pumpe","9":"first","10":"instock","11":"shipping-taxable","12":"purchasable","13":"product-type-simple"},"_links":{"self":[{"href":"https:\/\/stoic-curie.212-227-153-4.plesk.page\/hr\/wp-json\/wp\/v2\/product\/741269","targetHints":{"allow":["GET"]}}],"collection":[{"href":"https:\/\/stoic-curie.212-227-153-4.plesk.page\/hr\/wp-json\/wp\/v2\/product"}],"about":[{"href":"https:\/\/stoic-curie.212-227-153-4.plesk.page\/hr\/wp-json\/wp\/v2\/types\/product"}],"replies":[{"embeddable":true,"href":"https:\/\/stoic-curie.212-227-153-4.plesk.page\/hr\/wp-json\/wp\/v2\/comments?post=741269"}],"version-history":[{"count":0,"href":"https:\/\/stoic-curie.212-227-153-4.plesk.page\/hr\/wp-json\/wp\/v2\/product\/741269\/revisions"}],"wp:featuredmedia":[{"embeddable":true,"href":"https:\/\/stoic-curie.212-227-153-4.plesk.page\/hr\/wp-json\/wp\/v2\/media\/5941051"}],"wp:attachment":[{"href":"https:\/\/stoic-curie.212-227-153-4.plesk.page\/hr\/wp-json\/wp\/v2\/media?parent=741269"}],"wp:term":[{"taxonomy":"product_brand","embeddable":true,"href":"https:\/\/stoic-curie.212-227-153-4.plesk.page\/hr\/wp-json\/wp\/v2\/product_brand?post=741269"},{"taxonomy":"product_cat","embeddable":true,"href":"https:\/\/stoic-curie.212-227-153-4.plesk.page\/hr\/wp-json\/wp\/v2\/product_cat?post=741269"},{"taxonomy":"product_tag","embeddable":true,"href":"https:\/\/stoic-curie.212-227-153-4.plesk.page\/hr\/wp-json\/wp\/v2\/product_tag?post=741269"}],"curies":[{"name":"wp","href":"https:\/\/api.w.org\/{rel}","templated":true}]}}