{"id":741270,"date":"2025-03-03T18:13:22","date_gmt":"2025-03-03T17:13:22","guid":{"rendered":"https:\/\/stoic-curie.212-227-153-4.plesk.page\/producto\/visenamjenska-pumpa-marco-up1-n-35-12v\/"},"modified":"2026-02-25T00:00:52","modified_gmt":"2026-02-25T00:00:52","slug":"visenamjenska-pumpa-marco-up1-n-35-12v","status":"publish","type":"product","link":"https:\/\/stoic-curie.212-227-153-4.plesk.page\/hr\/product\/visenamjenska-pumpa-marco-up1-n-35-12v\/","title":{"rendered":"Vi\u0161enamjenska pumpa Marco Up1-n-35 12V"},"content":{"rendered":"<p>Vi\u0161enamjenska pumpa Marco Up1-n-35 12V &#8211; <\/p>\n<p>Marco UP1 Nitrilni impeler i kromirana mjedi\u010dkog glava samousisne pumpe. Vodootporno ku\u0107i\u0161te i vodonepropusni brtva. Za slatku vodu, slanu vodu i pumpe za balast.<\/p>\n","protected":false},"excerpt":{"rendered":"<p>Vi\u0161enamjenska pumpa Marco Up1-n-35 12V &#8211; Marco UP1 Nitrilni impeler i kromirana mjedi\u010dkog glava samousisne pumpe. Vodootporno ku\u0107i\u0161te i vodonepropusni<\/p>\n","protected":false},"featured_media":5941054,"comment_status":"open","ping_status":"closed","template":"","meta":[],"product_brand":[3096],"product_cat":[1671,1659],"product_tag":[],"class_list":{"0":"post-741270","1":"product","2":"type-product","3":"status-publish","4":"has-post-thumbnail","6":"product_brand-marco-hr","7":"product_cat-cirkulacijske-crpke","8":"product_cat-elektricne-kaljuzne-pumpe","10":"first","11":"instock","12":"shipping-taxable","13":"purchasable","14":"product-type-simple"},"_links":{"self":[{"href":"https:\/\/stoic-curie.212-227-153-4.plesk.page\/hr\/wp-json\/wp\/v2\/product\/741270","targetHints":{"allow":["GET"]}}],"collection":[{"href":"https:\/\/stoic-curie.212-227-153-4.plesk.page\/hr\/wp-json\/wp\/v2\/product"}],"about":[{"href":"https:\/\/stoic-curie.212-227-153-4.plesk.page\/hr\/wp-json\/wp\/v2\/types\/product"}],"replies":[{"embeddable":true,"href":"https:\/\/stoic-curie.212-227-153-4.plesk.page\/hr\/wp-json\/wp\/v2\/comments?post=741270"}],"version-history":[{"count":0,"href":"https:\/\/stoic-curie.212-227-153-4.plesk.page\/hr\/wp-json\/wp\/v2\/product\/741270\/revisions"}],"wp:featuredmedia":[{"embeddable":true,"href":"https:\/\/stoic-curie.212-227-153-4.plesk.page\/hr\/wp-json\/wp\/v2\/media\/5941054"}],"wp:attachment":[{"href":"https:\/\/stoic-curie.212-227-153-4.plesk.page\/hr\/wp-json\/wp\/v2\/media?parent=741270"}],"wp:term":[{"taxonomy":"product_brand","embeddable":true,"href":"https:\/\/stoic-curie.212-227-153-4.plesk.page\/hr\/wp-json\/wp\/v2\/product_brand?post=741270"},{"taxonomy":"product_cat","embeddable":true,"href":"https:\/\/stoic-curie.212-227-153-4.plesk.page\/hr\/wp-json\/wp\/v2\/product_cat?post=741270"},{"taxonomy":"product_tag","embeddable":true,"href":"https:\/\/stoic-curie.212-227-153-4.plesk.page\/hr\/wp-json\/wp\/v2\/product_tag?post=741270"}],"curies":[{"name":"wp","href":"https:\/\/api.w.org\/{rel}","templated":true}]}}